{"id":179,"date":"2017-04-27T08:43:26","date_gmt":"2017-04-27T08:43:26","guid":{"rendered":"http:\/\/biscotteslitteraires.com\/2021\/?page_id=179"},"modified":"2021-08-26T21:47:37","modified_gmt":"2021-08-26T21:47:37","slug":"interview","status":"publish","type":"page","link":"https:\/\/biscotteslitteraires.com\/2021\/interview\/","title":{"rendered":"Interviews"},"content":{"rendered":"\t\t<div data-elementor-type=\"wp-page\" data-elementor-id=\"179\" class=\"elementor elementor-179\" data-elementor-settings=\"[]\">\n\t\t\t\t\t\t<div class=\"elementor-inner\">\n\t\t\t\t\t\t\t<div class=\"elementor-section-wrap\">\n\t\t\t\t\t\t\t<section class=\"elementor-section elementor-top-section elementor-element elementor-element-a1eec12 elementor-section-boxed elementor-section-height-default elementor-section-height-default\" data-id=\"a1eec12\" data-element_type=\"section\" id=\"post_header\">\n\t\t\t\t\t\t<div class=\"elementor-container elementor-column-gap-default\">\n\t\t\t\t\t\t\t<div class=\"elementor-row\">\n\t\t\t\t\t<div class=\"elementor-column elementor-col-100 elementor-top-column elementor-element elementor-element-39523ba\" data-id=\"39523ba\" data-element_type=\"column\">\n\t\t\t<div class=\"elementor-column-wrap elementor-element-populated\">\n\t\t\t\t\t\t\t<div class=\"elementor-widget-wrap\">\n\t\t\t\t\t\t<div class=\"elementor-element elementor-element-fd0960d elementor-widget elementor-widget-text-editor\" data-id=\"fd0960d\" data-element_type=\"widget\" data-widget_type=\"text-editor.default\">\n\t\t\t\t<div class=\"elementor-widget-container\">\n\t\t\t\t\t\t\t\t<div class=\"elementor-text-editor elementor-clearfix\">\n\t\t\t\t<h1 style=\"text-align: center;\">Interviews<\/h1><p style=\"text-align: center;\">Nous recevons dans cette rubrique les auteurs d&rsquo;ici et d&rsquo;ailleurs. Qu&rsquo;ils soient b\u00e9ninois, s\u00e9n\u00e9galais, ou fran\u00e7ais, les \u00e9crivains que nous questionnons se pr\u00eatent ici volontiers au jeu et permettent \u00e0 nos lecteurs de d\u00e9couvrir d&rsquo;avantage leurs \u0153uvres, leurs personnalit\u00e9s et bien d&rsquo;autres.<\/p>\t\t\t\t\t<\/div>\n\t\t\t\t\t\t<\/div>\n\t\t\t\t<\/div>\n\t\t\t\t\t\t<\/div>\n\t\t\t\t\t<\/div>\n\t\t<\/div>\n\t\t\t\t\t\t\t\t<\/div>\n\t\t\t\t\t<\/div>\n\t\t<\/section>\n\t\t\t\t<section class=\"elementor-section elementor-top-section elementor-element elementor-element-930b7dd elementor-section-boxed elementor-section-height-default elementor-section-height-default\" data-id=\"930b7dd\" data-element_type=\"section\">\n\t\t\t\t\t\t<div class=\"elementor-container elementor-column-gap-default\">\n\t\t\t\t\t\t\t<div class=\"elementor-row\">\n\t\t\t\t\t<div class=\"elementor-column elementor-col-100 elementor-top-column elementor-element elementor-element-4907613\" data-id=\"4907613\" data-element_type=\"column\">\n\t\t\t<div class=\"elementor-column-wrap elementor-element-populated\">\n\t\t\t\t\t\t\t<div class=\"elementor-widget-wrap\">\n\t\t\t\t\t\t<div class=\"elementor-element elementor-element-3cd6ed7 elementor-widget elementor-widget-text-editor\" data-id=\"3cd6ed7\" data-element_type=\"widget\" data-widget_type=\"text-editor.default\">\n\t\t\t\t<div class=\"elementor-widget-container\">\n\t\t\t\t\t\t\t\t<div class=\"elementor-text-editor elementor-clearfix\">\n\t\t\t\t<style type=\"text\/css\">#post-grid-5851 .element_0{display: block;font-size: 21px;line-height: normal;padding: 5px 10px;text-align: center;}#post-grid-5851 .element_1{display: block;font-size: 12px;padding: 5px 10px;text-align: center;}#post-grid-5851 .element_2{display: block;font-size: 12px;font-weight: bold;padding: 0 10px;text-align: center;}#post-grid-5851 .element_0:hover{}#post-grid-5851 .element_1:hover{}#post-grid-5851 .element_2:hover{}#post-grid-5851 .item{\n\t\t\tbackground:#fff;\n\t\n\t\t\t}<\/style><style type=\"text\/css\">\/*Write your CSS code here*\/<\/style><style type=\"text\/css\">#post-grid-5851 {\n\t\t\tpadding:10px;\n\t\t\tbackground: #fff url() repeat scroll 0 0;\n\t\t}#post-grid-5851 .item .layer-media{overflow: hidden;\n\t\t}@media only screen and (min-width: 1024px ) {#post-grid-5851 .item .layer-media{max-height:206px;}}\n\t\t\n\t\t@media only screen and ( min-width: 768px ) and ( max-width: 1023px ) {#post-grid-5851 .item .layer-media{height:auto}}\n\t\t\n\t\t@media only screen and ( min-width: 320px ) and ( max-width: 767px ) {#post-grid-5851 .item .layer-media{height:auto}}#post-grid-5851 .item{\n\t\tmargin:35px;}@media only screen and (min-width: 1024px ) {#post-grid-5851 .item{height:auto;}}\n\t\n\t@media only screen and ( min-width: 768px ) and ( max-width: 1023px ) {#post-grid-5851 .item{height:auto}}\n\t\n\t@media only screen and ( min-width: 320px ) and ( max-width: 767px ) {#post-grid-5851 .item{height:auto}}\n\t@media only screen and (min-width: 1024px ) {\n\t#post-grid-5851 .item{width:31%}\n\t\n\t}\n\t\n\t@media only screen and ( min-width: 768px ) and ( max-width: 1023px ) {\n\t#post-grid-5851 .item{width:45%}\n\t}\n\t\n\t@media only screen and ( min-width: 320px ) and ( max-width: 767px ) {\n\t#post-grid-5851 .item{width:90%}\n\t}<\/style><div id=\"post-grid-5851\" class=\"post-grid grid\"><div class=\"grid-nav-top\"><\/div><div class=\"grid-items \" id=\"\"><div  class=\"item mix skin even flat interview \"><div class=\"layer-media\"><a href=\"https:\/\/biscotteslitteraires.com\/2021\/interview-avec-jeanne-louise-djanga-litterature-africaine-cameroun\/\"><img alt=\"\" src=\"https:\/\/biscotteslitteraires.com\/2021\/wp-content\/uploads\/2026\/05\/f6b520cc-2466-4102-a48c-4789ba7c34f8-234x300.jpg\" \/><\/a><\/div><div class=\"layer-content\"><div class=\"element element_0 title\"  >Jeanne Louise Djanga, \u00ab Le temps r\u00e9v\u00e8le qui vous \u00eates et ce que vous voulez vraiment faire et devenir \u00bb<\/div><div class=\"element element_1 excerpt\"  >Depuis pr\u00e8s de deux d\u00e9cennies, Jeanne Louise Djanga construit une \u0153uvre litt\u00e9raire riche et vari\u00e9e, allant de la po\u00e9sie aux<\/div><a target=\"\" class=\"element element_2 read_more\"  href=\"https:\/\/biscotteslitteraires.com\/2021\/interview-avec-jeanne-louise-djanga-litterature-africaine-cameroun\/\">Read more.<\/a><\/div><\/div><div  class=\"item mix skin odd flat interview \"><div class=\"layer-media\"><a href=\"https:\/\/biscotteslitteraires.com\/2021\/interview-avec-les-finalistes-du-prix-gbehanzin-2025_megni-houanou-un-voyage-au-coeur-de-lamour-de-lidentite-et-du-patrimoine-africain\/\"><img alt=\"\" src=\"https:\/\/biscotteslitteraires.com\/2021\/wp-content\/uploads\/2025\/10\/megni-houansou-300x300.jpg\" \/><\/a><\/div><div class=\"layer-content\"><div class=\"element element_0 title\"  >Interview avec les finalistes du Prix Gb\u00eahanzin 2025_M\u00e8gni HOUANOU\u00a0: Un voyage au c\u0153ur de l\u2019amour, de l\u2019identit\u00e9 et du patrimoine<\/div><div class=\"element element_1 excerpt\"  >Biscottes Litt\u00e9raires : Bonjour et f\u00e9licitations pour votre s\u00e9lection parmi les finalistes du Prix Gb\u00eahanzin 2025 ! Pour commencer, pourriez-vous<\/div><a target=\"\" class=\"element element_2 read_more\"  href=\"https:\/\/biscotteslitteraires.com\/2021\/interview-avec-les-finalistes-du-prix-gbehanzin-2025_megni-houanou-un-voyage-au-coeur-de-lamour-de-lidentite-et-du-patrimoine-africain\/\">Read more.<\/a><\/div><\/div><div  class=\"item mix skin even flat interview \"><div class=\"layer-media\"><a href=\"https:\/\/biscotteslitteraires.com\/2021\/interview-des-finalistes-du-prix-gbehanzin-2025_ruthe-atiogbe-un-voyage-au-coeur-de-lamour-de-lidentite-et-du-patrimoine-africain\/\"><img alt=\"\" src=\"https:\/\/biscotteslitteraires.com\/2021\/wp-content\/uploads\/2025\/10\/d4e8e25f-c1ff-41b5-9b5d-f4e3cb9c84db-300x300.jpg\" \/><\/a><\/div><div class=\"layer-content\"><div class=\"element element_0 title\"  >Interview des Finalistes du Prix Gb\u00eahanzin 2025_Ruthe ATIOGBE\u00a0: Un voyage au c\u0153ur de l\u2019amour, de l\u2019identit\u00e9 et du patrimoine africain<\/div><div class=\"element element_1 excerpt\"  >Biscottes Litt\u00e9raires&nbsp;: Bonjour et f\u00e9licitations pour votre s\u00e9lection parmi les finalistes du Prix Gb\u00eahanzin 2025 ! Pour commencer, pourriez-vous vous<\/div><a target=\"\" class=\"element element_2 read_more\"  href=\"https:\/\/biscotteslitteraires.com\/2021\/interview-des-finalistes-du-prix-gbehanzin-2025_ruthe-atiogbe-un-voyage-au-coeur-de-lamour-de-lidentite-et-du-patrimoine-africain\/\">Read more.<\/a><\/div><\/div><div  class=\"item mix skin odd flat interview \"><div class=\"layer-media\"><a href=\"https:\/\/biscotteslitteraires.com\/2021\/interview-avec-les-finalistes-du-prix-gbehanzin-becca-un-voyage-au-coeur-de-lamour-de-lidentite-et-du-patrimoine-africain\/\"><img alt=\"\" src=\"https:\/\/biscotteslitteraires.com\/2021\/wp-content\/uploads\/2025\/10\/BECA-300x300.jpg\" \/><\/a><\/div><div class=\"layer-content\"><div class=\"element element_0 title\"  >Interview avec les finalistes du Prix Gb\u00eahanzin \u2014B\u00e9cca :Un voyage au c\u0153ur de l\u2019amour, de l\u2019identit\u00e9 et du patrimoine africain<\/div><div class=\"element element_1 excerpt\"  >Biscottes Litt\u00e9raires&nbsp;: Bonjour et f\u00e9licitations pour votre s\u00e9lection parmi les finalistes du Prix Gb\u00eahanzin&nbsp;2025\u2009! Pour commencer, pourriez-vous vous pr\u00e9senter bri\u00e8vement<\/div><a target=\"\" class=\"element element_2 read_more\"  href=\"https:\/\/biscotteslitteraires.com\/2021\/interview-avec-les-finalistes-du-prix-gbehanzin-becca-un-voyage-au-coeur-de-lamour-de-lidentite-et-du-patrimoine-africain\/\">Read more.<\/a><\/div><\/div><div  class=\"item mix skin even flat interview \"><div class=\"layer-media\"><a href=\"https:\/\/biscotteslitteraires.com\/2021\/%f0%9f%93%9a-interview-avec-les-finalistes-du-prix-gbehanzin-2025atta-auguste-adekounle-a-a-a-un-voyage-au-coeur-de-lamour-de-lidentite-et-du-patrimoine-africain\/\"><img alt=\"\" src=\"https:\/\/biscotteslitteraires.com\/2021\/wp-content\/uploads\/2025\/10\/IMG-20250909-WA0013-300x300.jpg\" \/><\/a><\/div><div class=\"layer-content\"><div class=\"element element_0 title\"  >\ud83d\udcda Interview avec les finalistes du Prix Gb\u00eahanzin 2025:Atta Auguste Ad\u00e9kounl\u00e9 (A.A.A) Un voyage au c\u0153ur de l\u2019amour, de l\u2019identit\u00e9<\/div><div class=\"element element_1 excerpt\"  >&nbsp; BL&nbsp;: Bonjour et f\u00e9licitations pour votre s\u00e9lection parmi les Atta Auguste Ad\u00e9kounl\u00e9 du Prix Gb\u00eahanzin 2025 ! Pour commencer,<\/div><a target=\"\" class=\"element element_2 read_more\"  href=\"https:\/\/biscotteslitteraires.com\/2021\/%f0%9f%93%9a-interview-avec-les-finalistes-du-prix-gbehanzin-2025atta-auguste-adekounle-a-a-a-un-voyage-au-coeur-de-lamour-de-lidentite-et-du-patrimoine-africain\/\">Read more.<\/a><\/div><\/div><div  class=\"item mix skin odd flat interview \"><div class=\"layer-media\"><a href=\"https:\/\/biscotteslitteraires.com\/2021\/%f0%9f%93%9a-interview-avec-les-finalistes-du-prix-gbehanzin-2025-ida-chancelle-amoussou-pour-un-voyage-au-coeur-de-lamour-de-lidentite-et-du-patrimoine-africain\/\"><img alt=\"\" src=\"https:\/\/biscotteslitteraires.com\/2021\/wp-content\/uploads\/2025\/09\/Ida-300x300.jpg\" \/><\/a><\/div><div class=\"layer-content\"><div class=\"element element_0 title\"  >\ud83d\udcda Interview avec les finalistes du Prix Gb\u00eahanzin 2025 : Ida Chancelle Amoussou, pour un voyage au c\u0153ur de l\u2019amour,<\/div><div class=\"element element_1 excerpt\"  >BL : Bonjour et f\u00e9licitations pour votre s\u00e9lection parmi les finalistes du Prix Gb\u00eahanzin 2025 ! Pour commencer, pourriez-vous vous<\/div><a target=\"\" class=\"element element_2 read_more\"  href=\"https:\/\/biscotteslitteraires.com\/2021\/%f0%9f%93%9a-interview-avec-les-finalistes-du-prix-gbehanzin-2025-ida-chancelle-amoussou-pour-un-voyage-au-coeur-de-lamour-de-lidentite-et-du-patrimoine-africain\/\">Read more.<\/a><\/div><\/div><div  class=\"item mix skin even flat interview \"><div class=\"layer-media\"><a href=\"https:\/\/biscotteslitteraires.com\/2021\/interview-avec-jean-pierre-noel-batoum-j-p-n-b\/\"><img alt=\"\" src=\"https:\/\/biscotteslitteraires.com\/2021\/wp-content\/uploads\/2025\/09\/email1758829134038-225x300.jpg\" \/><\/a><\/div><div class=\"layer-content\"><div class=\"element element_0 title\"  >Interview avec Jean-Pierre No\u00ebl Batoum (J-P. N.B)<\/div><div class=\"element element_1 excerpt\"  >Dans Y\u00c0\u00c0NI, Jean-Pierre No\u00ebl Batoum propose une \u00ab&nbsp;po\u00e9tique du Care&nbsp;\u00bb qui refuse la domination, l\u2019effacement et les assignations. Ce recueil,<\/div><a target=\"\" class=\"element element_2 read_more\"  href=\"https:\/\/biscotteslitteraires.com\/2021\/interview-avec-jean-pierre-noel-batoum-j-p-n-b\/\">Read more.<\/a><\/div><\/div><div  class=\"item mix skin odd flat interview \"><div class=\"layer-media\"><a href=\"https:\/\/biscotteslitteraires.com\/2021\/jai-ressenti-le-besoin-decrire-des-mon-plus-jeune-age-gino-dossou-aminon\/\"><img src=\"https:\/\/biscotteslitteraires.com\/2021\/wp-content\/uploads\/2025\/03\/IMG-20250307-WA0002.jpg\" \/><\/a><\/div><div class=\"layer-content\"><div class=\"element element_0 title\"  >\u00ab\u00a0J&rsquo;ai ressenti le besoin d&rsquo;\u00e9crire d\u00e8s mon plus jeune \u00e2ge\u00a0\u00bb Gino DOSSOU-AMINON<\/div><div class=\"element element_1 excerpt\"  >BL&nbsp;: Gino DOSSOU-AMINON (G.D.-A), bienvenu sur Biscottes Litt\u00e9raires (BL&nbsp;). Nous nous int\u00e9ressons \u00e0 votre nouvelle parution litt\u00e9raire \u00ab\u00a0Denise ou l&rsquo;envol<\/div><a target=\"\" class=\"element element_2 read_more\"  href=\"https:\/\/biscotteslitteraires.com\/2021\/jai-ressenti-le-besoin-decrire-des-mon-plus-jeune-age-gino-dossou-aminon\/\">Read more.<\/a><\/div><\/div><div  class=\"item mix skin even flat interview \"><div class=\"layer-media\"><a href=\"https:\/\/biscotteslitteraires.com\/2021\/on-parle-toujours-de-soi-quand-on-ecrit-un-livre-ayi-hillah\/\"><img alt=\"\" src=\"https:\/\/biscotteslitteraires.com\/2021\/wp-content\/uploads\/2024\/11\/1000371526-191x300.jpg\" \/><\/a><\/div><div class=\"layer-content\"><div class=\"element element_0 title\"  >\u00ab\u00a0On parle toujours de soi quand on \u00e9crit un livre\u00a0\u00bb Ayi Hillah.<\/div><div class=\"element element_1 excerpt\"  >Quand on a mon \u00e2ge, et qu\u2019on a fait de la vie un voyage, c\u2019est-\u00e0-dire un long chemin \u00e0 parcourir,<\/div><a target=\"\" class=\"element element_2 read_more\"  href=\"https:\/\/biscotteslitteraires.com\/2021\/on-parle-toujours-de-soi-quand-on-ecrit-un-livre-ayi-hillah\/\">Read more.<\/a><\/div><\/div><\/div><div class=\"grid-nav-bottom\"><div class=\"pagination dark\"><div class=\"paginate\"><span aria-current=\"page\" class=\"page-numbers current\">1<\/span>\n<a class=\"page-numbers\" href=\"https:\/\/biscotteslitteraires.com\/2021\/wp-json\/wp\/v2\/pages\/179\/page\/2\/\">2<\/a>\n<a class=\"page-numbers\" href=\"https:\/\/biscotteslitteraires.com\/2021\/wp-json\/wp\/v2\/pages\/179\/page\/3\/\">3<\/a>\n<span class=\"page-numbers dots\">\u2026<\/span>\n<a class=\"page-numbers\" href=\"https:\/\/biscotteslitteraires.com\/2021\/wp-json\/wp\/v2\/pages\/179\/page\/30\/\">30<\/a>\n<a class=\"next page-numbers\" href=\"https:\/\/biscotteslitteraires.com\/2021\/wp-json\/wp\/v2\/pages\/179\/page\/2\/\">Suivant \u00bb<\/a><\/div ><\/div ><\/div><script>\n\t\tjQuery(document).ready(function($)\n\t\t{\n\t\t\t$(\"#post-grid-5851 .layer-media .gallery\").owlCarousel({\n\t\t\t\t\n\t\t\t\titems : 1,\n\n\t\t\t\tnavText : [\"\",\"\"],\n\t\t\t\tautoplay: true,\n\t\t\t\tloop: true,\n\t\t\t\tautoHeight : true,\t\n\t\t\t\tnav : false,\t\n\t\t\t\tdots : false,\t\t\t\t\t\n\t\t\t\t\t\t\t\t\t\t\t\n\t\t\t\t\t\t\t\t\n\t\t\t\t});\n\t\t\n\t\t});<\/script><\/div>\t\t\t\t\t<\/div>\n\t\t\t\t\t\t<\/div>\n\t\t\t\t<\/div>\n\t\t\t\t\t\t<\/div>\n\t\t\t\t\t<\/div>\n\t\t<\/div>\n\t\t\t\t\t\t\t\t<\/div>\n\t\t\t\t\t<\/div>\n\t\t<\/section>\n\t\t\t\t\t\t<\/div>\n\t\t\t\t\t\t<\/div>\n\t\t\t\t\t<\/div>\n\t\t","protected":false},"excerpt":{"rendered":"<p>Interviews Nous recevons dans cette rubrique les auteurs d&rsquo;ici et d&rsquo;ailleurs. Qu&rsquo;ils soient b\u00e9ninois, s\u00e9n\u00e9galais, ou fran\u00e7ais, les \u00e9crivains que nous questionnons se pr\u00eatent ici volontiers au jeu et permettent \u00e0 nos lecteurs de d\u00e9couvrir d&rsquo;avantage leurs \u0153uvres, leurs personnalit\u00e9s et bien d&rsquo;autres.<\/p>\n","protected":false},"author":1,"featured_media":10125,"parent":0,"menu_order":0,"comment_status":"closed","ping_status":"closed","template":"","meta":[],"yoast_head":"<!-- This site is optimized with the Yoast SEO plugin v19.0 - https:\/\/yoast.com\/wordpress\/plugins\/seo\/ -->\n<title>Interviews - Biscottes Litt\u00e9raires<\/title>\n<meta name=\"robots\" content=\"index, follow, max-snippet:-1, max-image-preview:large, max-video-preview:-1\" \/>\n<link rel=\"canonical\" href=\"https:\/\/biscotteslitteraires.com\/2021\/interview\/\" \/>\n<meta property=\"og:locale\" content=\"fr_FR\" \/>\n<meta property=\"og:type\" content=\"article\" \/>\n<meta property=\"og:title\" content=\"Interviews - Biscottes Litt\u00e9raires\" \/>\n<meta property=\"og:description\" content=\"Interviews Nous recevons dans cette rubrique les auteurs d&rsquo;ici et d&rsquo;ailleurs. Qu&rsquo;ils soient b\u00e9ninois, s\u00e9n\u00e9galais, ou fran\u00e7ais, les \u00e9crivains que nous questionnons se pr\u00eatent ici volontiers au jeu et permettent \u00e0 nos lecteurs de d\u00e9couvrir d&rsquo;avantage leurs \u0153uvres, leurs personnalit\u00e9s et bien d&rsquo;autres.\" \/>\n<meta property=\"og:url\" content=\"https:\/\/biscotteslitteraires.com\/2021\/interview\/\" \/>\n<meta property=\"og:site_name\" content=\"Biscottes Litt\u00e9raires\" \/>\n<meta property=\"article:publisher\" content=\"https:\/\/facebook.com\/biscotteslitterairesbenin\" \/>\n<meta property=\"article:modified_time\" content=\"2021-08-26T21:47:37+00:00\" \/>\n<meta property=\"og:image\" content=\"https:\/\/biscotteslitteraires.com\/2021\/wp-content\/uploads\/2021\/08\/camera-1867184_1920.jpg\" \/>\n\t<meta property=\"og:image:width\" content=\"1920\" \/>\n\t<meta property=\"og:image:height\" content=\"1280\" \/>\n\t<meta property=\"og:image:type\" content=\"image\/jpeg\" \/>\n<meta name=\"twitter:card\" content=\"summary\" \/>\n<script type=\"application\/ld+json\" class=\"yoast-schema-graph\">{\"@context\":\"https:\/\/schema.org\",\"@graph\":[{\"@type\":\"Organization\",\"@id\":\"https:\/\/biscotteslitteraires.com\/2021\/#organization\",\"name\":\"Biscottes Litt\u00e9raires\",\"url\":\"https:\/\/biscotteslitteraires.com\/2021\/\",\"sameAs\":[\"https:\/\/facebook.com\/biscotteslitterairesbenin\"],\"logo\":{\"@type\":\"ImageObject\",\"inLanguage\":\"fr-FR\",\"@id\":\"https:\/\/biscotteslitteraires.com\/2021\/#\/schema\/logo\/image\/\",\"url\":\"https:\/\/biscotteslitteraires.com\/2021\/wp-content\/uploads\/2018\/11\/cropped-LOGO-BL-e1630101307137.jpg\",\"contentUrl\":\"https:\/\/biscotteslitteraires.com\/2021\/wp-content\/uploads\/2018\/11\/cropped-LOGO-BL-e1630101307137.jpg\",\"width\":960,\"height\":960,\"caption\":\"Biscottes Litt\u00e9raires\"},\"image\":{\"@id\":\"https:\/\/biscotteslitteraires.com\/2021\/#\/schema\/logo\/image\/\"}},{\"@type\":\"WebSite\",\"@id\":\"https:\/\/biscotteslitteraires.com\/2021\/#website\",\"url\":\"https:\/\/biscotteslitteraires.com\/2021\/\",\"name\":\"Biscottes Litt\u00e9raires\",\"description\":\"Ici nous voyagerons dans les lignes, explorerons les interlignes.\",\"publisher\":{\"@id\":\"https:\/\/biscotteslitteraires.com\/2021\/#organization\"},\"potentialAction\":[{\"@type\":\"SearchAction\",\"target\":{\"@type\":\"EntryPoint\",\"urlTemplate\":\"https:\/\/biscotteslitteraires.com\/2021\/?s={search_term_string}\"},\"query-input\":\"required name=search_term_string\"}],\"inLanguage\":\"fr-FR\"},{\"@type\":\"ImageObject\",\"inLanguage\":\"fr-FR\",\"@id\":\"https:\/\/biscotteslitteraires.com\/2021\/interview\/#primaryimage\",\"url\":\"https:\/\/biscotteslitteraires.com\/2021\/wp-content\/uploads\/2021\/08\/camera-1867184_1920.jpg\",\"contentUrl\":\"https:\/\/biscotteslitteraires.com\/2021\/wp-content\/uploads\/2021\/08\/camera-1867184_1920.jpg\",\"width\":1920,\"height\":1280},{\"@type\":\"WebPage\",\"@id\":\"https:\/\/biscotteslitteraires.com\/2021\/interview\/#webpage\",\"url\":\"https:\/\/biscotteslitteraires.com\/2021\/interview\/\",\"name\":\"Interviews - Biscottes Litt\u00e9raires\",\"isPartOf\":{\"@id\":\"https:\/\/biscotteslitteraires.com\/2021\/#website\"},\"primaryImageOfPage\":{\"@id\":\"https:\/\/biscotteslitteraires.com\/2021\/interview\/#primaryimage\"},\"datePublished\":\"2017-04-27T08:43:26+00:00\",\"dateModified\":\"2021-08-26T21:47:37+00:00\",\"breadcrumb\":{\"@id\":\"https:\/\/biscotteslitteraires.com\/2021\/interview\/#breadcrumb\"},\"inLanguage\":\"fr-FR\",\"potentialAction\":[{\"@type\":\"ReadAction\",\"target\":[\"https:\/\/biscotteslitteraires.com\/2021\/interview\/\"]}]},{\"@type\":\"BreadcrumbList\",\"@id\":\"https:\/\/biscotteslitteraires.com\/2021\/interview\/#breadcrumb\",\"itemListElement\":[{\"@type\":\"ListItem\",\"position\":1,\"name\":\"Accueil\",\"item\":\"https:\/\/biscotteslitteraires.com\/2021\/\"},{\"@type\":\"ListItem\",\"position\":2,\"name\":\"Interviews\"}]}]}<\/script>\n<!-- \/ Yoast SEO plugin. -->","yoast_head_json":{"title":"Interviews - Biscottes Litt\u00e9raires","robots":{"index":"index","follow":"follow","max-snippet":"max-snippet:-1","max-image-preview":"max-image-preview:large","max-video-preview":"max-video-preview:-1"},"canonical":"https:\/\/biscotteslitteraires.com\/2021\/interview\/","og_locale":"fr_FR","og_type":"article","og_title":"Interviews - Biscottes Litt\u00e9raires","og_description":"Interviews Nous recevons dans cette rubrique les auteurs d&rsquo;ici et d&rsquo;ailleurs. Qu&rsquo;ils soient b\u00e9ninois, s\u00e9n\u00e9galais, ou fran\u00e7ais, les \u00e9crivains que nous questionnons se pr\u00eatent ici volontiers au jeu et permettent \u00e0 nos lecteurs de d\u00e9couvrir d&rsquo;avantage leurs \u0153uvres, leurs personnalit\u00e9s et bien d&rsquo;autres.","og_url":"https:\/\/biscotteslitteraires.com\/2021\/interview\/","og_site_name":"Biscottes Litt\u00e9raires","article_publisher":"https:\/\/facebook.com\/biscotteslitterairesbenin","article_modified_time":"2021-08-26T21:47:37+00:00","og_image":[{"width":1920,"height":1280,"url":"https:\/\/biscotteslitteraires.com\/2021\/wp-content\/uploads\/2021\/08\/camera-1867184_1920.jpg","type":"image\/jpeg"}],"twitter_card":"summary","schema":{"@context":"https:\/\/schema.org","@graph":[{"@type":"Organization","@id":"https:\/\/biscotteslitteraires.com\/2021\/#organization","name":"Biscottes Litt\u00e9raires","url":"https:\/\/biscotteslitteraires.com\/2021\/","sameAs":["https:\/\/facebook.com\/biscotteslitterairesbenin"],"logo":{"@type":"ImageObject","inLanguage":"fr-FR","@id":"https:\/\/biscotteslitteraires.com\/2021\/#\/schema\/logo\/image\/","url":"https:\/\/biscotteslitteraires.com\/2021\/wp-content\/uploads\/2018\/11\/cropped-LOGO-BL-e1630101307137.jpg","contentUrl":"https:\/\/biscotteslitteraires.com\/2021\/wp-content\/uploads\/2018\/11\/cropped-LOGO-BL-e1630101307137.jpg","width":960,"height":960,"caption":"Biscottes Litt\u00e9raires"},"image":{"@id":"https:\/\/biscotteslitteraires.com\/2021\/#\/schema\/logo\/image\/"}},{"@type":"WebSite","@id":"https:\/\/biscotteslitteraires.com\/2021\/#website","url":"https:\/\/biscotteslitteraires.com\/2021\/","name":"Biscottes Litt\u00e9raires","description":"Ici nous voyagerons dans les lignes, explorerons les interlignes.","publisher":{"@id":"https:\/\/biscotteslitteraires.com\/2021\/#organization"},"potentialAction":[{"@type":"SearchAction","target":{"@type":"EntryPoint","urlTemplate":"https:\/\/biscotteslitteraires.com\/2021\/?s={search_term_string}"},"query-input":"required name=search_term_string"}],"inLanguage":"fr-FR"},{"@type":"ImageObject","inLanguage":"fr-FR","@id":"https:\/\/biscotteslitteraires.com\/2021\/interview\/#primaryimage","url":"https:\/\/biscotteslitteraires.com\/2021\/wp-content\/uploads\/2021\/08\/camera-1867184_1920.jpg","contentUrl":"https:\/\/biscotteslitteraires.com\/2021\/wp-content\/uploads\/2021\/08\/camera-1867184_1920.jpg","width":1920,"height":1280},{"@type":"WebPage","@id":"https:\/\/biscotteslitteraires.com\/2021\/interview\/#webpage","url":"https:\/\/biscotteslitteraires.com\/2021\/interview\/","name":"Interviews - Biscottes Litt\u00e9raires","isPartOf":{"@id":"https:\/\/biscotteslitteraires.com\/2021\/#website"},"primaryImageOfPage":{"@id":"https:\/\/biscotteslitteraires.com\/2021\/interview\/#primaryimage"},"datePublished":"2017-04-27T08:43:26+00:00","dateModified":"2021-08-26T21:47:37+00:00","breadcrumb":{"@id":"https:\/\/biscotteslitteraires.com\/2021\/interview\/#breadcrumb"},"inLanguage":"fr-FR","potentialAction":[{"@type":"ReadAction","target":["https:\/\/biscotteslitteraires.com\/2021\/interview\/"]}]},{"@type":"BreadcrumbList","@id":"https:\/\/biscotteslitteraires.com\/2021\/interview\/#breadcrumb","itemListElement":[{"@type":"ListItem","position":1,"name":"Accueil","item":"https:\/\/biscotteslitteraires.com\/2021\/"},{"@type":"ListItem","position":2,"name":"Interviews"}]}]}},"_links":{"self":[{"href":"https:\/\/biscotteslitteraires.com\/2021\/wp-json\/wp\/v2\/pages\/179"}],"collection":[{"href":"https:\/\/biscotteslitteraires.com\/2021\/wp-json\/wp\/v2\/pages"}],"about":[{"href":"https:\/\/biscotteslitteraires.com\/2021\/wp-json\/wp\/v2\/types\/page"}],"author":[{"embeddable":true,"href":"https:\/\/biscotteslitteraires.com\/2021\/wp-json\/wp\/v2\/users\/1"}],"replies":[{"embeddable":true,"href":"https:\/\/biscotteslitteraires.com\/2021\/wp-json\/wp\/v2\/comments?post=179"}],"version-history":[{"count":26,"href":"https:\/\/biscotteslitteraires.com\/2021\/wp-json\/wp\/v2\/pages\/179\/revisions"}],"predecessor-version":[{"id":10126,"href":"https:\/\/biscotteslitteraires.com\/2021\/wp-json\/wp\/v2\/pages\/179\/revisions\/10126"}],"wp:featuredmedia":[{"embeddable":true,"href":"https:\/\/biscotteslitteraires.com\/2021\/wp-json\/wp\/v2\/media\/10125"}],"wp:attachment":[{"href":"https:\/\/biscotteslitteraires.com\/2021\/wp-json\/wp\/v2\/media?parent=179"}],"curies":[{"name":"wp","href":"https:\/\/api.w.org\/{rel}","templated":true}]}}