{"id":181,"date":"2017-04-27T08:47:06","date_gmt":"2017-04-27T08:47:06","guid":{"rendered":"http:\/\/biscotteslitteraires.com\/2021\/?page_id=181"},"modified":"2021-08-26T21:58:15","modified_gmt":"2021-08-26T21:58:15","slug":"evenement-litteraire","status":"publish","type":"page","link":"https:\/\/biscotteslitteraires.com\/2021\/evenement-litteraire\/","title":{"rendered":"\u00c9v\u00e9nements litt\u00e9raires"},"content":{"rendered":"\t\t<div data-elementor-type=\"wp-page\" data-elementor-id=\"181\" class=\"elementor elementor-181\" data-elementor-settings=\"[]\">\n\t\t\t\t\t\t<div class=\"elementor-inner\">\n\t\t\t\t\t\t\t<div class=\"elementor-section-wrap\">\n\t\t\t\t\t\t\t<section class=\"elementor-section elementor-top-section elementor-element elementor-element-36fe074 elementor-section-boxed elementor-section-height-default elementor-section-height-default\" data-id=\"36fe074\" data-element_type=\"section\" id=\"post_header\" data-settings=\"{&quot;background_background&quot;:&quot;classic&quot;}\">\n\t\t\t\t\t\t<div class=\"elementor-container elementor-column-gap-default\">\n\t\t\t\t\t\t\t<div class=\"elementor-row\">\n\t\t\t\t\t<div class=\"elementor-column elementor-col-100 elementor-top-column elementor-element elementor-element-ca6488e\" data-id=\"ca6488e\" data-element_type=\"column\">\n\t\t\t<div class=\"elementor-column-wrap elementor-element-populated\">\n\t\t\t\t\t\t\t<div class=\"elementor-widget-wrap\">\n\t\t\t\t\t\t<div class=\"elementor-element elementor-element-40de937 elementor-widget elementor-widget-text-editor\" data-id=\"40de937\" data-element_type=\"widget\" data-widget_type=\"text-editor.default\">\n\t\t\t\t<div class=\"elementor-widget-container\">\n\t\t\t\t\t\t\t\t<div class=\"elementor-text-editor elementor-clearfix\">\n\t\t\t\t<h1 style=\"text-align: center;\"><b>Ev\u00e9nements litt\u00e9raires<br><\/b><\/h1>\n<p style=\"text-align: center;\">Vous informer de ce qui fait l&rsquo;actualit\u00e9 de la litt\u00e9rature b\u00e9ninoise.<br><\/p>\t\t\t\t\t<\/div>\n\t\t\t\t\t\t<\/div>\n\t\t\t\t<\/div>\n\t\t\t\t\t\t<\/div>\n\t\t\t\t\t<\/div>\n\t\t<\/div>\n\t\t\t\t\t\t\t\t<\/div>\n\t\t\t\t\t<\/div>\n\t\t<\/section>\n\t\t\t\t<section class=\"elementor-section elementor-top-section elementor-element elementor-element-52b94f68 elementor-section-boxed elementor-section-height-default elementor-section-height-default\" data-id=\"52b94f68\" data-element_type=\"section\">\n\t\t\t\t\t\t<div class=\"elementor-container elementor-column-gap-default\">\n\t\t\t\t\t\t\t<div class=\"elementor-row\">\n\t\t\t\t\t<div class=\"elementor-column elementor-col-100 elementor-top-column elementor-element elementor-element-2370f899\" data-id=\"2370f899\" data-element_type=\"column\">\n\t\t\t<div class=\"elementor-column-wrap elementor-element-populated\">\n\t\t\t\t\t\t\t<div class=\"elementor-widget-wrap\">\n\t\t\t\t\t\t<div class=\"elementor-element elementor-element-31c189ce elementor-widget elementor-widget-shortcode\" data-id=\"31c189ce\" data-element_type=\"widget\" data-widget_type=\"shortcode.default\">\n\t\t\t\t<div class=\"elementor-widget-container\">\n\t\t\t\t\t<div class=\"elementor-shortcode\"><style type=\"text\/css\">#post-grid-5854 .element_0{display: block;font-size: 21px;line-height: normal;padding: 5px 10px;text-align: left;}#post-grid-5854 .element_1630020739064{font-size:12px;display:block;padding:10px;}#post-grid-5854 .element_1{display: block;font-size: 12px;padding: 5px 10px;text-align: left;}#post-grid-5854 .element_2{display: block;font-size: 15px;font-weight: bold;padding: 0 10px;text-align: right;}#post-grid-5854 .element_0:hover{}#post-grid-5854 .element_1630020739064:hover{}#post-grid-5854 .element_1:hover{}#post-grid-5854 .element_2:hover{}#post-grid-5854 .item{\n\t\t\tbackground:#fff;\n\t\n\t\t\t}<\/style><style type=\"text\/css\">\/*Write your CSS code here*\/<\/style><style type=\"text\/css\">#post-grid-5854 {\n\t\t\tpadding:10px;\n\t\t\tbackground: #fff url() repeat scroll 0 0;\n\t\t}#post-grid-5854 .item .layer-media{overflow: hidden;\n\t\t}@media only screen and (min-width: 1024px ) {#post-grid-5854 .item .layer-media{max-height:220px;}}\n\t\t\n\t\t@media only screen and ( min-width: 768px ) and ( max-width: 1023px ) {#post-grid-5854 .item .layer-media{height:auto}}\n\t\t\n\t\t@media only screen and ( min-width: 320px ) and ( max-width: 767px ) {#post-grid-5854 .item .layer-media{height:auto}}#post-grid-5854 .item{\n\t\tmargin:10px;}@media only screen and (min-width: 1024px ) {#post-grid-5854 .item{height:auto;}}\n\t\n\t@media only screen and ( min-width: 768px ) and ( max-width: 1023px ) {#post-grid-5854 .item{height:auto}}\n\t\n\t@media only screen and ( min-width: 320px ) and ( max-width: 767px ) {#post-grid-5854 .item{height:auto}}\n\t@media only screen and (min-width: 1024px ) {\n\t#post-grid-5854 .item{width:31%}\n\t\n\t}\n\t\n\t@media only screen and ( min-width: 768px ) and ( max-width: 1023px ) {\n\t#post-grid-5854 .item{width:45%}\n\t}\n\t\n\t@media only screen and ( min-width: 320px ) and ( max-width: 767px ) {\n\t#post-grid-5854 .item{width:90%}\n\t}<\/style><div id=\"post-grid-5854\" class=\"post-grid grid\"><div class=\"grid-nav-top\"><\/div><div class=\"grid-items \" id=\"\"><div  class=\"item mix skin even flat evenemlitter \"><div class=\"layer-media\"><a href=\"https:\/\/biscotteslitteraires.com\/2021\/la-belle-litteraire-1er-concours-et-un-coup-de-maitre\/\"><img alt=\"\" src=\"https:\/\/biscotteslitteraires.com\/2021\/wp-content\/uploads\/2024\/03\/IMG_20240114_075943_871-300x297.webp\" \/><\/a><\/div><div class=\"layer-content\"><div class=\"element element_0 title\"  >La Belle Litt\u00e9raire\u00a0: 1er concours et un coup de ma\u00eetre!<\/div><div class=\"element element_1630020739064 post_date\"  >29 mars 2024<\/div><div class=\"element element_1 excerpt\"  >Ce concours de po\u00e9sie n'est que l'\u00e9v\u00e9nement qui a lanc\u00e9 notre programme de l'ann\u00e9e 2024, le 4 Mai aura lieu<\/div><a target=\"_parent\" class=\"element element_2 read_more\"  href=\"https:\/\/biscotteslitteraires.com\/2021\/la-belle-litteraire-1er-concours-et-un-coup-de-maitre\/\">Lire la suite<\/a><\/div><\/div><div  class=\"item mix skin odd flat evenemlitter \"><div class=\"layer-media\"><a href=\"https:\/\/biscotteslitteraires.com\/2021\/la-tour-poetique-un-festival-aux-couleurs-des-jeux-olympiques-2024\/\"><img src=\"https:\/\/biscotteslitteraires.com\/2021\/wp-content\/uploads\/2023\/10\/Screenshot_20230927_182642_Facebook-1-1024x523.jpg\" \/><\/a><\/div><div class=\"layer-content\"><div class=\"element element_0 title\"  >LA TOUR PO\u00c9TIQUE : UN FESTIVAL AUX COULEURS DES JEUX OLYMPIQUES 2024.<\/div><div class=\"element element_1630020739064 post_date\"  >13 octobre 2023<\/div><div class=\"element element_1 excerpt\"  >L&rsquo;association fran\u00e7aise \u00ab\u00a0Apulivre\u00a0\u00bb organisera\u00a0 de jeudi 13 au samedi 15 juin 2024, \u00e0\u00a0 la Maison de la Vie Associative et<\/div><a target=\"_parent\" class=\"element element_2 read_more\"  href=\"https:\/\/biscotteslitteraires.com\/2021\/la-tour-poetique-un-festival-aux-couleurs-des-jeux-olympiques-2024\/\">Lire la suite<\/a><\/div><\/div><div  class=\"item mix skin even flat evenemlitter \"><div class=\"layer-media\"><a href=\"https:\/\/biscotteslitteraires.com\/2021\/don-de-livre-a-save-la-fondation-agbessi-fait-oeuvre-utile\/\"><img src=\"https:\/\/biscotteslitteraires.com\/2021\/wp-content\/uploads\/2023\/07\/Screenshot_20230731_154328-1024x449.jpg\" \/><\/a><\/div><div class=\"layer-content\"><div class=\"element element_0 title\"  >Don de livre \u00e0 Sav\u00e8 : La Fondation AGBESSI fait \u0153uvre utile<\/div><div class=\"element element_1630020739064 post_date\"  >31 juillet 2023<\/div><div class=\"element element_1 excerpt\"  >La Fondation AGBESSI \u00e9tait \u00e0 Sav\u00e8 du 11 au 15 juillet 2023 pour la c\u00e9l\u00e9bration de la Journ\u00e9e Mondiale de<\/div><a target=\"_parent\" class=\"element element_2 read_more\"  href=\"https:\/\/biscotteslitteraires.com\/2021\/don-de-livre-a-save-la-fondation-agbessi-fait-oeuvre-utile\/\">Lire la suite<\/a><\/div><\/div><div  class=\"item mix skin odd flat evenemlitter \"><div class=\"layer-media\"><a href=\"https:\/\/biscotteslitteraires.com\/2021\/grand-jeu-dieu-nest-pas-con-lexemplaire-du-livre-a-gagner\/\"><img alt=\"\" src=\"https:\/\/biscotteslitteraires.com\/2021\/wp-content\/uploads\/2022\/11\/IMG-20221121-WA0101-300x300.jpg\" \/><\/a><\/div><div class=\"layer-content\"><div class=\"element element_0 title\"  >Grand jeu \u00ab\u00a0Dieu n&rsquo;est pas con\u00a0\u00bb: L&rsquo;exemplaire du livre \u00e0 gagner&#8230;<\/div><div class=\"element element_1630020739064 post_date\"  >21 novembre 2022<\/div><div class=\"element element_1 excerpt\"  >Voulez-vous avoir un exemplaire de \"DIEU N'EST PAS CON\" de Destin AKPO, le roman n\u00e9 chez Savanes du Continent et<\/div><a target=\"_parent\" class=\"element element_2 read_more\"  href=\"https:\/\/biscotteslitteraires.com\/2021\/grand-jeu-dieu-nest-pas-con-lexemplaire-du-livre-a-gagner\/\">Lire la suite<\/a><\/div><\/div><div  class=\"item mix skin even flat evenemlitter \"><div class=\"layer-media\"><a href=\"https:\/\/biscotteslitteraires.com\/2021\/myster-ezin-de-la-plume-au-micro\/\"><img alt=\"\" src=\"https:\/\/biscotteslitteraires.com\/2021\/wp-content\/uploads\/2022\/07\/IMG-20220716-WA0136-219x300.jpg\" \/><\/a><\/div><div class=\"layer-content\"><div class=\"element element_0 title\"  >Myster Ezin : de la pl\u00fbme au micro.<\/div><div class=\"element element_1630020739064 post_date\"  >16 juillet 2022<\/div><div class=\"element element_1 excerpt\"  >En effet, le 07 juin dernier sous le label de III Lumi\u00e8re est sorti une reprise de \"Caroline\", ce titre<\/div><a target=\"_parent\" class=\"element element_2 read_more\"  href=\"https:\/\/biscotteslitteraires.com\/2021\/myster-ezin-de-la-plume-au-micro\/\">Lire la suite<\/a><\/div><\/div><div  class=\"item mix skin odd flat evenemlitter \"><div class=\"layer-media\"><a href=\"https:\/\/biscotteslitteraires.com\/2021\/pourquoi-le-salon-du-livre-africain-pour-enfants-de-yaounde\/\"><img alt=\"\" src=\"https:\/\/biscotteslitteraires.com\/2021\/wp-content\/uploads\/2022\/06\/IMG-20220628-WA0069-300x153.jpg\" \/><\/a><\/div><div class=\"layer-content\"><div class=\"element element_0 title\"  >POURQUOI LE SALON DU LIVRE AFRICAIN POUR ENFANTS DE YAOUND\u00c9 ?<\/div><div class=\"element element_1630020739064 post_date\"  >28 juin 2022<\/div><div class=\"element element_1 excerpt\"  >Le Salon du livre africain pour enfants de Yaound\u00e9-SALAFEY est un \u00e9v\u00e8nement annuel avec pour objectif principal de r\u00e9unir autour<\/div><a target=\"_parent\" class=\"element element_2 read_more\"  href=\"https:\/\/biscotteslitteraires.com\/2021\/pourquoi-le-salon-du-livre-africain-pour-enfants-de-yaounde\/\">Lire la suite<\/a><\/div><\/div><div  class=\"item mix skin even flat evenemlitter \"><div class=\"layer-media\"><a href=\"https:\/\/biscotteslitteraires.com\/2021\/giraud-mbarga-nous-livre-son-premier-bebe\/\"><img alt=\"\" src=\"https:\/\/biscotteslitteraires.com\/2021\/wp-content\/uploads\/2022\/06\/IMG-20220609-WA0064-300x240.jpg\" \/><\/a><\/div><div class=\"layer-content\"><div class=\"element element_0 title\"  >Giraud Mbarga nous livre son premier b\u00e9b\u00e9!<\/div><div class=\"element element_1630020739064 post_date\"  >10 juin 2022<\/div><div class=\"element element_1 excerpt\"  >L\u2019art de manier les mots a ceci de particulier qu\u2019il sait choisir ce qu\u2019il faut dire et le mettre o\u00f9<\/div><a target=\"_parent\" class=\"element element_2 read_more\"  href=\"https:\/\/biscotteslitteraires.com\/2021\/giraud-mbarga-nous-livre-son-premier-bebe\/\">Lire la suite<\/a><\/div><\/div><div  class=\"item mix skin odd flat evenemlitter \"><div class=\"layer-media\"><a href=\"https:\/\/biscotteslitteraires.com\/2021\/les-hommes-se-mangent-la-queuede-kelly-yemdji\/\"><img alt=\"\" src=\"https:\/\/biscotteslitteraires.com\/2021\/wp-content\/uploads\/2022\/05\/Booklet2-300x242.jpg\" \/><\/a><\/div><div class=\"layer-content\"><div class=\"element element_0 title\"  >\u00ab\u00a0Les Hommes se mangent la queue\u00a0\u00bbde Kelly YEMDJI<\/div><div class=\"element element_1630020739064 post_date\"  >21 mai 2022<\/div><div class=\"element element_1 excerpt\"  >Pour emprunter \u00e0 Stendhal ses mots, Kelly YEMDJI s\u2019est balad\u00e9e le long du chemin avec un miroir. C\u2019est dire que<\/div><a target=\"_parent\" class=\"element element_2 read_more\"  href=\"https:\/\/biscotteslitteraires.com\/2021\/les-hommes-se-mangent-la-queuede-kelly-yemdji\/\">Lire la suite<\/a><\/div><\/div><div  class=\"item mix skin even flat evenemlitter \"><div class=\"layer-media\"><a href=\"https:\/\/biscotteslitteraires.com\/2021\/palabre-autour-de-colorant-felix-livre-en-lice-du-pola-2022\/\"><img alt=\"\" src=\"https:\/\/biscotteslitteraires.com\/2021\/wp-content\/uploads\/2022\/05\/Screenshot_20220508-192830-300x230.png\" \/><\/a><\/div><div class=\"layer-content\"><div class=\"element element_0 title\"  >PALABRE AUTOUR DE \u00ab\u00a0COLORANT FELIX\u00a0\u00bb, LIVRE EN LICE DU POLA 2022<\/div><div class=\"element element_1630020739064 post_date\"  >8 mai 2022<\/div><div class=\"element element_1 excerpt\"  >L'auteur se d\u00e9fend en ces termes face \u00e0 une question qui aborde l'onomastique de l'ouvrage : \u00ab\u00a0le nom est sacr\u00e9.<\/div><a target=\"_parent\" class=\"element element_2 read_more\"  href=\"https:\/\/biscotteslitteraires.com\/2021\/palabre-autour-de-colorant-felix-livre-en-lice-du-pola-2022\/\">Lire la suite<\/a><\/div><\/div><\/div><div class=\"grid-nav-bottom\"><div class=\"pagination dark\"><div class=\"paginate\"><span aria-current=\"page\" class=\"page-numbers current\">1<\/span>\n<a class=\"page-numbers\" href=\"https:\/\/biscotteslitteraires.com\/2021\/wp-json\/wp\/v2\/pages\/181\/page\/2\/\">2<\/a>\n<a class=\"page-numbers\" href=\"https:\/\/biscotteslitteraires.com\/2021\/wp-json\/wp\/v2\/pages\/181\/page\/3\/\">3<\/a>\n<span class=\"page-numbers dots\">\u2026<\/span>\n<a class=\"page-numbers\" href=\"https:\/\/biscotteslitteraires.com\/2021\/wp-json\/wp\/v2\/pages\/181\/page\/8\/\">8<\/a>\n<a class=\"next page-numbers\" href=\"https:\/\/biscotteslitteraires.com\/2021\/wp-json\/wp\/v2\/pages\/181\/page\/2\/\">Suivant \u00bb<\/a><\/div ><\/div ><\/div><script>\n\t\tjQuery(document).ready(function($)\n\t\t{\n\t\t\t$(\"#post-grid-5854 .layer-media .gallery\").owlCarousel({\n\t\t\t\t\n\t\t\t\titems : 1,\n\n\t\t\t\tnavText : [\"\",\"\"],\n\t\t\t\tautoplay: true,\n\t\t\t\tloop: true,\n\t\t\t\tautoHeight : true,\t\n\t\t\t\tnav : false,\t\n\t\t\t\tdots : false,\t\t\t\t\t\n\t\t\t\t\t\t\t\t\t\t\t\n\t\t\t\t\t\t\t\t\n\t\t\t\t});\n\t\t\n\t\t});<\/script><\/div><\/div>\n\t\t\t\t<\/div>\n\t\t\t\t<\/div>\n\t\t\t\t\t\t<\/div>\n\t\t\t\t\t<\/div>\n\t\t<\/div>\n\t\t\t\t\t\t\t\t<\/div>\n\t\t\t\t\t<\/div>\n\t\t<\/section>\n\t\t\t\t\t\t<\/div>\n\t\t\t\t\t\t<\/div>\n\t\t\t\t\t<\/div>\n\t\t","protected":false},"excerpt":{"rendered":"<p>Ev\u00e9nements litt\u00e9raires Vous informer de ce qui fait l&rsquo;actualit\u00e9 de la litt\u00e9rature b\u00e9ninoise.<\/p>\n","protected":false},"author":1,"featured_media":10129,"parent":0,"menu_order":0,"comment_status":"closed","ping_status":"closed","template":"","meta":[],"yoast_head":"<!-- This site is optimized with the Yoast SEO plugin v19.0 - https:\/\/yoast.com\/wordpress\/plugins\/seo\/ -->\n<title>\u00c9v\u00e9nements litt\u00e9raires - Biscottes Litt\u00e9raires<\/title>\n<meta name=\"robots\" content=\"index, follow, max-snippet:-1, max-image-preview:large, max-video-preview:-1\" \/>\n<link rel=\"canonical\" href=\"https:\/\/biscotteslitteraires.com\/2021\/evenement-litteraire\/\" \/>\n<meta property=\"og:locale\" content=\"fr_FR\" \/>\n<meta property=\"og:type\" content=\"article\" \/>\n<meta property=\"og:title\" content=\"\u00c9v\u00e9nements litt\u00e9raires - Biscottes Litt\u00e9raires\" \/>\n<meta property=\"og:description\" content=\"Ev\u00e9nements litt\u00e9raires Vous informer de ce qui fait l&rsquo;actualit\u00e9 de la litt\u00e9rature b\u00e9ninoise.\" \/>\n<meta property=\"og:url\" content=\"https:\/\/biscotteslitteraires.com\/2021\/evenement-litteraire\/\" \/>\n<meta property=\"og:site_name\" content=\"Biscottes Litt\u00e9raires\" \/>\n<meta property=\"article:publisher\" content=\"https:\/\/facebook.com\/biscotteslitterairesbenin\" \/>\n<meta property=\"article:modified_time\" content=\"2021-08-26T21:58:15+00:00\" \/>\n<meta property=\"og:image\" content=\"https:\/\/biscotteslitteraires.com\/2021\/wp-content\/uploads\/2021\/08\/books-5211309_19201.jpg\" \/>\n\t<meta property=\"og:image:width\" content=\"1920\" \/>\n\t<meta property=\"og:image:height\" content=\"1280\" \/>\n\t<meta property=\"og:image:type\" content=\"image\/jpeg\" \/>\n<meta name=\"twitter:card\" content=\"summary\" \/>\n<script type=\"application\/ld+json\" class=\"yoast-schema-graph\">{\"@context\":\"https:\/\/schema.org\",\"@graph\":[{\"@type\":\"Organization\",\"@id\":\"https:\/\/biscotteslitteraires.com\/2021\/#organization\",\"name\":\"Biscottes Litt\u00e9raires\",\"url\":\"https:\/\/biscotteslitteraires.com\/2021\/\",\"sameAs\":[\"https:\/\/facebook.com\/biscotteslitterairesbenin\"],\"logo\":{\"@type\":\"ImageObject\",\"inLanguage\":\"fr-FR\",\"@id\":\"https:\/\/biscotteslitteraires.com\/2021\/#\/schema\/logo\/image\/\",\"url\":\"https:\/\/biscotteslitteraires.com\/2021\/wp-content\/uploads\/2018\/11\/cropped-LOGO-BL-e1630101307137.jpg\",\"contentUrl\":\"https:\/\/biscotteslitteraires.com\/2021\/wp-content\/uploads\/2018\/11\/cropped-LOGO-BL-e1630101307137.jpg\",\"width\":960,\"height\":960,\"caption\":\"Biscottes Litt\u00e9raires\"},\"image\":{\"@id\":\"https:\/\/biscotteslitteraires.com\/2021\/#\/schema\/logo\/image\/\"}},{\"@type\":\"WebSite\",\"@id\":\"https:\/\/biscotteslitteraires.com\/2021\/#website\",\"url\":\"https:\/\/biscotteslitteraires.com\/2021\/\",\"name\":\"Biscottes Litt\u00e9raires\",\"description\":\"Ici nous voyagerons dans les lignes, explorerons les interlignes.\",\"publisher\":{\"@id\":\"https:\/\/biscotteslitteraires.com\/2021\/#organization\"},\"potentialAction\":[{\"@type\":\"SearchAction\",\"target\":{\"@type\":\"EntryPoint\",\"urlTemplate\":\"https:\/\/biscotteslitteraires.com\/2021\/?s={search_term_string}\"},\"query-input\":\"required name=search_term_string\"}],\"inLanguage\":\"fr-FR\"},{\"@type\":\"ImageObject\",\"inLanguage\":\"fr-FR\",\"@id\":\"https:\/\/biscotteslitteraires.com\/2021\/evenement-litteraire\/#primaryimage\",\"url\":\"https:\/\/biscotteslitteraires.com\/2021\/wp-content\/uploads\/2021\/08\/books-5211309_19201.jpg\",\"contentUrl\":\"https:\/\/biscotteslitteraires.com\/2021\/wp-content\/uploads\/2021\/08\/books-5211309_19201.jpg\",\"width\":1920,\"height\":1280},{\"@type\":\"WebPage\",\"@id\":\"https:\/\/biscotteslitteraires.com\/2021\/evenement-litteraire\/#webpage\",\"url\":\"https:\/\/biscotteslitteraires.com\/2021\/evenement-litteraire\/\",\"name\":\"\u00c9v\u00e9nements litt\u00e9raires - Biscottes Litt\u00e9raires\",\"isPartOf\":{\"@id\":\"https:\/\/biscotteslitteraires.com\/2021\/#website\"},\"primaryImageOfPage\":{\"@id\":\"https:\/\/biscotteslitteraires.com\/2021\/evenement-litteraire\/#primaryimage\"},\"datePublished\":\"2017-04-27T08:47:06+00:00\",\"dateModified\":\"2021-08-26T21:58:15+00:00\",\"breadcrumb\":{\"@id\":\"https:\/\/biscotteslitteraires.com\/2021\/evenement-litteraire\/#breadcrumb\"},\"inLanguage\":\"fr-FR\",\"potentialAction\":[{\"@type\":\"ReadAction\",\"target\":[\"https:\/\/biscotteslitteraires.com\/2021\/evenement-litteraire\/\"]}]},{\"@type\":\"BreadcrumbList\",\"@id\":\"https:\/\/biscotteslitteraires.com\/2021\/evenement-litteraire\/#breadcrumb\",\"itemListElement\":[{\"@type\":\"ListItem\",\"position\":1,\"name\":\"Accueil\",\"item\":\"https:\/\/biscotteslitteraires.com\/2021\/\"},{\"@type\":\"ListItem\",\"position\":2,\"name\":\"\u00c9v\u00e9nements litt\u00e9raires\"}]}]}<\/script>\n<!-- \/ Yoast SEO plugin. -->","yoast_head_json":{"title":"\u00c9v\u00e9nements litt\u00e9raires - Biscottes Litt\u00e9raires","robots":{"index":"index","follow":"follow","max-snippet":"max-snippet:-1","max-image-preview":"max-image-preview:large","max-video-preview":"max-video-preview:-1"},"canonical":"https:\/\/biscotteslitteraires.com\/2021\/evenement-litteraire\/","og_locale":"fr_FR","og_type":"article","og_title":"\u00c9v\u00e9nements litt\u00e9raires - Biscottes Litt\u00e9raires","og_description":"Ev\u00e9nements litt\u00e9raires Vous informer de ce qui fait l&rsquo;actualit\u00e9 de la litt\u00e9rature b\u00e9ninoise.","og_url":"https:\/\/biscotteslitteraires.com\/2021\/evenement-litteraire\/","og_site_name":"Biscottes Litt\u00e9raires","article_publisher":"https:\/\/facebook.com\/biscotteslitterairesbenin","article_modified_time":"2021-08-26T21:58:15+00:00","og_image":[{"width":1920,"height":1280,"url":"https:\/\/biscotteslitteraires.com\/2021\/wp-content\/uploads\/2021\/08\/books-5211309_19201.jpg","type":"image\/jpeg"}],"twitter_card":"summary","schema":{"@context":"https:\/\/schema.org","@graph":[{"@type":"Organization","@id":"https:\/\/biscotteslitteraires.com\/2021\/#organization","name":"Biscottes Litt\u00e9raires","url":"https:\/\/biscotteslitteraires.com\/2021\/","sameAs":["https:\/\/facebook.com\/biscotteslitterairesbenin"],"logo":{"@type":"ImageObject","inLanguage":"fr-FR","@id":"https:\/\/biscotteslitteraires.com\/2021\/#\/schema\/logo\/image\/","url":"https:\/\/biscotteslitteraires.com\/2021\/wp-content\/uploads\/2018\/11\/cropped-LOGO-BL-e1630101307137.jpg","contentUrl":"https:\/\/biscotteslitteraires.com\/2021\/wp-content\/uploads\/2018\/11\/cropped-LOGO-BL-e1630101307137.jpg","width":960,"height":960,"caption":"Biscottes Litt\u00e9raires"},"image":{"@id":"https:\/\/biscotteslitteraires.com\/2021\/#\/schema\/logo\/image\/"}},{"@type":"WebSite","@id":"https:\/\/biscotteslitteraires.com\/2021\/#website","url":"https:\/\/biscotteslitteraires.com\/2021\/","name":"Biscottes Litt\u00e9raires","description":"Ici nous voyagerons dans les lignes, explorerons les interlignes.","publisher":{"@id":"https:\/\/biscotteslitteraires.com\/2021\/#organization"},"potentialAction":[{"@type":"SearchAction","target":{"@type":"EntryPoint","urlTemplate":"https:\/\/biscotteslitteraires.com\/2021\/?s={search_term_string}"},"query-input":"required name=search_term_string"}],"inLanguage":"fr-FR"},{"@type":"ImageObject","inLanguage":"fr-FR","@id":"https:\/\/biscotteslitteraires.com\/2021\/evenement-litteraire\/#primaryimage","url":"https:\/\/biscotteslitteraires.com\/2021\/wp-content\/uploads\/2021\/08\/books-5211309_19201.jpg","contentUrl":"https:\/\/biscotteslitteraires.com\/2021\/wp-content\/uploads\/2021\/08\/books-5211309_19201.jpg","width":1920,"height":1280},{"@type":"WebPage","@id":"https:\/\/biscotteslitteraires.com\/2021\/evenement-litteraire\/#webpage","url":"https:\/\/biscotteslitteraires.com\/2021\/evenement-litteraire\/","name":"\u00c9v\u00e9nements litt\u00e9raires - Biscottes Litt\u00e9raires","isPartOf":{"@id":"https:\/\/biscotteslitteraires.com\/2021\/#website"},"primaryImageOfPage":{"@id":"https:\/\/biscotteslitteraires.com\/2021\/evenement-litteraire\/#primaryimage"},"datePublished":"2017-04-27T08:47:06+00:00","dateModified":"2021-08-26T21:58:15+00:00","breadcrumb":{"@id":"https:\/\/biscotteslitteraires.com\/2021\/evenement-litteraire\/#breadcrumb"},"inLanguage":"fr-FR","potentialAction":[{"@type":"ReadAction","target":["https:\/\/biscotteslitteraires.com\/2021\/evenement-litteraire\/"]}]},{"@type":"BreadcrumbList","@id":"https:\/\/biscotteslitteraires.com\/2021\/evenement-litteraire\/#breadcrumb","itemListElement":[{"@type":"ListItem","position":1,"name":"Accueil","item":"https:\/\/biscotteslitteraires.com\/2021\/"},{"@type":"ListItem","position":2,"name":"\u00c9v\u00e9nements litt\u00e9raires"}]}]}},"_links":{"self":[{"href":"https:\/\/biscotteslitteraires.com\/2021\/wp-json\/wp\/v2\/pages\/181"}],"collection":[{"href":"https:\/\/biscotteslitteraires.com\/2021\/wp-json\/wp\/v2\/pages"}],"about":[{"href":"https:\/\/biscotteslitteraires.com\/2021\/wp-json\/wp\/v2\/types\/page"}],"author":[{"embeddable":true,"href":"https:\/\/biscotteslitteraires.com\/2021\/wp-json\/wp\/v2\/users\/1"}],"replies":[{"embeddable":true,"href":"https:\/\/biscotteslitteraires.com\/2021\/wp-json\/wp\/v2\/comments?post=181"}],"version-history":[{"count":11,"href":"https:\/\/biscotteslitteraires.com\/2021\/wp-json\/wp\/v2\/pages\/181\/revisions"}],"predecessor-version":[{"id":10130,"href":"https:\/\/biscotteslitteraires.com\/2021\/wp-json\/wp\/v2\/pages\/181\/revisions\/10130"}],"wp:featuredmedia":[{"embeddable":true,"href":"https:\/\/biscotteslitteraires.com\/2021\/wp-json\/wp\/v2\/media\/10129"}],"wp:attachment":[{"href":"https:\/\/biscotteslitteraires.com\/2021\/wp-json\/wp\/v2\/media?parent=181"}],"curies":[{"name":"wp","href":"https:\/\/api.w.org\/{rel}","templated":true}]}}