{"id":2085,"date":"2018-02-07T10:47:41","date_gmt":"2018-02-07T10:47:41","guid":{"rendered":"http:\/\/biscotteslitteraires.com\/2021\/?page_id=2085"},"modified":"2021-08-26T22:25:41","modified_gmt":"2021-08-26T22:25:41","slug":"vous-et-nous","status":"publish","type":"page","link":"https:\/\/biscotteslitteraires.com\/2021\/vous-et-nous\/","title":{"rendered":"Vous et nous"},"content":{"rendered":"\t\t<div data-elementor-type=\"wp-page\" data-elementor-id=\"2085\" class=\"elementor elementor-2085\" data-elementor-settings=\"[]\">\n\t\t\t\t\t\t<div class=\"elementor-inner\">\n\t\t\t\t\t\t\t<div class=\"elementor-section-wrap\">\n\t\t\t\t\t\t\t<section class=\"elementor-section elementor-top-section elementor-element elementor-element-916dac5 elementor-section-boxed elementor-section-height-default elementor-section-height-default\" data-id=\"916dac5\" data-element_type=\"section\" id=\"post_header\" data-settings=\"{&quot;background_background&quot;:&quot;classic&quot;}\">\n\t\t\t\t\t\t<div class=\"elementor-container elementor-column-gap-default\">\n\t\t\t\t\t\t\t<div class=\"elementor-row\">\n\t\t\t\t\t<div class=\"elementor-column elementor-col-100 elementor-top-column elementor-element elementor-element-3269f73\" data-id=\"3269f73\" data-element_type=\"column\">\n\t\t\t<div class=\"elementor-column-wrap elementor-element-populated\">\n\t\t\t\t\t\t\t<div class=\"elementor-widget-wrap\">\n\t\t\t\t\t\t<div class=\"elementor-element elementor-element-4bb7260 elementor-widget elementor-widget-text-editor\" data-id=\"4bb7260\" data-element_type=\"widget\" data-widget_type=\"text-editor.default\">\n\t\t\t\t<div class=\"elementor-widget-container\">\n\t\t\t\t\t\t\t\t<div class=\"elementor-text-editor elementor-clearfix\">\n\t\t\t\t<h1 style=\"text-align: center;\"><b>Vous et nous<br \/><\/b><\/h1><p style=\"text-align: center;\">Nous vous offrons un espace in\u00e9dit o\u00f9 vous pouvez partager avec nos lecteurs vos \u00e9crits.<\/p>\t\t\t\t\t<\/div>\n\t\t\t\t\t\t<\/div>\n\t\t\t\t<\/div>\n\t\t\t\t\t\t<\/div>\n\t\t\t\t\t<\/div>\n\t\t<\/div>\n\t\t\t\t\t\t\t\t<\/div>\n\t\t\t\t\t<\/div>\n\t\t<\/section>\n\t\t\t\t<section class=\"elementor-section elementor-top-section elementor-element elementor-element-67ae0e8b elementor-section-boxed elementor-section-height-default elementor-section-height-default\" data-id=\"67ae0e8b\" data-element_type=\"section\">\n\t\t\t\t\t\t<div class=\"elementor-container elementor-column-gap-default\">\n\t\t\t\t\t\t\t<div class=\"elementor-row\">\n\t\t\t\t\t<div class=\"elementor-column elementor-col-100 elementor-top-column elementor-element elementor-element-78469dff\" data-id=\"78469dff\" data-element_type=\"column\">\n\t\t\t<div class=\"elementor-column-wrap elementor-element-populated\">\n\t\t\t\t\t\t\t<div class=\"elementor-widget-wrap\">\n\t\t\t\t\t\t<div class=\"elementor-element elementor-element-304c7c0 elementor-widget elementor-widget-text-editor\" data-id=\"304c7c0\" data-element_type=\"widget\" data-widget_type=\"text-editor.default\">\n\t\t\t\t<div class=\"elementor-widget-container\">\n\t\t\t\t\t\t\t\t<div class=\"elementor-text-editor elementor-clearfix\">\n\t\t\t\t<p><style type=\"text\/css\">#post-grid-5862 .element_0{display: block;font-size: 21px;line-height: normal;padding: 5px 10px;text-align: left;}#post-grid-5862 .element_1630020739064{font-size:12px;display:block;padding:10px;}#post-grid-5862 .element_1{display: block;font-size: 12px;padding: 5px 10px;text-align: left;}#post-grid-5862 .element_2{display: block;font-size: 15px;font-weight: bold;padding: 0 10px;text-align: right;}#post-grid-5862 .element_0:hover{}#post-grid-5862 .element_1630020739064:hover{}#post-grid-5862 .element_1:hover{}#post-grid-5862 .element_2:hover{}#post-grid-5862 .item{\n\t\t\tbackground:#fff;\n\t\n\t\t\t}<\/style><style type=\"text\/css\">\/*Write your CSS code here*\/<\/style><style type=\"text\/css\">#post-grid-5862 {\n\t\t\tpadding:10px;\n\t\t\tbackground: #fff url() repeat scroll 0 0;\n\t\t}#post-grid-5862 .item .layer-media{overflow: hidden;\n\t\t}@media only screen and (min-width: 1024px ) {#post-grid-5862 .item .layer-media{max-height:220px;}}\n\t\t\n\t\t@media only screen and ( min-width: 768px ) and ( max-width: 1023px ) {#post-grid-5862 .item .layer-media{height:auto}}\n\t\t\n\t\t@media only screen and ( min-width: 320px ) and ( max-width: 767px ) {#post-grid-5862 .item .layer-media{height:auto}}#post-grid-5862 .item{\n\t\tmargin:10px;}@media only screen and (min-width: 1024px ) {#post-grid-5862 .item{height:auto;}}\n\t\n\t@media only screen and ( min-width: 768px ) and ( max-width: 1023px ) {#post-grid-5862 .item{height:auto}}\n\t\n\t@media only screen and ( min-width: 320px ) and ( max-width: 767px ) {#post-grid-5862 .item{height:auto}}\n\t@media only screen and (min-width: 1024px ) {\n\t#post-grid-5862 .item{width:31%}\n\t\n\t}\n\t\n\t@media only screen and ( min-width: 768px ) and ( max-width: 1023px ) {\n\t#post-grid-5862 .item{width:4%}\n\t}\n\t\n\t@media only screen and ( min-width: 320px ) and ( max-width: 767px ) {\n\t#post-grid-5862 .item{width:90%}\n\t}<\/style><div id=\"post-grid-5862\" class=\"post-grid grid\"><div class=\"grid-nav-top\"><\/div><div class=\"grid-items \" id=\"\"><div  class=\"item mix skin even flat vous-et-nous \"><div class=\"layer-media\"><a href=\"https:\/\/biscotteslitteraires.com\/2021\/12796-2\/\"><img alt=\"\" src=\"https:\/\/biscotteslitteraires.com\/2021\/wp-content\/uploads\/2026\/05\/1002144936-300x300.jpg\" \/><\/a><\/div><div class=\"layer-content\"><div class=\"element element_0 title\"  >CITATION DU JOUR<\/div><div class=\"element element_1630020739064 post_date\"  >9 mai 2026<\/div><div class=\"element element_1 excerpt\"  >CITATION DU JOUR<\/div><a target=\"_parent\" class=\"element element_2 read_more\"  href=\"https:\/\/biscotteslitteraires.com\/2021\/12796-2\/\">Lire la suite<\/a><\/div><\/div><div  class=\"item mix skin odd flat vous-et-nous \"><div class=\"layer-media\"><a href=\"https:\/\/biscotteslitteraires.com\/2021\/12782-2\/\"><img alt=\"\" src=\"https:\/\/biscotteslitteraires.com\/2021\/wp-content\/uploads\/2026\/05\/1002135967-300x300.jpg\" \/><\/a><\/div><div class=\"layer-content\"><div class=\"element element_0 title\"  >CITATION DU JOUR<\/div><div class=\"element element_1630020739064 post_date\"  >7 mai 2026<\/div><div class=\"element element_1 excerpt\"  ><\/div><a target=\"_parent\" class=\"element element_2 read_more\"  href=\"https:\/\/biscotteslitteraires.com\/2021\/12782-2\/\">Lire la suite<\/a><\/div><\/div><div  class=\"item mix skin even flat vous-et-nous \"><div class=\"layer-media\"><a href=\"https:\/\/biscotteslitteraires.com\/2021\/citation-du-jour-2\/\"><img alt=\"\" src=\"https:\/\/biscotteslitteraires.com\/2021\/wp-content\/uploads\/2026\/05\/1002130751-300x300.jpg\" \/><\/a><\/div><div class=\"layer-content\"><div class=\"element element_0 title\"  >CITATION DU JOUR<\/div><div class=\"element element_1630020739064 post_date\"  >6 mai 2026<\/div><div class=\"element element_1 excerpt\"  ><\/div><a target=\"_parent\" class=\"element element_2 read_more\"  href=\"https:\/\/biscotteslitteraires.com\/2021\/citation-du-jour-2\/\">Lire la suite<\/a><\/div><\/div><div  class=\"item mix skin odd flat vous-et-nous \"><div class=\"layer-media\"><a href=\"https:\/\/biscotteslitteraires.com\/2021\/12777-2\/\"><img alt=\"\" src=\"https:\/\/biscotteslitteraires.com\/2021\/wp-content\/uploads\/2026\/05\/1002129718-300x300.jpg\" \/><\/a><\/div><div class=\"layer-content\"><div class=\"element element_0 title\"  ><\/div><div class=\"element element_1630020739064 post_date\"  >5 mai 2026<\/div><div class=\"element element_1 excerpt\"  ><\/div><a target=\"_parent\" class=\"element element_2 read_more\"  href=\"https:\/\/biscotteslitteraires.com\/2021\/12777-2\/\">Lire la suite<\/a><\/div><\/div><div  class=\"item mix skin even flat vous-et-nous \"><div class=\"layer-media\"><a href=\"https:\/\/biscotteslitteraires.com\/2021\/12773-2\/\"><img alt=\"\" src=\"https:\/\/biscotteslitteraires.com\/2021\/wp-content\/uploads\/2026\/05\/1002129718-300x300.jpg\" \/><\/a><\/div><div class=\"layer-content\"><div class=\"element element_0 title\"  ><\/div><div class=\"element element_1630020739064 post_date\"  >5 mai 2026<\/div><div class=\"element element_1 excerpt\"  ><\/div><a target=\"_parent\" class=\"element element_2 read_more\"  href=\"https:\/\/biscotteslitteraires.com\/2021\/12773-2\/\">Lire la suite<\/a><\/div><\/div><div  class=\"item mix skin odd flat vous-et-nous \"><div class=\"layer-media\"><a href=\"https:\/\/biscotteslitteraires.com\/2021\/citation-du-jour\/\"><img alt=\"\" src=\"https:\/\/biscotteslitteraires.com\/2021\/wp-content\/uploads\/2026\/05\/asde-300x300.jpg\" \/><\/a><\/div><div class=\"layer-content\"><div class=\"element element_0 title\"  >Citation du jour<\/div><div class=\"element element_1630020739064 post_date\"  >4 mai 2026<\/div><div class=\"element element_1 excerpt\"  ><\/div><a target=\"_parent\" class=\"element element_2 read_more\"  href=\"https:\/\/biscotteslitteraires.com\/2021\/citation-du-jour\/\">Lire la suite<\/a><\/div><\/div><div  class=\"item mix skin even flat vous-et-nous \"><div class=\"layer-media\"><a href=\"https:\/\/biscotteslitteraires.com\/2021\/lecon-inaugurale-des-jalika-2025-ecrire-en-afrique-aujourdhui-un-defi-de-peine-et-de-passion\/\"><img src=\"https:\/\/biscotteslitteraires.com\/2021\/wp-content\/uploads\/2025\/11\/hd-250x300.jpg\" \/><\/a><\/div><div class=\"layer-content\"><div class=\"element element_0 title\"  >LE\u00c7ON INAUGURALE DES JALIKA 2025 : ECRIRE EN AFRIQUE AUJOURD\u2019HUI\u2026 UN DEFI DE PEINE ET DE PASSION<\/div><div class=\"element element_1630020739064 post_date\"  >16 novembre 2025<\/div><div class=\"element element_1 excerpt\"  >Mesdames et Messieurs, Dix ans plus t\u00f4t, presque jour pour jour, le grand jury me d\u00e9cernait le Prix Litt\u00e9raire du<\/div><a target=\"_parent\" class=\"element element_2 read_more\"  href=\"https:\/\/biscotteslitteraires.com\/2021\/lecon-inaugurale-des-jalika-2025-ecrire-en-afrique-aujourdhui-un-defi-de-peine-et-de-passion\/\">Lire la suite<\/a><\/div><\/div><div  class=\"item mix skin odd flat vous-et-nous \"><div class=\"layer-media\"><a href=\"https:\/\/biscotteslitteraires.com\/2021\/le-benin-et-le-livre-sous-patrice-talon-bilan-de-neuf-annees-de-politique-de-lecture-publique-2016-2025\/\"><img src=\"https:\/\/biscotteslitteraires.com\/2021\/wp-content\/uploads\/2025\/09\/IMG-20250907-WA0027-1024x683.jpg\" \/><\/a><\/div><div class=\"layer-content\"><div class=\"element element_0 title\"  >Le B\u00e9nin et le livre sous Patrice Talon : Bilan de neuf ann\u00e9es de politique de lecture publique (2016-2025)<\/div><div class=\"element element_1630020739064 post_date\"  >6 septembre 2025<\/div><div class=\"element element_1 excerpt\"  >\u00c0 l\u2019approche de la fin du second mandat de Patrice Talon en 2026, j\u2019ai jug\u00e9 utile d\u2019examiner les mutations observ\u00e9es<\/div><a target=\"_parent\" class=\"element element_2 read_more\"  href=\"https:\/\/biscotteslitteraires.com\/2021\/le-benin-et-le-livre-sous-patrice-talon-bilan-de-neuf-annees-de-politique-de-lecture-publique-2016-2025\/\">Lire la suite<\/a><\/div><\/div><div  class=\"item mix skin even flat vous-et-nous \"><div class=\"layer-media\"><a href=\"https:\/\/biscotteslitteraires.com\/2021\/samba-bathily-et-myster-ezin-le-duo-qui-donne-la-lumiere-a-espoirs-west-africa-tour\/\"><img src=\"https:\/\/biscotteslitteraires.com\/2021\/wp-content\/uploads\/2023\/11\/IMG-20231108-WA0019-768x1024.jpg\" \/><\/a><\/div><div class=\"layer-content\"><div class=\"element element_0 title\"  >Samba Bathily et Myster Ezin : le duo qui donne la lumi\u00e8re \u00e0 EspoirS West Africa tour<\/div><div class=\"element element_1630020739064 post_date\"  >10 novembre 2023<\/div><div class=\"element element_1 excerpt\"  >A Abidjan (C\u00f4te d&rsquo;Ivoire) le 03 novembre dernier, l&rsquo;artiste-musicien Myster Ezin \u00e9tait sur la sc\u00e8ne du Slamcase organis\u00e9 par Abidjan<\/div><a target=\"_parent\" class=\"element element_2 read_more\"  href=\"https:\/\/biscotteslitteraires.com\/2021\/samba-bathily-et-myster-ezin-le-duo-qui-donne-la-lumiere-a-espoirs-west-africa-tour\/\">Lire la suite<\/a><\/div><\/div><\/div><div class=\"grid-nav-bottom\"><div class=\"pagination dark\"><div class=\"paginate\"><span aria-current=\"page\" class=\"page-numbers current\">1<\/span>\n<a class=\"page-numbers\" href=\"https:\/\/biscotteslitteraires.com\/2021\/wp-json\/wp\/v2\/pages\/2085\/page\/2\/\">2<\/a>\n<a class=\"page-numbers\" href=\"https:\/\/biscotteslitteraires.com\/2021\/wp-json\/wp\/v2\/pages\/2085\/page\/3\/\">3<\/a>\n<span class=\"page-numbers dots\">\u2026<\/span>\n<a class=\"page-numbers\" href=\"https:\/\/biscotteslitteraires.com\/2021\/wp-json\/wp\/v2\/pages\/2085\/page\/9\/\">9<\/a>\n<a class=\"next page-numbers\" href=\"https:\/\/biscotteslitteraires.com\/2021\/wp-json\/wp\/v2\/pages\/2085\/page\/2\/\">Suivant \u00bb<\/a><\/div ><\/div ><\/div><script>\n\t\tjQuery(document).ready(function($)\n\t\t{\n\t\t\t$(\"#post-grid-5862 .layer-media .gallery\").owlCarousel({\n\t\t\t\t\n\t\t\t\titems : 1,\n\n\t\t\t\tnavText : [\"\",\"\"],\n\t\t\t\tautoplay: true,\n\t\t\t\tloop: true,\n\t\t\t\tautoHeight : true,\t\n\t\t\t\tnav : false,\t\n\t\t\t\tdots : false,\t\t\t\t\t\n\t\t\t\t\t\t\t\t\t\t\t\n\t\t\t\t\t\t\t\t\n\t\t\t\t});\n\t\t\n\t\t});<\/script><\/div><\/p>\t\t\t\t\t<\/div>\n\t\t\t\t\t\t<\/div>\n\t\t\t\t<\/div>\n\t\t\t\t\t\t<\/div>\n\t\t\t\t\t<\/div>\n\t\t<\/div>\n\t\t\t\t\t\t\t\t<\/div>\n\t\t\t\t\t<\/div>\n\t\t<\/section>\n\t\t\t\t\t\t<\/div>\n\t\t\t\t\t\t<\/div>\n\t\t\t\t\t<\/div>\n\t\t","protected":false},"excerpt":{"rendered":"<p>Vous et nous Nous vous offrons un espace in\u00e9dit o\u00f9 vous pouvez partager avec nos lecteurs vos \u00e9crits.<\/p>\n","protected":false},"author":1,"featured_media":10145,"parent":0,"menu_order":0,"comment_status":"closed","ping_status":"closed","template":"","meta":[],"yoast_head":"<!-- This site is optimized with the Yoast SEO plugin v19.0 - https:\/\/yoast.com\/wordpress\/plugins\/seo\/ -->\n<title>Vous et nous - Biscottes Litt\u00e9raires<\/title>\n<meta name=\"robots\" content=\"index, follow, max-snippet:-1, max-image-preview:large, max-video-preview:-1\" \/>\n<link rel=\"canonical\" href=\"https:\/\/biscotteslitteraires.com\/2021\/vous-et-nous\/\" \/>\n<meta property=\"og:locale\" content=\"fr_FR\" \/>\n<meta property=\"og:type\" content=\"article\" \/>\n<meta property=\"og:title\" content=\"Vous et nous - Biscottes Litt\u00e9raires\" \/>\n<meta property=\"og:description\" content=\"Vous et nous Nous vous offrons un espace in\u00e9dit o\u00f9 vous pouvez partager avec nos lecteurs vos \u00e9crits.\" \/>\n<meta property=\"og:url\" content=\"https:\/\/biscotteslitteraires.com\/2021\/vous-et-nous\/\" \/>\n<meta property=\"og:site_name\" content=\"Biscottes Litt\u00e9raires\" \/>\n<meta property=\"article:publisher\" content=\"https:\/\/facebook.com\/biscotteslitterairesbenin\" \/>\n<meta property=\"article:modified_time\" content=\"2021-08-26T22:25:41+00:00\" \/>\n<meta property=\"og:image\" content=\"https:\/\/biscotteslitteraires.com\/2021\/wp-content\/uploads\/2021\/08\/cadeau.jpg\" \/>\n\t<meta property=\"og:image:width\" content=\"1920\" \/>\n\t<meta property=\"og:image:height\" content=\"1280\" \/>\n\t<meta property=\"og:image:type\" content=\"image\/jpeg\" \/>\n<meta name=\"twitter:card\" content=\"summary\" \/>\n<script type=\"application\/ld+json\" class=\"yoast-schema-graph\">{\"@context\":\"https:\/\/schema.org\",\"@graph\":[{\"@type\":\"Organization\",\"@id\":\"https:\/\/biscotteslitteraires.com\/2021\/#organization\",\"name\":\"Biscottes Litt\u00e9raires\",\"url\":\"https:\/\/biscotteslitteraires.com\/2021\/\",\"sameAs\":[\"https:\/\/facebook.com\/biscotteslitterairesbenin\"],\"logo\":{\"@type\":\"ImageObject\",\"inLanguage\":\"fr-FR\",\"@id\":\"https:\/\/biscotteslitteraires.com\/2021\/#\/schema\/logo\/image\/\",\"url\":\"https:\/\/biscotteslitteraires.com\/2021\/wp-content\/uploads\/2018\/11\/cropped-LOGO-BL-e1630101307137.jpg\",\"contentUrl\":\"https:\/\/biscotteslitteraires.com\/2021\/wp-content\/uploads\/2018\/11\/cropped-LOGO-BL-e1630101307137.jpg\",\"width\":960,\"height\":960,\"caption\":\"Biscottes Litt\u00e9raires\"},\"image\":{\"@id\":\"https:\/\/biscotteslitteraires.com\/2021\/#\/schema\/logo\/image\/\"}},{\"@type\":\"WebSite\",\"@id\":\"https:\/\/biscotteslitteraires.com\/2021\/#website\",\"url\":\"https:\/\/biscotteslitteraires.com\/2021\/\",\"name\":\"Biscottes Litt\u00e9raires\",\"description\":\"Ici nous voyagerons dans les lignes, explorerons les interlignes.\",\"publisher\":{\"@id\":\"https:\/\/biscotteslitteraires.com\/2021\/#organization\"},\"potentialAction\":[{\"@type\":\"SearchAction\",\"target\":{\"@type\":\"EntryPoint\",\"urlTemplate\":\"https:\/\/biscotteslitteraires.com\/2021\/?s={search_term_string}\"},\"query-input\":\"required name=search_term_string\"}],\"inLanguage\":\"fr-FR\"},{\"@type\":\"ImageObject\",\"inLanguage\":\"fr-FR\",\"@id\":\"https:\/\/biscotteslitteraires.com\/2021\/vous-et-nous\/#primaryimage\",\"url\":\"https:\/\/biscotteslitteraires.com\/2021\/wp-content\/uploads\/2021\/08\/cadeau.jpg\",\"contentUrl\":\"https:\/\/biscotteslitteraires.com\/2021\/wp-content\/uploads\/2021\/08\/cadeau.jpg\",\"width\":1920,\"height\":1280},{\"@type\":\"WebPage\",\"@id\":\"https:\/\/biscotteslitteraires.com\/2021\/vous-et-nous\/#webpage\",\"url\":\"https:\/\/biscotteslitteraires.com\/2021\/vous-et-nous\/\",\"name\":\"Vous et nous - Biscottes Litt\u00e9raires\",\"isPartOf\":{\"@id\":\"https:\/\/biscotteslitteraires.com\/2021\/#website\"},\"primaryImageOfPage\":{\"@id\":\"https:\/\/biscotteslitteraires.com\/2021\/vous-et-nous\/#primaryimage\"},\"datePublished\":\"2018-02-07T10:47:41+00:00\",\"dateModified\":\"2021-08-26T22:25:41+00:00\",\"breadcrumb\":{\"@id\":\"https:\/\/biscotteslitteraires.com\/2021\/vous-et-nous\/#breadcrumb\"},\"inLanguage\":\"fr-FR\",\"potentialAction\":[{\"@type\":\"ReadAction\",\"target\":[\"https:\/\/biscotteslitteraires.com\/2021\/vous-et-nous\/\"]}]},{\"@type\":\"BreadcrumbList\",\"@id\":\"https:\/\/biscotteslitteraires.com\/2021\/vous-et-nous\/#breadcrumb\",\"itemListElement\":[{\"@type\":\"ListItem\",\"position\":1,\"name\":\"Accueil\",\"item\":\"https:\/\/biscotteslitteraires.com\/2021\/\"},{\"@type\":\"ListItem\",\"position\":2,\"name\":\"Vous et nous\"}]}]}<\/script>\n<!-- \/ Yoast SEO plugin. -->","yoast_head_json":{"title":"Vous et nous - Biscottes Litt\u00e9raires","robots":{"index":"index","follow":"follow","max-snippet":"max-snippet:-1","max-image-preview":"max-image-preview:large","max-video-preview":"max-video-preview:-1"},"canonical":"https:\/\/biscotteslitteraires.com\/2021\/vous-et-nous\/","og_locale":"fr_FR","og_type":"article","og_title":"Vous et nous - Biscottes Litt\u00e9raires","og_description":"Vous et nous Nous vous offrons un espace in\u00e9dit o\u00f9 vous pouvez partager avec nos lecteurs vos \u00e9crits.","og_url":"https:\/\/biscotteslitteraires.com\/2021\/vous-et-nous\/","og_site_name":"Biscottes Litt\u00e9raires","article_publisher":"https:\/\/facebook.com\/biscotteslitterairesbenin","article_modified_time":"2021-08-26T22:25:41+00:00","og_image":[{"width":1920,"height":1280,"url":"https:\/\/biscotteslitteraires.com\/2021\/wp-content\/uploads\/2021\/08\/cadeau.jpg","type":"image\/jpeg"}],"twitter_card":"summary","schema":{"@context":"https:\/\/schema.org","@graph":[{"@type":"Organization","@id":"https:\/\/biscotteslitteraires.com\/2021\/#organization","name":"Biscottes Litt\u00e9raires","url":"https:\/\/biscotteslitteraires.com\/2021\/","sameAs":["https:\/\/facebook.com\/biscotteslitterairesbenin"],"logo":{"@type":"ImageObject","inLanguage":"fr-FR","@id":"https:\/\/biscotteslitteraires.com\/2021\/#\/schema\/logo\/image\/","url":"https:\/\/biscotteslitteraires.com\/2021\/wp-content\/uploads\/2018\/11\/cropped-LOGO-BL-e1630101307137.jpg","contentUrl":"https:\/\/biscotteslitteraires.com\/2021\/wp-content\/uploads\/2018\/11\/cropped-LOGO-BL-e1630101307137.jpg","width":960,"height":960,"caption":"Biscottes Litt\u00e9raires"},"image":{"@id":"https:\/\/biscotteslitteraires.com\/2021\/#\/schema\/logo\/image\/"}},{"@type":"WebSite","@id":"https:\/\/biscotteslitteraires.com\/2021\/#website","url":"https:\/\/biscotteslitteraires.com\/2021\/","name":"Biscottes Litt\u00e9raires","description":"Ici nous voyagerons dans les lignes, explorerons les interlignes.","publisher":{"@id":"https:\/\/biscotteslitteraires.com\/2021\/#organization"},"potentialAction":[{"@type":"SearchAction","target":{"@type":"EntryPoint","urlTemplate":"https:\/\/biscotteslitteraires.com\/2021\/?s={search_term_string}"},"query-input":"required name=search_term_string"}],"inLanguage":"fr-FR"},{"@type":"ImageObject","inLanguage":"fr-FR","@id":"https:\/\/biscotteslitteraires.com\/2021\/vous-et-nous\/#primaryimage","url":"https:\/\/biscotteslitteraires.com\/2021\/wp-content\/uploads\/2021\/08\/cadeau.jpg","contentUrl":"https:\/\/biscotteslitteraires.com\/2021\/wp-content\/uploads\/2021\/08\/cadeau.jpg","width":1920,"height":1280},{"@type":"WebPage","@id":"https:\/\/biscotteslitteraires.com\/2021\/vous-et-nous\/#webpage","url":"https:\/\/biscotteslitteraires.com\/2021\/vous-et-nous\/","name":"Vous et nous - Biscottes Litt\u00e9raires","isPartOf":{"@id":"https:\/\/biscotteslitteraires.com\/2021\/#website"},"primaryImageOfPage":{"@id":"https:\/\/biscotteslitteraires.com\/2021\/vous-et-nous\/#primaryimage"},"datePublished":"2018-02-07T10:47:41+00:00","dateModified":"2021-08-26T22:25:41+00:00","breadcrumb":{"@id":"https:\/\/biscotteslitteraires.com\/2021\/vous-et-nous\/#breadcrumb"},"inLanguage":"fr-FR","potentialAction":[{"@type":"ReadAction","target":["https:\/\/biscotteslitteraires.com\/2021\/vous-et-nous\/"]}]},{"@type":"BreadcrumbList","@id":"https:\/\/biscotteslitteraires.com\/2021\/vous-et-nous\/#breadcrumb","itemListElement":[{"@type":"ListItem","position":1,"name":"Accueil","item":"https:\/\/biscotteslitteraires.com\/2021\/"},{"@type":"ListItem","position":2,"name":"Vous et nous"}]}]}},"_links":{"self":[{"href":"https:\/\/biscotteslitteraires.com\/2021\/wp-json\/wp\/v2\/pages\/2085"}],"collection":[{"href":"https:\/\/biscotteslitteraires.com\/2021\/wp-json\/wp\/v2\/pages"}],"about":[{"href":"https:\/\/biscotteslitteraires.com\/2021\/wp-json\/wp\/v2\/types\/page"}],"author":[{"embeddable":true,"href":"https:\/\/biscotteslitteraires.com\/2021\/wp-json\/wp\/v2\/users\/1"}],"replies":[{"embeddable":true,"href":"https:\/\/biscotteslitteraires.com\/2021\/wp-json\/wp\/v2\/comments?post=2085"}],"version-history":[{"count":11,"href":"https:\/\/biscotteslitteraires.com\/2021\/wp-json\/wp\/v2\/pages\/2085\/revisions"}],"predecessor-version":[{"id":10146,"href":"https:\/\/biscotteslitteraires.com\/2021\/wp-json\/wp\/v2\/pages\/2085\/revisions\/10146"}],"wp:featuredmedia":[{"embeddable":true,"href":"https:\/\/biscotteslitteraires.com\/2021\/wp-json\/wp\/v2\/media\/10145"}],"wp:attachment":[{"href":"https:\/\/biscotteslitteraires.com\/2021\/wp-json\/wp\/v2\/media?parent=2085"}],"curies":[{"name":"wp","href":"https:\/\/api.w.org\/{rel}","templated":true}]}}