{"id":239,"date":"2017-05-03T12:42:14","date_gmt":"2017-05-03T12:42:14","guid":{"rendered":"http:\/\/biscotteslitteraires.com\/2021\/?page_id=239"},"modified":"2021-08-26T22:21:29","modified_gmt":"2021-08-26T22:21:29","slug":"chroniques","status":"publish","type":"page","link":"https:\/\/biscotteslitteraires.com\/2021\/chroniques\/","title":{"rendered":"Chroniques"},"content":{"rendered":"\t\t<div data-elementor-type=\"wp-page\" data-elementor-id=\"239\" class=\"elementor elementor-239\" data-elementor-settings=\"[]\">\n\t\t\t\t\t\t<div class=\"elementor-inner\">\n\t\t\t\t\t\t\t<div class=\"elementor-section-wrap\">\n\t\t\t\t\t\t\t<section class=\"elementor-section elementor-top-section elementor-element elementor-element-ffe6af9 elementor-section-boxed elementor-section-height-default elementor-section-height-default\" data-id=\"ffe6af9\" data-element_type=\"section\" id=\"post_header\" data-settings=\"{&quot;background_background&quot;:&quot;classic&quot;}\">\n\t\t\t\t\t\t<div class=\"elementor-container elementor-column-gap-default\">\n\t\t\t\t\t\t\t<div class=\"elementor-row\">\n\t\t\t\t\t<div class=\"elementor-column elementor-col-100 elementor-top-column elementor-element elementor-element-2842be9\" data-id=\"2842be9\" data-element_type=\"column\">\n\t\t\t<div class=\"elementor-column-wrap elementor-element-populated\">\n\t\t\t\t\t\t\t<div class=\"elementor-widget-wrap\">\n\t\t\t\t\t\t<div class=\"elementor-element elementor-element-dbadd98 elementor-widget elementor-widget-text-editor\" data-id=\"dbadd98\" data-element_type=\"widget\" data-widget_type=\"text-editor.default\">\n\t\t\t\t<div class=\"elementor-widget-container\">\n\t\t\t\t\t\t\t\t<div class=\"elementor-text-editor elementor-clearfix\">\n\t\t\t\t<h1 style=\"text-align: center;\"><b>Chroniques<br><\/b><\/h1>\n<p style=\"text-align: center;\">Nous vous emmenons \u00e0 la d\u00e9couverte chaque semaine de l&rsquo;oeuvre d&rsquo;un auteur b\u00e9ninois, africain ou d&rsquo;ailleurs. Nous vous offrons la quintescence de l&rsquo;ouvrage afin de vous inciter \u00e0 le lire.<br><\/p>\t\t\t\t\t<\/div>\n\t\t\t\t\t\t<\/div>\n\t\t\t\t<\/div>\n\t\t\t\t\t\t<\/div>\n\t\t\t\t\t<\/div>\n\t\t<\/div>\n\t\t\t\t\t\t\t\t<\/div>\n\t\t\t\t\t<\/div>\n\t\t<\/section>\n\t\t\t\t<section class=\"elementor-section elementor-top-section elementor-element elementor-element-2be490d8 elementor-section-boxed elementor-section-height-default elementor-section-height-default\" data-id=\"2be490d8\" data-element_type=\"section\">\n\t\t\t\t\t\t<div class=\"elementor-container elementor-column-gap-default\">\n\t\t\t\t\t\t\t<div class=\"elementor-row\">\n\t\t\t\t\t<div class=\"elementor-column elementor-col-100 elementor-top-column elementor-element elementor-element-93a9375\" data-id=\"93a9375\" data-element_type=\"column\">\n\t\t\t<div class=\"elementor-column-wrap elementor-element-populated\">\n\t\t\t\t\t\t\t<div class=\"elementor-widget-wrap\">\n\t\t\t\t\t\t<div class=\"elementor-element elementor-element-86ca942 elementor-widget elementor-widget-shortcode\" data-id=\"86ca942\" data-element_type=\"widget\" data-widget_type=\"shortcode.default\">\n\t\t\t\t<div class=\"elementor-widget-container\">\n\t\t\t\t\t<div class=\"elementor-shortcode\"><style type=\"text\/css\">#post-grid-7700 .element_0{display: block;font-size: 21px;line-height: normal;padding: 5px 10px;text-align: left;}#post-grid-7700 .element_1630020739064{font-size:12px;display:block;padding:10px;}#post-grid-7700 .element_1{display: block;font-size: 12px;padding: 5px 10px;text-align: left;}#post-grid-7700 .element_2{display: block;font-size: 15px;font-weight: bold;padding: 0 10px;text-align: right;}#post-grid-7700 .element_0:hover{}#post-grid-7700 .element_1630020739064:hover{}#post-grid-7700 .element_1:hover{}#post-grid-7700 .element_2:hover{}#post-grid-7700 .item{\n\t\t\tbackground:#fff;\n\t\n\t\t\t}<\/style><style type=\"text\/css\">\/*Write your CSS code here*\/<\/style><style type=\"text\/css\">#post-grid-7700 {\n\t\t\tpadding:10px;\n\t\t\tbackground: #fff url() repeat scroll 0 0;\n\t\t}#post-grid-7700 .item .layer-media{overflow: hidden;\n\t\t}@media only screen and (min-width: 1024px ) {#post-grid-7700 .item .layer-media{max-height:220px;}}\n\t\t\n\t\t@media only screen and ( min-width: 768px ) and ( max-width: 1023px ) {#post-grid-7700 .item .layer-media{height:auto}}\n\t\t\n\t\t@media only screen and ( min-width: 320px ) and ( max-width: 767px ) {#post-grid-7700 .item .layer-media{height:auto}}#post-grid-7700 .item{\n\t\tmargin:10px;}@media only screen and (min-width: 1024px ) {#post-grid-7700 .item{height:auto;}}\n\t\n\t@media only screen and ( min-width: 768px ) and ( max-width: 1023px ) {#post-grid-7700 .item{height:auto}}\n\t\n\t@media only screen and ( min-width: 320px ) and ( max-width: 767px ) {#post-grid-7700 .item{height:auto}}\n\t@media only screen and (min-width: 1024px ) {\n\t#post-grid-7700 .item{width:31%}\n\t\n\t}\n\t\n\t@media only screen and ( min-width: 768px ) and ( max-width: 1023px ) {\n\t#post-grid-7700 .item{width:45%}\n\t}\n\t\n\t@media only screen and ( min-width: 320px ) and ( max-width: 767px ) {\n\t#post-grid-7700 .item{width:90%}\n\t}<\/style><div id=\"post-grid-7700\" class=\"post-grid grid\"><div class=\"grid-nav-top\"><\/div><div class=\"grid-items \" id=\"\"><div  class=\"item mix skin even flat chronique-du-menu lupourvous \"><div class=\"layer-media\"><a href=\"https:\/\/biscotteslitteraires.com\/2021\/chrys-amegan-oxytocine\/\"><img alt=\"\" src=\"https:\/\/biscotteslitteraires.com\/2021\/wp-content\/uploads\/2026\/05\/1002117333-1-300x225.jpg\" \/><\/a><\/div><div class=\"layer-content\"><div class=\"element element_0 title\"  >Oxytocine de Chrys Am\u00e8gan<\/div><div class=\"element element_1630020739064 post_date\"  >1 mai 2026<\/div><div class=\"element element_1 excerpt\"  >Cr\u00e9er, soigner. Il est temps de \u00ab\u00a0r\u00e9parer l'existence\u00a0\u00bb. L'omnipr\u00e9sence du vocabulaire du corps, d'emprunts au champ lexical de la m\u00e9decine,<\/div><a target=\"_parent\" class=\"element element_2 read_more\"  href=\"https:\/\/biscotteslitteraires.com\/2021\/chrys-amegan-oxytocine\/\">Lire la suite<\/a><\/div><\/div><div  class=\"item mix skin odd flat chronique-du-menu \"><div class=\"layer-media\"><a href=\"https:\/\/biscotteslitteraires.com\/2021\/silence-djembe-de-saisons-closes-de-valere-vignigbe-lu-par-myrtille-haho\/\"><img alt=\"\" src=\"https:\/\/biscotteslitteraires.com\/2021\/wp-content\/uploads\/2026\/04\/silence-djembe-de-saisons-closes-186x300.jpg\" \/><\/a><\/div><div class=\"layer-content\"><div class=\"element element_0 title\"  >\u00ab\u00a0Silence Djemb\u00e9 de saisons closes\u00a0\u00bb de Val\u00e8re Vignigb\u00e9 lu par Myrtille Haho<\/div><div class=\"element element_1630020739064 post_date\"  >7 avril 2026<\/div><div class=\"element element_1 excerpt\"  >\"Silence Djemb\u00e9 de saisons closes\" de Val\u00e8re Vignigb\u00e9 est un recueil de po\u00e8mes qui se situe au carrefour de plusieurs<\/div><a target=\"_parent\" class=\"element element_2 read_more\"  href=\"https:\/\/biscotteslitteraires.com\/2021\/silence-djembe-de-saisons-closes-de-valere-vignigbe-lu-par-myrtille-haho\/\">Lire la suite<\/a><\/div><\/div><div  class=\"item mix skin even flat chronique-du-menu \"><div class=\"layer-media\"><a href=\"https:\/\/biscotteslitteraires.com\/2021\/carmen-fifame-une-femme-exceptionnelle\/\"><img alt=\"\" src=\"https:\/\/biscotteslitteraires.com\/2021\/wp-content\/uploads\/2026\/03\/1001968928-300x220.jpg\" \/><\/a><\/div><div class=\"layer-content\"><div class=\"element element_0 title\"  >CARMEN FIFAM\u00c8: une femme exceptionnelle !<\/div><div class=\"element element_1630020739064 post_date\"  >20 mars 2026<\/div><div class=\"element element_1 excerpt\"  >Tu ne t'es pas content\u00e9e de grandir : tu t'es arrach\u00e9e au silence pour devenir un cri d'espoir et une<\/div><a target=\"_parent\" class=\"element element_2 read_more\"  href=\"https:\/\/biscotteslitteraires.com\/2021\/carmen-fifame-une-femme-exceptionnelle\/\">Lire la suite<\/a><\/div><\/div><div  class=\"item mix skin odd flat chronique-du-menu \"><div class=\"layer-media\"><a href=\"https:\/\/biscotteslitteraires.com\/2021\/tchapalo-tango-de-fidele-goulyzia-une-oeuvre-bouleversante\/\"><img alt=\"\" src=\"https:\/\/biscotteslitteraires.com\/2021\/wp-content\/uploads\/2026\/03\/Tchakpalo-300x217.jpg\" \/><\/a><\/div><div class=\"layer-content\"><div class=\"element element_0 title\"  >Tchapalo Tango de Fid\u00e8le GOULYZIA, une \u0153uvre bouleversante<\/div><div class=\"element element_1630020739064 post_date\"  >2 mars 2026<\/div><div class=\"element element_1 excerpt\"  >Il existe des livres dont les histoires s\u2019apparentent \u00e0 la r\u00e9alit\u00e9 et au v\u00e9cu d\u2019un certain nombre d\u2019individu. Ces livres<\/div><a target=\"_parent\" class=\"element element_2 read_more\"  href=\"https:\/\/biscotteslitteraires.com\/2021\/tchapalo-tango-de-fidele-goulyzia-une-oeuvre-bouleversante\/\">Lire la suite<\/a><\/div><\/div><div  class=\"item mix skin even flat chronique-du-menu \"><div class=\"layer-media\"><a href=\"https:\/\/biscotteslitteraires.com\/2021\/nos-voix-sunissent-fredhy-armel-bocovo\/\"><img alt=\"\" src=\"https:\/\/biscotteslitteraires.com\/2021\/wp-content\/uploads\/2025\/10\/1001419376-300x262.jpg\" \/><\/a><\/div><div class=\"layer-content\"><div class=\"element element_0 title\"  >\u00a0\u00bb Nos voix s\u2019unissent \u00ab\u00a0, Fredhy-Armel Bocovo<\/div><div class=\"element element_1630020739064 post_date\"  >28 octobre 2025<\/div><div class=\"element element_1 excerpt\"  >Ce livre n\u2019a pas commis le p\u00e9ch\u00e9 que commettent souvent les livres qui se veulent t\u00e9moignages ou qui se r\u00e9clament<\/div><a target=\"_parent\" class=\"element element_2 read_more\"  href=\"https:\/\/biscotteslitteraires.com\/2021\/nos-voix-sunissent-fredhy-armel-bocovo\/\">Lire la suite<\/a><\/div><\/div><div  class=\"item mix skin odd flat chronique-du-menu \"><div class=\"layer-media\"><a href=\"https:\/\/biscotteslitteraires.com\/2021\/soolim-au-dela-de-lhumain\/\"><img alt=\"\" src=\"https:\/\/biscotteslitteraires.com\/2021\/wp-content\/uploads\/2025\/04\/1000720835-272x300.jpg\" \/><\/a><\/div><div class=\"layer-content\"><div class=\"element element_0 title\"  >\u00a0\u00bb Soolim \u00ab\u00a0: Au-del\u00e0 de l&rsquo;humain&#8230;<\/div><div class=\"element element_1630020739064 post_date\"  >8 avril 2025<\/div><div class=\"element element_1 excerpt\"  >Sous la coordination de l'\u00e9crivain Jacques Hou\u00e9gb\u00e9, cet ouvrage explore les m\u00e9andres de l'irrationnel avec des r\u00e9cits fantasmagoriques.<\/div><a target=\"_parent\" class=\"element element_2 read_more\"  href=\"https:\/\/biscotteslitteraires.com\/2021\/soolim-au-dela-de-lhumain\/\">Lire la suite<\/a><\/div><\/div><div  class=\"item mix skin even flat chronique-du-menu \"><div class=\"layer-media\"><a href=\"https:\/\/biscotteslitteraires.com\/2021\/la-mission-sauvage-de-robert-edjamian\/\"><img alt=\"\" src=\"https:\/\/biscotteslitteraires.com\/2021\/wp-content\/uploads\/2024\/11\/1000337359-283x300.jpg\" \/><\/a><\/div><div class=\"layer-content\"><div class=\"element element_0 title\"  >\u00ab\u00a0La mission Sauvage\u00a0\u00bb de Robert Edjamian<\/div><div class=\"element element_1630020739064 post_date\"  >13 novembre 2024<\/div><div class=\"element element_1 excerpt\"  >D\u00e9couvrir, c'est aussi accepter le myst\u00e8re du monde et le myst\u00e8re en chaque \u00eatre humain. Les plus grandes expressions du<\/div><a target=\"_parent\" class=\"element element_2 read_more\"  href=\"https:\/\/biscotteslitteraires.com\/2021\/la-mission-sauvage-de-robert-edjamian\/\">Lire la suite<\/a><\/div><\/div><div  class=\"item mix skin odd flat chronique-du-menu \"><div class=\"layer-media\"><a href=\"https:\/\/biscotteslitteraires.com\/2021\/comme-un-avant-dapocalypse-de-adelaide-fassinou\/\"><img alt=\"\" src=\"https:\/\/biscotteslitteraires.com\/2021\/wp-content\/uploads\/2024\/10\/1000265268-250x300.jpg\" \/><\/a><\/div><div class=\"layer-content\"><div class=\"element element_0 title\"  >\u00ab\u00a0Comme un avant d\u2019apocalypse\u00a0\u00bb de Ad\u00e9la\u00efde Fassinou<\/div><div class=\"element element_1630020739064 post_date\"  >23 octobre 2024<\/div><div class=\"element element_1 excerpt\"  >L\u2019ouvrage, Comme un avant d\u2019apocalypse publi\u00e9 aux Editions B\u00e9ninlivres \u00e0 Porto-Novo au d\u00e9but de l\u2019\u00e9t\u00e9 dernier, est accompagn\u00e9 de l\u2019index<\/div><a target=\"_parent\" class=\"element element_2 read_more\"  href=\"https:\/\/biscotteslitteraires.com\/2021\/comme-un-avant-dapocalypse-de-adelaide-fassinou\/\">Lire la suite<\/a><\/div><\/div><div  class=\"item mix skin even flat chronique-du-menu \"><div class=\"layer-media\"><a href=\"https:\/\/biscotteslitteraires.com\/2021\/ils-sont-partis-de-teddy-ngbanda\/\"><img alt=\"\" src=\"https:\/\/biscotteslitteraires.com\/2021\/wp-content\/uploads\/2024\/09\/1000189615-1-200x300.jpg\" \/><\/a><\/div><div class=\"layer-content\"><div class=\"element element_0 title\"  >\u00ab Ils sont partis \u00bb de Teddy NGBANDA<\/div><div class=\"element element_1630020739064 post_date\"  >21 septembre 2024<\/div><div class=\"element element_1 excerpt\"  >en ignorant le monde spirituel, la race humaine oublie qu\u2019elle \u00ab n\u2019est pas faite pour \u00eatre ind\u00e9pendante. Elle a besoin<\/div><a target=\"_parent\" class=\"element element_2 read_more\"  href=\"https:\/\/biscotteslitteraires.com\/2021\/ils-sont-partis-de-teddy-ngbanda\/\">Lire la suite<\/a><\/div><\/div><\/div><div class=\"grid-nav-bottom\"><div class=\"pagination dark\"><div class=\"paginate\"><span aria-current=\"page\" class=\"page-numbers current\">1<\/span>\n<a class=\"page-numbers\" href=\"https:\/\/biscotteslitteraires.com\/2021\/wp-json\/wp\/v2\/pages\/239\/page\/2\/\">2<\/a>\n<a class=\"page-numbers\" href=\"https:\/\/biscotteslitteraires.com\/2021\/wp-json\/wp\/v2\/pages\/239\/page\/3\/\">3<\/a>\n<span class=\"page-numbers dots\">\u2026<\/span>\n<a class=\"page-numbers\" href=\"https:\/\/biscotteslitteraires.com\/2021\/wp-json\/wp\/v2\/pages\/239\/page\/31\/\">31<\/a>\n<a class=\"next page-numbers\" href=\"https:\/\/biscotteslitteraires.com\/2021\/wp-json\/wp\/v2\/pages\/239\/page\/2\/\">Suivant \u00bb<\/a><\/div ><\/div ><\/div><script>\n\t\tjQuery(document).ready(function($)\n\t\t{\n\t\t\t$(\"#post-grid-7700 .layer-media .gallery\").owlCarousel({\n\t\t\t\t\n\t\t\t\titems : 1,\n\n\t\t\t\tnavText : [\"\",\"\"],\n\t\t\t\tautoplay: true,\n\t\t\t\tloop: true,\n\t\t\t\tautoHeight : true,\t\n\t\t\t\tnav : false,\t\n\t\t\t\tdots : false,\t\t\t\t\t\n\t\t\t\t\t\t\t\t\t\t\t\n\t\t\t\t\t\t\t\t\n\t\t\t\t});\n\t\t\n\t\t});<\/script><\/div><\/div>\n\t\t\t\t<\/div>\n\t\t\t\t<\/div>\n\t\t\t\t\t\t<\/div>\n\t\t\t\t\t<\/div>\n\t\t<\/div>\n\t\t\t\t\t\t\t\t<\/div>\n\t\t\t\t\t<\/div>\n\t\t<\/section>\n\t\t\t\t\t\t<\/div>\n\t\t\t\t\t\t<\/div>\n\t\t\t\t\t<\/div>\n\t\t","protected":false},"excerpt":{"rendered":"<p>Chroniques Nous vous emmenons \u00e0 la d\u00e9couverte chaque semaine de l&rsquo;oeuvre d&rsquo;un auteur b\u00e9ninois, africain ou d&rsquo;ailleurs. Nous vous offrons la quintescence de l&rsquo;ouvrage afin de vous inciter \u00e0 le lire.<\/p>\n","protected":false},"author":1,"featured_media":10144,"parent":0,"menu_order":0,"comment_status":"closed","ping_status":"closed","template":"","meta":[],"yoast_head":"<!-- This site is optimized with the Yoast SEO plugin v19.0 - https:\/\/yoast.com\/wordpress\/plugins\/seo\/ -->\n<title>Chroniques - Biscottes Litt\u00e9raires<\/title>\n<meta name=\"robots\" content=\"index, follow, max-snippet:-1, max-image-preview:large, max-video-preview:-1\" \/>\n<link rel=\"canonical\" href=\"https:\/\/biscotteslitteraires.com\/2021\/chroniques\/\" \/>\n<meta property=\"og:locale\" content=\"fr_FR\" \/>\n<meta property=\"og:type\" content=\"article\" \/>\n<meta property=\"og:title\" content=\"Chroniques - Biscottes Litt\u00e9raires\" \/>\n<meta property=\"og:description\" content=\"Chroniques Nous vous emmenons \u00e0 la d\u00e9couverte chaque semaine de l&rsquo;oeuvre d&rsquo;un auteur b\u00e9ninois, africain ou d&rsquo;ailleurs. Nous vous offrons la quintescence de l&rsquo;ouvrage afin de vous inciter \u00e0 le lire.\" \/>\n<meta property=\"og:url\" content=\"https:\/\/biscotteslitteraires.com\/2021\/chroniques\/\" \/>\n<meta property=\"og:site_name\" content=\"Biscottes Litt\u00e9raires\" \/>\n<meta property=\"article:publisher\" content=\"https:\/\/facebook.com\/biscotteslitterairesbenin\" \/>\n<meta property=\"article:modified_time\" content=\"2021-08-26T22:21:29+00:00\" \/>\n<meta property=\"og:image\" content=\"https:\/\/biscotteslitteraires.com\/2021\/wp-content\/uploads\/2021\/08\/lecteur.jpg\" \/>\n\t<meta property=\"og:image:width\" content=\"1152\" \/>\n\t<meta property=\"og:image:height\" content=\"768\" \/>\n\t<meta property=\"og:image:type\" content=\"image\/jpeg\" \/>\n<meta name=\"twitter:card\" content=\"summary\" \/>\n<script type=\"application\/ld+json\" class=\"yoast-schema-graph\">{\"@context\":\"https:\/\/schema.org\",\"@graph\":[{\"@type\":\"Organization\",\"@id\":\"https:\/\/biscotteslitteraires.com\/2021\/#organization\",\"name\":\"Biscottes Litt\u00e9raires\",\"url\":\"https:\/\/biscotteslitteraires.com\/2021\/\",\"sameAs\":[\"https:\/\/facebook.com\/biscotteslitterairesbenin\"],\"logo\":{\"@type\":\"ImageObject\",\"inLanguage\":\"fr-FR\",\"@id\":\"https:\/\/biscotteslitteraires.com\/2021\/#\/schema\/logo\/image\/\",\"url\":\"https:\/\/biscotteslitteraires.com\/2021\/wp-content\/uploads\/2018\/11\/cropped-LOGO-BL-e1630101307137.jpg\",\"contentUrl\":\"https:\/\/biscotteslitteraires.com\/2021\/wp-content\/uploads\/2018\/11\/cropped-LOGO-BL-e1630101307137.jpg\",\"width\":960,\"height\":960,\"caption\":\"Biscottes Litt\u00e9raires\"},\"image\":{\"@id\":\"https:\/\/biscotteslitteraires.com\/2021\/#\/schema\/logo\/image\/\"}},{\"@type\":\"WebSite\",\"@id\":\"https:\/\/biscotteslitteraires.com\/2021\/#website\",\"url\":\"https:\/\/biscotteslitteraires.com\/2021\/\",\"name\":\"Biscottes Litt\u00e9raires\",\"description\":\"Ici nous voyagerons dans les lignes, explorerons les interlignes.\",\"publisher\":{\"@id\":\"https:\/\/biscotteslitteraires.com\/2021\/#organization\"},\"potentialAction\":[{\"@type\":\"SearchAction\",\"target\":{\"@type\":\"EntryPoint\",\"urlTemplate\":\"https:\/\/biscotteslitteraires.com\/2021\/?s={search_term_string}\"},\"query-input\":\"required name=search_term_string\"}],\"inLanguage\":\"fr-FR\"},{\"@type\":\"ImageObject\",\"inLanguage\":\"fr-FR\",\"@id\":\"https:\/\/biscotteslitteraires.com\/2021\/chroniques\/#primaryimage\",\"url\":\"https:\/\/biscotteslitteraires.com\/2021\/wp-content\/uploads\/2021\/08\/lecteur.jpg\",\"contentUrl\":\"https:\/\/biscotteslitteraires.com\/2021\/wp-content\/uploads\/2021\/08\/lecteur.jpg\",\"width\":1152,\"height\":768},{\"@type\":\"WebPage\",\"@id\":\"https:\/\/biscotteslitteraires.com\/2021\/chroniques\/#webpage\",\"url\":\"https:\/\/biscotteslitteraires.com\/2021\/chroniques\/\",\"name\":\"Chroniques - Biscottes Litt\u00e9raires\",\"isPartOf\":{\"@id\":\"https:\/\/biscotteslitteraires.com\/2021\/#website\"},\"primaryImageOfPage\":{\"@id\":\"https:\/\/biscotteslitteraires.com\/2021\/chroniques\/#primaryimage\"},\"datePublished\":\"2017-05-03T12:42:14+00:00\",\"dateModified\":\"2021-08-26T22:21:29+00:00\",\"breadcrumb\":{\"@id\":\"https:\/\/biscotteslitteraires.com\/2021\/chroniques\/#breadcrumb\"},\"inLanguage\":\"fr-FR\",\"potentialAction\":[{\"@type\":\"ReadAction\",\"target\":[\"https:\/\/biscotteslitteraires.com\/2021\/chroniques\/\"]}]},{\"@type\":\"BreadcrumbList\",\"@id\":\"https:\/\/biscotteslitteraires.com\/2021\/chroniques\/#breadcrumb\",\"itemListElement\":[{\"@type\":\"ListItem\",\"position\":1,\"name\":\"Accueil\",\"item\":\"https:\/\/biscotteslitteraires.com\/2021\/\"},{\"@type\":\"ListItem\",\"position\":2,\"name\":\"Chroniques\"}]}]}<\/script>\n<!-- \/ Yoast SEO plugin. -->","yoast_head_json":{"title":"Chroniques - Biscottes Litt\u00e9raires","robots":{"index":"index","follow":"follow","max-snippet":"max-snippet:-1","max-image-preview":"max-image-preview:large","max-video-preview":"max-video-preview:-1"},"canonical":"https:\/\/biscotteslitteraires.com\/2021\/chroniques\/","og_locale":"fr_FR","og_type":"article","og_title":"Chroniques - Biscottes Litt\u00e9raires","og_description":"Chroniques Nous vous emmenons \u00e0 la d\u00e9couverte chaque semaine de l&rsquo;oeuvre d&rsquo;un auteur b\u00e9ninois, africain ou d&rsquo;ailleurs. Nous vous offrons la quintescence de l&rsquo;ouvrage afin de vous inciter \u00e0 le lire.","og_url":"https:\/\/biscotteslitteraires.com\/2021\/chroniques\/","og_site_name":"Biscottes Litt\u00e9raires","article_publisher":"https:\/\/facebook.com\/biscotteslitterairesbenin","article_modified_time":"2021-08-26T22:21:29+00:00","og_image":[{"width":1152,"height":768,"url":"https:\/\/biscotteslitteraires.com\/2021\/wp-content\/uploads\/2021\/08\/lecteur.jpg","type":"image\/jpeg"}],"twitter_card":"summary","schema":{"@context":"https:\/\/schema.org","@graph":[{"@type":"Organization","@id":"https:\/\/biscotteslitteraires.com\/2021\/#organization","name":"Biscottes Litt\u00e9raires","url":"https:\/\/biscotteslitteraires.com\/2021\/","sameAs":["https:\/\/facebook.com\/biscotteslitterairesbenin"],"logo":{"@type":"ImageObject","inLanguage":"fr-FR","@id":"https:\/\/biscotteslitteraires.com\/2021\/#\/schema\/logo\/image\/","url":"https:\/\/biscotteslitteraires.com\/2021\/wp-content\/uploads\/2018\/11\/cropped-LOGO-BL-e1630101307137.jpg","contentUrl":"https:\/\/biscotteslitteraires.com\/2021\/wp-content\/uploads\/2018\/11\/cropped-LOGO-BL-e1630101307137.jpg","width":960,"height":960,"caption":"Biscottes Litt\u00e9raires"},"image":{"@id":"https:\/\/biscotteslitteraires.com\/2021\/#\/schema\/logo\/image\/"}},{"@type":"WebSite","@id":"https:\/\/biscotteslitteraires.com\/2021\/#website","url":"https:\/\/biscotteslitteraires.com\/2021\/","name":"Biscottes Litt\u00e9raires","description":"Ici nous voyagerons dans les lignes, explorerons les interlignes.","publisher":{"@id":"https:\/\/biscotteslitteraires.com\/2021\/#organization"},"potentialAction":[{"@type":"SearchAction","target":{"@type":"EntryPoint","urlTemplate":"https:\/\/biscotteslitteraires.com\/2021\/?s={search_term_string}"},"query-input":"required name=search_term_string"}],"inLanguage":"fr-FR"},{"@type":"ImageObject","inLanguage":"fr-FR","@id":"https:\/\/biscotteslitteraires.com\/2021\/chroniques\/#primaryimage","url":"https:\/\/biscotteslitteraires.com\/2021\/wp-content\/uploads\/2021\/08\/lecteur.jpg","contentUrl":"https:\/\/biscotteslitteraires.com\/2021\/wp-content\/uploads\/2021\/08\/lecteur.jpg","width":1152,"height":768},{"@type":"WebPage","@id":"https:\/\/biscotteslitteraires.com\/2021\/chroniques\/#webpage","url":"https:\/\/biscotteslitteraires.com\/2021\/chroniques\/","name":"Chroniques - Biscottes Litt\u00e9raires","isPartOf":{"@id":"https:\/\/biscotteslitteraires.com\/2021\/#website"},"primaryImageOfPage":{"@id":"https:\/\/biscotteslitteraires.com\/2021\/chroniques\/#primaryimage"},"datePublished":"2017-05-03T12:42:14+00:00","dateModified":"2021-08-26T22:21:29+00:00","breadcrumb":{"@id":"https:\/\/biscotteslitteraires.com\/2021\/chroniques\/#breadcrumb"},"inLanguage":"fr-FR","potentialAction":[{"@type":"ReadAction","target":["https:\/\/biscotteslitteraires.com\/2021\/chroniques\/"]}]},{"@type":"BreadcrumbList","@id":"https:\/\/biscotteslitteraires.com\/2021\/chroniques\/#breadcrumb","itemListElement":[{"@type":"ListItem","position":1,"name":"Accueil","item":"https:\/\/biscotteslitteraires.com\/2021\/"},{"@type":"ListItem","position":2,"name":"Chroniques"}]}]}},"_links":{"self":[{"href":"https:\/\/biscotteslitteraires.com\/2021\/wp-json\/wp\/v2\/pages\/239"}],"collection":[{"href":"https:\/\/biscotteslitteraires.com\/2021\/wp-json\/wp\/v2\/pages"}],"about":[{"href":"https:\/\/biscotteslitteraires.com\/2021\/wp-json\/wp\/v2\/types\/page"}],"author":[{"embeddable":true,"href":"https:\/\/biscotteslitteraires.com\/2021\/wp-json\/wp\/v2\/users\/1"}],"replies":[{"embeddable":true,"href":"https:\/\/biscotteslitteraires.com\/2021\/wp-json\/wp\/v2\/comments?post=239"}],"version-history":[{"count":10,"href":"https:\/\/biscotteslitteraires.com\/2021\/wp-json\/wp\/v2\/pages\/239\/revisions"}],"predecessor-version":[{"id":10135,"href":"https:\/\/biscotteslitteraires.com\/2021\/wp-json\/wp\/v2\/pages\/239\/revisions\/10135"}],"wp:featuredmedia":[{"embeddable":true,"href":"https:\/\/biscotteslitteraires.com\/2021\/wp-json\/wp\/v2\/media\/10144"}],"wp:attachment":[{"href":"https:\/\/biscotteslitteraires.com\/2021\/wp-json\/wp\/v2\/media?parent=239"}],"curies":[{"name":"wp","href":"https:\/\/api.w.org\/{rel}","templated":true}]}}