{"id":257,"date":"2017-05-08T08:29:01","date_gmt":"2017-05-08T08:29:01","guid":{"rendered":"http:\/\/biscotteslitteraires.com\/2021\/?page_id=257"},"modified":"2021-08-26T22:00:23","modified_gmt":"2021-08-26T22:00:23","slug":"editorio","status":"publish","type":"page","link":"https:\/\/biscotteslitteraires.com\/2021\/editorio\/","title":{"rendered":"Editoriaux"},"content":{"rendered":"\t\t<div data-elementor-type=\"wp-page\" data-elementor-id=\"257\" class=\"elementor elementor-257\" data-elementor-settings=\"[]\">\n\t\t\t\t\t\t<div class=\"elementor-inner\">\n\t\t\t\t\t\t\t<div class=\"elementor-section-wrap\">\n\t\t\t\t\t\t\t<section class=\"elementor-section elementor-top-section elementor-element elementor-element-7d7664a elementor-section-boxed elementor-section-height-default elementor-section-height-default\" data-id=\"7d7664a\" data-element_type=\"section\" id=\"post_header\" data-settings=\"{&quot;background_background&quot;:&quot;classic&quot;}\">\n\t\t\t\t\t\t<div class=\"elementor-container elementor-column-gap-default\">\n\t\t\t\t\t\t\t<div class=\"elementor-row\">\n\t\t\t\t\t<div class=\"elementor-column elementor-col-100 elementor-top-column elementor-element elementor-element-9dc716f\" data-id=\"9dc716f\" data-element_type=\"column\">\n\t\t\t<div class=\"elementor-column-wrap elementor-element-populated\">\n\t\t\t\t\t\t\t<div class=\"elementor-widget-wrap\">\n\t\t\t\t\t\t<div class=\"elementor-element elementor-element-72de859 elementor-widget elementor-widget-text-editor\" data-id=\"72de859\" data-element_type=\"widget\" data-widget_type=\"text-editor.default\">\n\t\t\t\t<div class=\"elementor-widget-container\">\n\t\t\t\t\t\t\t\t<div class=\"elementor-text-editor elementor-clearfix\">\n\t\t\t\t<h1 style=\"text-align: center;\"><b>Editoriaux<br \/><\/b><\/h1><p style=\"text-align: center;\">Ici, nous partageons avec vous notre ressenti, nos avis sur diff\u00e9rentes th\u00e9matiques soci\u00e9tales.<\/p>\t\t\t\t\t<\/div>\n\t\t\t\t\t\t<\/div>\n\t\t\t\t<\/div>\n\t\t\t\t\t\t<\/div>\n\t\t\t\t\t<\/div>\n\t\t<\/div>\n\t\t\t\t\t\t\t\t<\/div>\n\t\t\t\t\t<\/div>\n\t\t<\/section>\n\t\t\t\t<section class=\"elementor-section elementor-top-section elementor-element elementor-element-3cd1e7f1 elementor-section-boxed elementor-section-height-default elementor-section-height-default\" data-id=\"3cd1e7f1\" data-element_type=\"section\">\n\t\t\t\t\t\t<div class=\"elementor-container elementor-column-gap-default\">\n\t\t\t\t\t\t\t<div class=\"elementor-row\">\n\t\t\t\t\t<div class=\"elementor-column elementor-col-100 elementor-top-column elementor-element elementor-element-77caadd0\" data-id=\"77caadd0\" data-element_type=\"column\">\n\t\t\t<div class=\"elementor-column-wrap elementor-element-populated\">\n\t\t\t\t\t\t\t<div class=\"elementor-widget-wrap\">\n\t\t\t\t\t\t<div class=\"elementor-element elementor-element-7af3d148 elementor-widget elementor-widget-shortcode\" data-id=\"7af3d148\" data-element_type=\"widget\" data-widget_type=\"shortcode.default\">\n\t\t\t\t<div class=\"elementor-widget-container\">\n\t\t\t\t\t<div class=\"elementor-shortcode\"><style type=\"text\/css\">#post-grid-5860 .element_0{display: block;font-size: 21px;line-height: normal;padding: 5px 10px;text-align: left;}#post-grid-5860 .element_1630020739064{font-size:12px;display:block;padding:10px;}#post-grid-5860 .element_1{display: block;font-size: 12px;padding: 5px 10px;text-align: left;}#post-grid-5860 .element_2{display: block;font-size: 15px;font-weight: bold;padding: 0 10px;text-align: right;}#post-grid-5860 .element_0:hover{}#post-grid-5860 .element_1630020739064:hover{}#post-grid-5860 .element_1:hover{}#post-grid-5860 .element_2:hover{}#post-grid-5860 .item{\n\t\t\tbackground:#fff;\n\t\n\t\t\t}<\/style><style type=\"text\/css\">\/*Write your CSS code here*\/<\/style><style type=\"text\/css\">#post-grid-5860 {\n\t\t\tpadding:10px;\n\t\t\tbackground: #fff url() repeat scroll 0 0;\n\t\t}#post-grid-5860 .item .layer-media{overflow: hidden;\n\t\t}@media only screen and (min-width: 1024px ) {#post-grid-5860 .item .layer-media{max-height:206px;}}\n\t\t\n\t\t@media only screen and ( min-width: 768px ) and ( max-width: 1023px ) {#post-grid-5860 .item .layer-media{height:auto}}\n\t\t\n\t\t@media only screen and ( min-width: 320px ) and ( max-width: 767px ) {#post-grid-5860 .item .layer-media{height:auto}}#post-grid-5860 .item{\n\t\tmargin:35px;}@media only screen and (min-width: 1024px ) {#post-grid-5860 .item{height:auto;}}\n\t\n\t@media only screen and ( min-width: 768px ) and ( max-width: 1023px ) {#post-grid-5860 .item{height:auto}}\n\t\n\t@media only screen and ( min-width: 320px ) and ( max-width: 767px ) {#post-grid-5860 .item{height:auto}}\n\t@media only screen and (min-width: 1024px ) {\n\t#post-grid-5860 .item{width:31%}\n\t\n\t}\n\t\n\t@media only screen and ( min-width: 768px ) and ( max-width: 1023px ) {\n\t#post-grid-5860 .item{width:45%}\n\t}\n\t\n\t@media only screen and ( min-width: 320px ) and ( max-width: 767px ) {\n\t#post-grid-5860 .item{width:90%}\n\t}<\/style><div id=\"post-grid-5860\" class=\"post-grid grid\"><div class=\"grid-nav-top\"><\/div><div class=\"grid-items \" id=\"\"><div  class=\"item mix skin even flat editorial \"><div class=\"layer-media\"><a href=\"https:\/\/biscotteslitteraires.com\/2021\/chante-et-marche-cest-le-careme-priere-partage-et-jeune\/\"><img alt=\"\" src=\"https:\/\/biscotteslitteraires.com\/2021\/wp-content\/uploads\/2019\/03\/chante-et-marche-300x300.png\" \/><\/a><\/div><div class=\"layer-content\"><div class=\"element element_0 title\"  >CHANTE ET MARCHE, C&rsquo;EST LE CAR\u00caME<\/div><div class=\"element element_1630020739064 post_date\"  >19 mars 2019<\/div><div class=\"element element_1 excerpt\"  >Chante et marche. Toi, si tu progresses, C'est que tu marches; mais progresse dans le bien, progresse dans la vraie<\/div><a target=\"_parent\" class=\"element element_2 read_more\"  href=\"https:\/\/biscotteslitteraires.com\/2021\/chante-et-marche-cest-le-careme-priere-partage-et-jeune\/\">Lire la suite<\/a><\/div><\/div><div  class=\"item mix skin odd flat editorial \"><div class=\"layer-media\"><a href=\"https:\/\/biscotteslitteraires.com\/2021\/editorial-memento-homo-quia-pulvis-es\/\"><img alt=\"\" src=\"https:\/\/biscotteslitteraires.com\/2021\/wp-content\/uploads\/2019\/03\/depositphotos_123640056-stock-photo-memento-homo-quia-pulvis-es-300x169.jpg\" \/><\/a><\/div><div class=\"layer-content\"><div class=\"element element_0 title\"  >\u00ab\u00a0Memento, homo, quia pulvis es\u00a0\u00bb<\/div><div class=\"element element_1630020739064 post_date\"  >6 mars 2019<\/div><div class=\"element element_1 excerpt\"  >Nous entamons en ce jour notre exode vers P\u00e2ques. Pendant quarante jours, nous allons nous pr\u00e9parer intens\u00e9ment \u00e0 la rencontre<\/div><a target=\"_parent\" class=\"element element_2 read_more\"  href=\"https:\/\/biscotteslitteraires.com\/2021\/editorial-memento-homo-quia-pulvis-es\/\">Lire la suite<\/a><\/div><\/div><div  class=\"item mix skin even flat editorial \"><div class=\"layer-media\"><a href=\"https:\/\/biscotteslitteraires.com\/2021\/journee-internationale-de-lecrivain-africain-celebration-de-plus\/\"><img alt=\"\" src=\"https:\/\/biscotteslitteraires.com\/2021\/wp-content\/uploads\/2018\/11\/pawa.jpg\" \/><\/a><\/div><div class=\"layer-content\"><div class=\"element element_0 title\"  >\u00ab\u00a0JOURN\u00c9E INTERNATIONALE DE L\u2019\u00c9CRIVAIN AFRICAIN\u00a0\u00bb: ENCORE UNE C\u00c9L\u00c9BRATION DE PLUS?<\/div><div class=\"element element_1630020739064 post_date\"  >7 novembre 2018<\/div><div class=\"element element_1 excerpt\"  >Depuis 1992, est c\u00e9l\u00e9br\u00e9e le 07 Novembre de chaque ann\u00e9e la \u00ab\u00a0JOURN\u00c9E INTERNATIONALE DE L\u2019\u00c9CRIVAIN AFRICAIN\u00bb. L&rsquo;occasion est ainsi donn\u00e9e<\/div><a target=\"_parent\" class=\"element element_2 read_more\"  href=\"https:\/\/biscotteslitteraires.com\/2021\/journee-internationale-de-lecrivain-africain-celebration-de-plus\/\">Lire la suite<\/a><\/div><\/div><div  class=\"item mix skin odd flat editorial \"><div class=\"layer-media\"><a href=\"https:\/\/biscotteslitteraires.com\/2021\/editorial-veni-vidi-vinci\/\"><img src=\"http:\/\/biscotteslitteraires.com\/2021\/wp-content\/uploads\/2017\/11\/Sankara-Portrait-by_RYU_2017-2.jpg\" \/><\/a><\/div><div class=\"layer-content\"><div class=\"element element_0 title\"  >Editorial : Veni, vidi, vinci?&#8230;<\/div><div class=\"element element_1630020739064 post_date\"  >29 novembre 2017<\/div><div class=\"element element_1 excerpt\"  >L&rsquo;Afrique est de nouveau \u00e0 l&rsquo;ordre du jour. Alors que les esprits sont encore en \u00e9tat de choc face au<\/div><a target=\"_parent\" class=\"element element_2 read_more\"  href=\"https:\/\/biscotteslitteraires.com\/2021\/editorial-veni-vidi-vinci\/\">Lire la suite<\/a><\/div><\/div><div  class=\"item mix skin even flat editorial \"><div class=\"layer-media\"><a href=\"https:\/\/biscotteslitteraires.com\/2021\/nyonu-xwesi-fieres-de-letre\/\"><img alt=\"\" src=\"https:\/\/biscotteslitteraires.com\/2021\/wp-content\/uploads\/2017\/11\/burkina-11-300x200.jpg\" \/><\/a><\/div><div class=\"layer-content\"><div class=\"element element_0 title\"  >\u00c9ditorial : Nyonu Xwesi, et fi\u00e8res de l&rsquo;\u00eatre<\/div><div class=\"element element_1630020739064 post_date\"  >20 novembre 2017<\/div><div class=\"element element_1 excerpt\"  >Le d\u00e9bat sur le statut de la femme d\u00e9frayera toujours la chronique. Que ce soit en Afrique dite traditionnelle ou<\/div><a target=\"_parent\" class=\"element element_2 read_more\"  href=\"https:\/\/biscotteslitteraires.com\/2021\/nyonu-xwesi-fieres-de-letre\/\">Lire la suite<\/a><\/div><\/div><div  class=\"item mix skin odd flat editorial \"><div class=\"layer-media\"><a href=\"https:\/\/biscotteslitteraires.com\/2021\/verite-parole-eclatee\/\"><img alt=\"\" src=\"https:\/\/biscotteslitteraires.com\/2021\/wp-content\/uploads\/2017\/11\/v\u00e9rit\u00e9\u00e9\u00e9-300x162.png\" \/><\/a><\/div><div class=\"layer-content\"><div class=\"element element_0 title\"  >La v\u00e9rit\u00e9 ou la parole \u00e9clat\u00e9e<\/div><div class=\"element element_1630020739064 post_date\"  >12 novembre 2017<\/div><div class=\"element element_1 excerpt\"  >Il est des r\u00e9alit\u00e9s dont on ne saurait saisir l&rsquo;essence et toute la teneur en un seul mot. La V\u00e9rit\u00e9<\/div><a target=\"_parent\" class=\"element element_2 read_more\"  href=\"https:\/\/biscotteslitteraires.com\/2021\/verite-parole-eclatee\/\">Lire la suite<\/a><\/div><\/div><div  class=\"item mix skin even flat editorial \"><div class=\"layer-media\"><a href=\"https:\/\/biscotteslitteraires.com\/2021\/24-eme-journee-de-lecrivain-africain-revolution-culturelle\/\"><img src=\"http:\/\/biscotteslitteraires.com\/2021\/wp-content\/uploads\/2017\/11\/pawa-1024x487.jpg\" \/><\/a><\/div><div class=\"layer-content\"><div class=\"element element_0 title\"  >24 \u00e8me journ\u00e9e de l&rsquo;\u00e9crivain Africain, pour une r\u00e9volution culturelle<\/div><div class=\"element element_1630020739064 post_date\"  >7 novembre 2017<\/div><div class=\"element element_1 excerpt\"  >La m\u00e9moire vit du souvenir. Et l&rsquo;histoire, dans son ent\u00eatement, se gausse bien de ceux qui, volontairement, s&rsquo;affublent de leurs<\/div><a target=\"_parent\" class=\"element element_2 read_more\"  href=\"https:\/\/biscotteslitteraires.com\/2021\/24-eme-journee-de-lecrivain-africain-revolution-culturelle\/\">Lire la suite<\/a><\/div><\/div><div  class=\"item mix skin odd flat editorial \"><div class=\"layer-media\"><a href=\"https:\/\/biscotteslitteraires.com\/2021\/dieu-mort-famille\/\"><img src=\"http:\/\/biscotteslitteraires.com\/2021\/wp-content\/uploads\/2017\/08\/sos.png\" \/><\/a><\/div><div class=\"layer-content\"><div class=\"element element_0 title\"  >Dieu est mort, la famille aussi<\/div><div class=\"element element_1630020739064 post_date\"  >23 ao\u00fbt 2017<\/div><div class=\"element element_1 excerpt\"  >Chers amis, depuis \u00ab\u00a0la mort de Dieu\u00a0\u00bb et l&rsquo;interdiction de toute interdiction, en passant par la R\u00e9volution Fran\u00e7aise, un nouvel<\/div><a target=\"_parent\" class=\"element element_2 read_more\"  href=\"https:\/\/biscotteslitteraires.com\/2021\/dieu-mort-famille\/\">Lire la suite<\/a><\/div><\/div><div  class=\"item mix skin even flat editorial \"><div class=\"layer-media\"><a class=\"custom\" href=\"https:\/\/biscotteslitteraires.com\/2021\/quand-on-seme\/\"><img src=\"https:\/\/biscotteslitteraires.com\/2021\/wp-content\/plugins\/post-grid\/assets\/frontend\/css\/images\/placeholder.png\" \/><\/a><\/div><div class=\"layer-content\"><div class=\"element element_0 title\"  >Quand on s\u00e8me&#8230;<\/div><div class=\"element element_1630020739064 post_date\"  >15 ao\u00fbt 2017<\/div><div class=\"element element_1 excerpt\"  >Apr\u00e8s le devoir de violence, votre blog vous revient cette fois-ci avec un nouvel \u00e9ditorial qui s&rsquo;int\u00e9resse \u00e0 l&rsquo;attitude du<\/div><a target=\"_parent\" class=\"element element_2 read_more\"  href=\"https:\/\/biscotteslitteraires.com\/2021\/quand-on-seme\/\">Lire la suite<\/a><\/div><\/div><\/div><div class=\"grid-nav-bottom\"><div class=\"pagination dark\"><div class=\"paginate\"><span aria-current=\"page\" class=\"page-numbers current\">1<\/span>\n<a class=\"page-numbers\" href=\"https:\/\/biscotteslitteraires.com\/2021\/wp-json\/wp\/v2\/pages\/257\/page\/2\/\">2<\/a>\n<a class=\"next page-numbers\" href=\"https:\/\/biscotteslitteraires.com\/2021\/wp-json\/wp\/v2\/pages\/257\/page\/2\/\">Suivant \u00bb<\/a><\/div ><\/div ><\/div><script>\n\t\tjQuery(document).ready(function($)\n\t\t{\n\t\t\t$(\"#post-grid-5860 .layer-media .gallery\").owlCarousel({\n\t\t\t\t\n\t\t\t\titems : 1,\n\n\t\t\t\tnavText : [\"\",\"\"],\n\t\t\t\tautoplay: true,\n\t\t\t\tloop: true,\n\t\t\t\tautoHeight : true,\t\n\t\t\t\tnav : false,\t\n\t\t\t\tdots : false,\t\t\t\t\t\n\t\t\t\t\t\t\t\t\t\t\t\n\t\t\t\t\t\t\t\t\n\t\t\t\t});\n\t\t\n\t\t});<\/script><\/div><\/div>\n\t\t\t\t<\/div>\n\t\t\t\t<\/div>\n\t\t\t\t\t\t<\/div>\n\t\t\t\t\t<\/div>\n\t\t<\/div>\n\t\t\t\t\t\t\t\t<\/div>\n\t\t\t\t\t<\/div>\n\t\t<\/section>\n\t\t\t\t\t\t<\/div>\n\t\t\t\t\t\t<\/div>\n\t\t\t\t\t<\/div>\n\t\t","protected":false},"excerpt":{"rendered":"<p>Editoriaux Ici, nous partageons avec vous notre ressenti, nos avis sur diff\u00e9rentes th\u00e9matiques soci\u00e9tales.<\/p>\n","protected":false},"author":1,"featured_media":10131,"parent":0,"menu_order":0,"comment_status":"closed","ping_status":"closed","template":"","meta":[],"yoast_head":"<!-- This site is optimized with the Yoast SEO plugin v19.0 - https:\/\/yoast.com\/wordpress\/plugins\/seo\/ -->\n<title>Editoriaux - Biscottes Litt\u00e9raires<\/title>\n<meta name=\"robots\" content=\"index, follow, max-snippet:-1, max-image-preview:large, max-video-preview:-1\" \/>\n<link rel=\"canonical\" href=\"https:\/\/biscotteslitteraires.com\/2021\/editorio\/\" \/>\n<meta property=\"og:locale\" content=\"fr_FR\" \/>\n<meta property=\"og:type\" content=\"article\" \/>\n<meta property=\"og:title\" content=\"Editoriaux - Biscottes Litt\u00e9raires\" \/>\n<meta property=\"og:description\" content=\"Editoriaux Ici, nous partageons avec vous notre ressenti, nos avis sur diff\u00e9rentes th\u00e9matiques soci\u00e9tales.\" \/>\n<meta property=\"og:url\" content=\"https:\/\/biscotteslitteraires.com\/2021\/editorio\/\" \/>\n<meta property=\"og:site_name\" content=\"Biscottes Litt\u00e9raires\" \/>\n<meta property=\"article:publisher\" content=\"https:\/\/facebook.com\/biscotteslitterairesbenin\" \/>\n<meta property=\"article:modified_time\" content=\"2021-08-26T22:00:23+00:00\" \/>\n<meta property=\"og:image\" content=\"https:\/\/biscotteslitteraires.com\/2021\/wp-content\/uploads\/2021\/08\/literature-30331961.jpg\" \/>\n\t<meta property=\"og:image:width\" content=\"1920\" \/>\n\t<meta property=\"og:image:height\" content=\"1080\" \/>\n\t<meta property=\"og:image:type\" content=\"image\/jpeg\" \/>\n<meta name=\"twitter:card\" content=\"summary\" \/>\n<script type=\"application\/ld+json\" class=\"yoast-schema-graph\">{\"@context\":\"https:\/\/schema.org\",\"@graph\":[{\"@type\":\"Organization\",\"@id\":\"https:\/\/biscotteslitteraires.com\/2021\/#organization\",\"name\":\"Biscottes Litt\u00e9raires\",\"url\":\"https:\/\/biscotteslitteraires.com\/2021\/\",\"sameAs\":[\"https:\/\/facebook.com\/biscotteslitterairesbenin\"],\"logo\":{\"@type\":\"ImageObject\",\"inLanguage\":\"fr-FR\",\"@id\":\"https:\/\/biscotteslitteraires.com\/2021\/#\/schema\/logo\/image\/\",\"url\":\"https:\/\/biscotteslitteraires.com\/2021\/wp-content\/uploads\/2018\/11\/cropped-LOGO-BL-e1630101307137.jpg\",\"contentUrl\":\"https:\/\/biscotteslitteraires.com\/2021\/wp-content\/uploads\/2018\/11\/cropped-LOGO-BL-e1630101307137.jpg\",\"width\":960,\"height\":960,\"caption\":\"Biscottes Litt\u00e9raires\"},\"image\":{\"@id\":\"https:\/\/biscotteslitteraires.com\/2021\/#\/schema\/logo\/image\/\"}},{\"@type\":\"WebSite\",\"@id\":\"https:\/\/biscotteslitteraires.com\/2021\/#website\",\"url\":\"https:\/\/biscotteslitteraires.com\/2021\/\",\"name\":\"Biscottes Litt\u00e9raires\",\"description\":\"Ici nous voyagerons dans les lignes, explorerons les interlignes.\",\"publisher\":{\"@id\":\"https:\/\/biscotteslitteraires.com\/2021\/#organization\"},\"potentialAction\":[{\"@type\":\"SearchAction\",\"target\":{\"@type\":\"EntryPoint\",\"urlTemplate\":\"https:\/\/biscotteslitteraires.com\/2021\/?s={search_term_string}\"},\"query-input\":\"required name=search_term_string\"}],\"inLanguage\":\"fr-FR\"},{\"@type\":\"ImageObject\",\"inLanguage\":\"fr-FR\",\"@id\":\"https:\/\/biscotteslitteraires.com\/2021\/editorio\/#primaryimage\",\"url\":\"https:\/\/biscotteslitteraires.com\/2021\/wp-content\/uploads\/2021\/08\/literature-30331961.jpg\",\"contentUrl\":\"https:\/\/biscotteslitteraires.com\/2021\/wp-content\/uploads\/2021\/08\/literature-30331961.jpg\",\"width\":1920,\"height\":1080},{\"@type\":\"WebPage\",\"@id\":\"https:\/\/biscotteslitteraires.com\/2021\/editorio\/#webpage\",\"url\":\"https:\/\/biscotteslitteraires.com\/2021\/editorio\/\",\"name\":\"Editoriaux - Biscottes Litt\u00e9raires\",\"isPartOf\":{\"@id\":\"https:\/\/biscotteslitteraires.com\/2021\/#website\"},\"primaryImageOfPage\":{\"@id\":\"https:\/\/biscotteslitteraires.com\/2021\/editorio\/#primaryimage\"},\"datePublished\":\"2017-05-08T08:29:01+00:00\",\"dateModified\":\"2021-08-26T22:00:23+00:00\",\"breadcrumb\":{\"@id\":\"https:\/\/biscotteslitteraires.com\/2021\/editorio\/#breadcrumb\"},\"inLanguage\":\"fr-FR\",\"potentialAction\":[{\"@type\":\"ReadAction\",\"target\":[\"https:\/\/biscotteslitteraires.com\/2021\/editorio\/\"]}]},{\"@type\":\"BreadcrumbList\",\"@id\":\"https:\/\/biscotteslitteraires.com\/2021\/editorio\/#breadcrumb\",\"itemListElement\":[{\"@type\":\"ListItem\",\"position\":1,\"name\":\"Accueil\",\"item\":\"https:\/\/biscotteslitteraires.com\/2021\/\"},{\"@type\":\"ListItem\",\"position\":2,\"name\":\"Editoriaux\"}]}]}<\/script>\n<!-- \/ Yoast SEO plugin. -->","yoast_head_json":{"title":"Editoriaux - Biscottes Litt\u00e9raires","robots":{"index":"index","follow":"follow","max-snippet":"max-snippet:-1","max-image-preview":"max-image-preview:large","max-video-preview":"max-video-preview:-1"},"canonical":"https:\/\/biscotteslitteraires.com\/2021\/editorio\/","og_locale":"fr_FR","og_type":"article","og_title":"Editoriaux - Biscottes Litt\u00e9raires","og_description":"Editoriaux Ici, nous partageons avec vous notre ressenti, nos avis sur diff\u00e9rentes th\u00e9matiques soci\u00e9tales.","og_url":"https:\/\/biscotteslitteraires.com\/2021\/editorio\/","og_site_name":"Biscottes Litt\u00e9raires","article_publisher":"https:\/\/facebook.com\/biscotteslitterairesbenin","article_modified_time":"2021-08-26T22:00:23+00:00","og_image":[{"width":1920,"height":1080,"url":"https:\/\/biscotteslitteraires.com\/2021\/wp-content\/uploads\/2021\/08\/literature-30331961.jpg","type":"image\/jpeg"}],"twitter_card":"summary","schema":{"@context":"https:\/\/schema.org","@graph":[{"@type":"Organization","@id":"https:\/\/biscotteslitteraires.com\/2021\/#organization","name":"Biscottes Litt\u00e9raires","url":"https:\/\/biscotteslitteraires.com\/2021\/","sameAs":["https:\/\/facebook.com\/biscotteslitterairesbenin"],"logo":{"@type":"ImageObject","inLanguage":"fr-FR","@id":"https:\/\/biscotteslitteraires.com\/2021\/#\/schema\/logo\/image\/","url":"https:\/\/biscotteslitteraires.com\/2021\/wp-content\/uploads\/2018\/11\/cropped-LOGO-BL-e1630101307137.jpg","contentUrl":"https:\/\/biscotteslitteraires.com\/2021\/wp-content\/uploads\/2018\/11\/cropped-LOGO-BL-e1630101307137.jpg","width":960,"height":960,"caption":"Biscottes Litt\u00e9raires"},"image":{"@id":"https:\/\/biscotteslitteraires.com\/2021\/#\/schema\/logo\/image\/"}},{"@type":"WebSite","@id":"https:\/\/biscotteslitteraires.com\/2021\/#website","url":"https:\/\/biscotteslitteraires.com\/2021\/","name":"Biscottes Litt\u00e9raires","description":"Ici nous voyagerons dans les lignes, explorerons les interlignes.","publisher":{"@id":"https:\/\/biscotteslitteraires.com\/2021\/#organization"},"potentialAction":[{"@type":"SearchAction","target":{"@type":"EntryPoint","urlTemplate":"https:\/\/biscotteslitteraires.com\/2021\/?s={search_term_string}"},"query-input":"required name=search_term_string"}],"inLanguage":"fr-FR"},{"@type":"ImageObject","inLanguage":"fr-FR","@id":"https:\/\/biscotteslitteraires.com\/2021\/editorio\/#primaryimage","url":"https:\/\/biscotteslitteraires.com\/2021\/wp-content\/uploads\/2021\/08\/literature-30331961.jpg","contentUrl":"https:\/\/biscotteslitteraires.com\/2021\/wp-content\/uploads\/2021\/08\/literature-30331961.jpg","width":1920,"height":1080},{"@type":"WebPage","@id":"https:\/\/biscotteslitteraires.com\/2021\/editorio\/#webpage","url":"https:\/\/biscotteslitteraires.com\/2021\/editorio\/","name":"Editoriaux - Biscottes Litt\u00e9raires","isPartOf":{"@id":"https:\/\/biscotteslitteraires.com\/2021\/#website"},"primaryImageOfPage":{"@id":"https:\/\/biscotteslitteraires.com\/2021\/editorio\/#primaryimage"},"datePublished":"2017-05-08T08:29:01+00:00","dateModified":"2021-08-26T22:00:23+00:00","breadcrumb":{"@id":"https:\/\/biscotteslitteraires.com\/2021\/editorio\/#breadcrumb"},"inLanguage":"fr-FR","potentialAction":[{"@type":"ReadAction","target":["https:\/\/biscotteslitteraires.com\/2021\/editorio\/"]}]},{"@type":"BreadcrumbList","@id":"https:\/\/biscotteslitteraires.com\/2021\/editorio\/#breadcrumb","itemListElement":[{"@type":"ListItem","position":1,"name":"Accueil","item":"https:\/\/biscotteslitteraires.com\/2021\/"},{"@type":"ListItem","position":2,"name":"Editoriaux"}]}]}},"_links":{"self":[{"href":"https:\/\/biscotteslitteraires.com\/2021\/wp-json\/wp\/v2\/pages\/257"}],"collection":[{"href":"https:\/\/biscotteslitteraires.com\/2021\/wp-json\/wp\/v2\/pages"}],"about":[{"href":"https:\/\/biscotteslitteraires.com\/2021\/wp-json\/wp\/v2\/types\/page"}],"author":[{"embeddable":true,"href":"https:\/\/biscotteslitteraires.com\/2021\/wp-json\/wp\/v2\/users\/1"}],"replies":[{"embeddable":true,"href":"https:\/\/biscotteslitteraires.com\/2021\/wp-json\/wp\/v2\/comments?post=257"}],"version-history":[{"count":14,"href":"https:\/\/biscotteslitteraires.com\/2021\/wp-json\/wp\/v2\/pages\/257\/revisions"}],"predecessor-version":[{"id":10132,"href":"https:\/\/biscotteslitteraires.com\/2021\/wp-json\/wp\/v2\/pages\/257\/revisions\/10132"}],"wp:featuredmedia":[{"embeddable":true,"href":"https:\/\/biscotteslitteraires.com\/2021\/wp-json\/wp\/v2\/media\/10131"}],"wp:attachment":[{"href":"https:\/\/biscotteslitteraires.com\/2021\/wp-json\/wp\/v2\/media?parent=257"}],"curies":[{"name":"wp","href":"https:\/\/api.w.org\/{rel}","templated":true}]}}