{"id":31,"date":"2017-04-03T13:55:20","date_gmt":"2017-04-03T13:55:20","guid":{"rendered":"http:\/\/biscotteslitteraires.com\/2021\/?page_id=31"},"modified":"2021-08-26T09:12:37","modified_gmt":"2021-08-26T09:12:37","slug":"les-nouvelles","status":"publish","type":"page","link":"https:\/\/biscotteslitteraires.com\/2021\/les-nouvelles\/","title":{"rendered":"Les nouvelles par \u00e9pisode"},"content":{"rendered":"\t\t<div data-elementor-type=\"wp-page\" data-elementor-id=\"31\" class=\"elementor elementor-31\" data-elementor-settings=\"[]\">\n\t\t\t\t\t\t<div class=\"elementor-inner\">\n\t\t\t\t\t\t\t<div class=\"elementor-section-wrap\">\n\t\t\t\t\t\t\t<section class=\"elementor-section elementor-top-section elementor-element elementor-element-9af677e elementor-section-boxed elementor-section-height-default elementor-section-height-default\" data-id=\"9af677e\" data-element_type=\"section\" id=\"post_header\">\n\t\t\t\t\t\t<div class=\"elementor-container elementor-column-gap-default\">\n\t\t\t\t\t\t\t<div class=\"elementor-row\">\n\t\t\t\t\t<div class=\"elementor-column elementor-col-100 elementor-top-column elementor-element elementor-element-18c7579\" data-id=\"18c7579\" data-element_type=\"column\">\n\t\t\t<div class=\"elementor-column-wrap elementor-element-populated\">\n\t\t\t\t\t\t\t<div class=\"elementor-widget-wrap\">\n\t\t\t\t\t\t<div class=\"elementor-element elementor-element-079b8d0 elementor-widget elementor-widget-text-editor\" data-id=\"079b8d0\" data-element_type=\"widget\" data-widget_type=\"text-editor.default\">\n\t\t\t\t<div class=\"elementor-widget-container\">\n\t\t\t\t\t\t\t\t<div class=\"elementor-text-editor elementor-clearfix\">\n\t\t\t\t<h1 style=\"text-align: center;\">Nouvelles par \u00e9pisode<br><\/h1>\n<p style=\"text-align: center;\">Les auteurs du blog vous offrent ici gracieusement de vous abreuver de nouvelles in\u00e9dites qui vous font voyager dans l&rsquo;imaginaire et les r\u00e9alit\u00e9s de nos contr\u00e9es.<br><\/p>\t\t\t\t\t<\/div>\n\t\t\t\t\t\t<\/div>\n\t\t\t\t<\/div>\n\t\t\t\t\t\t<\/div>\n\t\t\t\t\t<\/div>\n\t\t<\/div>\n\t\t\t\t\t\t\t\t<\/div>\n\t\t\t\t\t<\/div>\n\t\t<\/section>\n\t\t\t\t<section class=\"elementor-section elementor-top-section elementor-element elementor-element-2c397b38 elementor-section-boxed elementor-section-height-default elementor-section-height-default\" data-id=\"2c397b38\" data-element_type=\"section\">\n\t\t\t\t\t\t<div class=\"elementor-container elementor-column-gap-default\">\n\t\t\t\t\t\t\t<div class=\"elementor-row\">\n\t\t\t\t\t<div class=\"elementor-column elementor-col-100 elementor-top-column elementor-element elementor-element-53b199ab\" data-id=\"53b199ab\" data-element_type=\"column\">\n\t\t\t<div class=\"elementor-column-wrap elementor-element-populated\">\n\t\t\t\t\t\t\t<div class=\"elementor-widget-wrap\">\n\t\t\t\t\t\t<div class=\"elementor-element elementor-element-579bf2a2 elementor-widget elementor-widget-text-editor\" data-id=\"579bf2a2\" data-element_type=\"widget\" data-widget_type=\"text-editor.default\">\n\t\t\t\t<div class=\"elementor-widget-container\">\n\t\t\t\t\t\t\t\t<div class=\"elementor-text-editor elementor-clearfix\">\n\t\t\t\t<p><style type=\"text\/css\">#post-grid-5841 .element_0{display: block;font-size: 21px;line-height: normal;padding: 5px 10px;text-align: left;}#post-grid-5841 .element_1630020739064{font-size:12px;display:block;padding:10px;}#post-grid-5841 .element_1{display: block;font-size: 12px;padding: 5px 10px;text-align: left;}#post-grid-5841 .element_2{display: block;font-size: 15px;font-weight: bold;padding: 0 10px;text-align: right;}#post-grid-5841 .element_0:hover{}#post-grid-5841 .element_1630020739064:hover{}#post-grid-5841 .element_1:hover{}#post-grid-5841 .element_2:hover{}#post-grid-5841 .item{\n\t\t\tbackground:#fff;\n\t\n\t\t\t}<\/style><style type=\"text\/css\">\/*Write your CSS code here*\/<\/style><style type=\"text\/css\">#post-grid-5841 {\n\t\t\tpadding:10px;\n\t\t\tbackground: #fff url() repeat scroll 0 0;\n\t\t}#post-grid-5841 .item .layer-media{overflow: hidden;\n\t\t}@media only screen and (min-width: 1024px ) {#post-grid-5841 .item .layer-media{max-height:206px;}}\n\t\t\n\t\t@media only screen and ( min-width: 768px ) and ( max-width: 1023px ) {#post-grid-5841 .item .layer-media{height:auto}}\n\t\t\n\t\t@media only screen and ( min-width: 320px ) and ( max-width: 767px ) {#post-grid-5841 .item .layer-media{height:auto}}#post-grid-5841 .item{\n\t\tmargin:35px;}@media only screen and (min-width: 1024px ) {#post-grid-5841 .item{height:auto;}}\n\t\n\t@media only screen and ( min-width: 768px ) and ( max-width: 1023px ) {#post-grid-5841 .item{height:auto}}\n\t\n\t@media only screen and ( min-width: 320px ) and ( max-width: 767px ) {#post-grid-5841 .item{height:auto}}\n\t@media only screen and (min-width: 1024px ) {\n\t#post-grid-5841 .item{width:31%}\n\t\n\t}\n\t\n\t@media only screen and ( min-width: 768px ) and ( max-width: 1023px ) {\n\t#post-grid-5841 .item{width:45%}\n\t}\n\t\n\t@media only screen and ( min-width: 320px ) and ( max-width: 767px ) {\n\t#post-grid-5841 .item{width:90%}\n\t}<\/style><div id=\"post-grid-5841\" class=\"post-grid grid\"><div class=\"grid-nav-top\"><\/div><div class=\"grid-items \" id=\"\"><div  class=\"item mix skin even flat nouvelles-en-entier nouvelle \"><div class=\"layer-media\"><a href=\"https:\/\/biscotteslitteraires.com\/2021\/une-noel-inhabituel-steve-f\/\"><img alt=\"\" src=\"https:\/\/biscotteslitteraires.com\/2021\/wp-content\/uploads\/2023\/12\/263571348_1596056224077850_1618302336779599361_n-300x201.jpg\" \/><\/a><\/div><div class=\"layer-content\"><div class=\"element element_0 title\"  >\u00a0\u00bb Une No\u00ebl inhabituelle \u00ab\u00a0, Steve F.<\/div><div class=\"element element_1630020739064 post_date\"  >31 d\u00e9cembre 2023<\/div><div class=\"element element_1 excerpt\"  >Robert Lapoisse, le p\u00e8re de Thomas, sortit de sa voiture, empoigna son fils par la main droite et lui tira<\/div><a target=\"_parent\" class=\"element element_2 read_more\"  href=\"https:\/\/biscotteslitteraires.com\/2021\/une-noel-inhabituel-steve-f\/\">Lire la suite<\/a><\/div><\/div><div  class=\"item mix skin odd flat nouvelle \"><div class=\"layer-media\"><a href=\"https:\/\/biscotteslitteraires.com\/2021\/je-partirai-serigne-filor-44\/\"><img alt=\"\" src=\"https:\/\/biscotteslitteraires.com\/2021\/wp-content\/uploads\/2021\/05\/2516891235_small_1-200x300.jpg\" \/><\/a><\/div><div class=\"layer-content\"><div class=\"element element_0 title\"  >\u00ab\u00a0Je partirai&#8230;\u00a0\u00bb Serigne FILOR 4\/4<\/div><div class=\"element element_1630020739064 post_date\"  >7 mai 2021<\/div><div class=\"element element_1 excerpt\"  >Le vieillard aveugle qui entre est le dernier client, il reste une seule place, celle qui se trouve \u00e0 c\u00f4t\u00e9<\/div><a target=\"_parent\" class=\"element element_2 read_more\"  href=\"https:\/\/biscotteslitteraires.com\/2021\/je-partirai-serigne-filor-44\/\">Lire la suite<\/a><\/div><\/div><div  class=\"item mix skin even flat nouvelle \"><div class=\"layer-media\"><a href=\"https:\/\/biscotteslitteraires.com\/2021\/je-partirai-serigne-filor-34\/\"><img alt=\"\" src=\"https:\/\/biscotteslitteraires.com\/2021\/wp-content\/uploads\/2021\/05\/6q7qzd2j-300x190.jpg\" \/><\/a><\/div><div class=\"layer-content\"><div class=\"element element_0 title\"  >\u00ab\u00a0Je partirai&#8230;\u00a0\u00bb Serigne FILOR 3\/4<\/div><div class=\"element element_1630020739064 post_date\"  >6 mai 2021<\/div><div class=\"element element_1 excerpt\"  >R\u00e9ponds-je avec un sourire forc\u00e9. &#8211; Oh d\u00e9sol\u00e9 de t\u2019avoir trait\u00e9 de mendiant. Le premier bus part dans moins d\u2019une<\/div><a target=\"_parent\" class=\"element element_2 read_more\"  href=\"https:\/\/biscotteslitteraires.com\/2021\/je-partirai-serigne-filor-34\/\">Lire la suite<\/a><\/div><\/div><div  class=\"item mix skin odd flat nouvelle \"><div class=\"layer-media\"><a href=\"https:\/\/biscotteslitteraires.com\/2021\/je-partirai-serigne-filor-24\/\"><img alt=\"\" src=\"https:\/\/biscotteslitteraires.com\/2021\/wp-content\/uploads\/2021\/05\/l-afrique-de-l-ouest-mali-bamako-garage-automobile-et-la-vente-de-voitures-d-europe-bp760r-300x220.jpg\" \/><\/a><\/div><div class=\"layer-content\"><div class=\"element element_0 title\"  >\u00ab\u00a0Je partirai&#8230;\u00a0\u00bb Serigne FILOR 2\/4<\/div><div class=\"element element_1630020739064 post_date\"  >5 mai 2021<\/div><div class=\"element element_1 excerpt\"  >*\u00a0 \u00a0*\u00a0 \u00a0*\u00a0 * &#8230; Vers quatre heures, je me suis r\u00e9veill\u00e9 et lev\u00e9 brusquement. J\u2019ai fait un cauchemar, comme<\/div><a target=\"_parent\" class=\"element element_2 read_more\"  href=\"https:\/\/biscotteslitteraires.com\/2021\/je-partirai-serigne-filor-24\/\">Lire la suite<\/a><\/div><\/div><div  class=\"item mix skin even flat nouvelle \"><div class=\"layer-media\"><a href=\"https:\/\/biscotteslitteraires.com\/2021\/je-partirai-serigne-filor-14\/\"><img alt=\"\" src=\"https:\/\/biscotteslitteraires.com\/2021\/wp-content\/uploads\/2021\/05\/un-gar\u00e7on-handicap\u00e9s-avec-une-seule-jambe-218x300.jpg\" \/><\/a><\/div><div class=\"layer-content\"><div class=\"element element_0 title\"  >\u00ab\u00a0Je partirai&#8230;\u00a0\u00bb Serigne FILOR 1\/4<\/div><div class=\"element element_1630020739064 post_date\"  >4 mai 2021<\/div><div class=\"element element_1 excerpt\"  >Je n\u2019arrive ni \u00e0 manger, ni \u00e0 dormir, ni \u00e0 emp\u00eacher mes mains de trembler. D\u00e8s que le soleil se<\/div><a target=\"_parent\" class=\"element element_2 read_more\"  href=\"https:\/\/biscotteslitteraires.com\/2021\/je-partirai-serigne-filor-14\/\">Lire la suite<\/a><\/div><\/div><div  class=\"item mix skin odd flat nouvelle \"><div class=\"layer-media\"><a href=\"https:\/\/biscotteslitteraires.com\/2021\/laffaire-osinoutin-44-junior-gbeto\/\"><img alt=\"\" src=\"https:\/\/biscotteslitteraires.com\/2021\/wp-content\/uploads\/2020\/10\/voleurdembeni.png\" \/><\/a><\/div><div class=\"layer-content\"><div class=\"element element_0 title\"  >\u00ab L\u2019affaire Osinoutin \u00bb (4\/4), Junior GBETO<\/div><div class=\"element element_1630020739064 post_date\"  >31 octobre 2020<\/div><div class=\"element element_1 excerpt\"  >_Pas de piti\u00e9, se r\u00e9p\u00e9taient-ils tout bas. _ Merde\u00a0! Il n\u2019y est pas. Revinrent-ils annoncer, \u00e0 un troisi\u00e8me homme, post\u00e9<\/div><a target=\"_parent\" class=\"element element_2 read_more\"  href=\"https:\/\/biscotteslitteraires.com\/2021\/laffaire-osinoutin-44-junior-gbeto\/\">Lire la suite<\/a><\/div><\/div><div  class=\"item mix skin even flat nouvelle \"><div class=\"layer-media\"><a href=\"https:\/\/biscotteslitteraires.com\/2021\/laffaire-osinoutin-34-junior-gbeto\/\"><img alt=\"\" src=\"https:\/\/biscotteslitteraires.com\/2021\/wp-content\/uploads\/2020\/10\/599BC5FE-91BC-48FD-8E3D-B0C79C7C11CC_w1200_r1-300x169.png\" \/><\/a><\/div><div class=\"layer-content\"><div class=\"element element_0 title\"  >\u00ab L\u2019affaire Osinoutin \u00bb (3\/4), Junior GBETO<\/div><div class=\"element element_1630020739064 post_date\"  >30 octobre 2020<\/div><div class=\"element element_1 excerpt\"  >_Tiens, tiens, tiens. Les pieds qui touchaient terre. Je savais\u00a0! Je savais\u00a0! L\u2019envie lui prit de retourner au commissariat, de<\/div><a target=\"_parent\" class=\"element element_2 read_more\"  href=\"https:\/\/biscotteslitteraires.com\/2021\/laffaire-osinoutin-34-junior-gbeto\/\">Lire la suite<\/a><\/div><\/div><div  class=\"item mix skin odd flat nouvelle \"><div class=\"layer-media\"><a href=\"https:\/\/biscotteslitteraires.com\/2021\/laffaire-osinoutin-24-junior-gbeto\/\"><img alt=\"\" src=\"https:\/\/biscotteslitteraires.com\/2021\/wp-content\/uploads\/2020\/10\/barreaux-300x218.jpg\" \/><\/a><\/div><div class=\"layer-content\"><div class=\"element element_0 title\"  >\u00ab L\u2019affaire Osinoutin \u00bb (2\/4), Junior GBETO<\/div><div class=\"element element_1630020739064 post_date\"  >29 octobre 2020<\/div><div class=\"element element_1 excerpt\"  >Djoxodo, le b\u00eachait-on. Tu as regard\u00e9 trop de films, petit vieux, qu\u2019on ajoutait. Ainsi refoul\u00e9, le cinquantenaire s\u2019en allait de<\/div><a target=\"_parent\" class=\"element element_2 read_more\"  href=\"https:\/\/biscotteslitteraires.com\/2021\/laffaire-osinoutin-24-junior-gbeto\/\">Lire la suite<\/a><\/div><\/div><div  class=\"item mix skin even flat nouvelle \"><div class=\"layer-media\"><a href=\"https:\/\/biscotteslitteraires.com\/2021\/laffaire-osinoutin-14-junior-gbeto\/\"><img alt=\"\" src=\"https:\/\/biscotteslitteraires.com\/2021\/wp-content\/uploads\/2020\/10\/downloadfile-5-300x217.jpg\" \/><\/a><\/div><div class=\"layer-content\"><div class=\"element element_0 title\"  >\u00ab\u00a0L\u2019AFFAIRE OSINOUTIN\u00a0\u00bb (1\/4) Junior GBETO<\/div><div class=\"element element_1630020739064 post_date\"  >28 octobre 2020<\/div><div class=\"element element_1 excerpt\"  >\u00a0 \u00a0 Osinoutin, avant cette date du treize Mars, n\u2019avait de curieux que son sobre petit nom de quartier-abreuvoir. La<\/div><a target=\"_parent\" class=\"element element_2 read_more\"  href=\"https:\/\/biscotteslitteraires.com\/2021\/laffaire-osinoutin-14-junior-gbeto\/\">Lire la suite<\/a><\/div><\/div><\/div><div class=\"grid-nav-bottom\"><div class=\"pagination dark\"><div class=\"paginate\"><span aria-current=\"page\" class=\"page-numbers current\">1<\/span>\n<a class=\"page-numbers\" href=\"https:\/\/biscotteslitteraires.com\/2021\/wp-json\/wp\/v2\/pages\/31\/page\/2\/\">2<\/a>\n<a class=\"page-numbers\" href=\"https:\/\/biscotteslitteraires.com\/2021\/wp-json\/wp\/v2\/pages\/31\/page\/3\/\">3<\/a>\n<span class=\"page-numbers dots\">\u2026<\/span>\n<a class=\"page-numbers\" href=\"https:\/\/biscotteslitteraires.com\/2021\/wp-json\/wp\/v2\/pages\/31\/page\/15\/\">15<\/a>\n<a class=\"next page-numbers\" href=\"https:\/\/biscotteslitteraires.com\/2021\/wp-json\/wp\/v2\/pages\/31\/page\/2\/\">Suivant \u00bb<\/a><\/div ><\/div ><\/div><script>\n\t\tjQuery(document).ready(function($)\n\t\t{\n\t\t\t$(\"#post-grid-5841 .layer-media .gallery\").owlCarousel({\n\t\t\t\t\n\t\t\t\titems : 1,\n\n\t\t\t\tnavText : [\"\",\"\"],\n\t\t\t\tautoplay: true,\n\t\t\t\tloop: true,\n\t\t\t\tautoHeight : true,\t\n\t\t\t\tnav : false,\t\n\t\t\t\tdots : false,\t\t\t\t\t\n\t\t\t\t\t\t\t\t\t\t\t\n\t\t\t\t\t\t\t\t\n\t\t\t\t});\n\t\t\n\t\t});<\/script><\/div><\/p>\t\t\t\t\t<\/div>\n\t\t\t\t\t\t<\/div>\n\t\t\t\t<\/div>\n\t\t\t\t\t\t<\/div>\n\t\t\t\t\t<\/div>\n\t\t<\/div>\n\t\t\t\t\t\t\t\t<\/div>\n\t\t\t\t\t<\/div>\n\t\t<\/section>\n\t\t\t\t\t\t<\/div>\n\t\t\t\t\t\t<\/div>\n\t\t\t\t\t<\/div>\n\t\t","protected":false},"excerpt":{"rendered":"<p>Nouvelles par \u00e9pisode Les auteurs du blog vous offrent ici gracieusement de vous abreuver de nouvelles in\u00e9dites qui vous font voyager dans l&rsquo;imaginaire et les r\u00e9alit\u00e9s de nos contr\u00e9es.<\/p>\n","protected":false},"author":1,"featured_media":9937,"parent":0,"menu_order":0,"comment_status":"closed","ping_status":"closed","template":"","meta":[],"yoast_head":"<!-- This site is optimized with the Yoast SEO plugin v19.0 - https:\/\/yoast.com\/wordpress\/plugins\/seo\/ -->\n<title>Les nouvelles par \u00e9pisode - Biscottes Litt\u00e9raires<\/title>\n<meta name=\"robots\" content=\"index, follow, max-snippet:-1, max-image-preview:large, max-video-preview:-1\" \/>\n<link rel=\"canonical\" href=\"https:\/\/biscotteslitteraires.com\/2021\/les-nouvelles\/\" \/>\n<meta property=\"og:locale\" content=\"fr_FR\" \/>\n<meta property=\"og:type\" content=\"article\" \/>\n<meta property=\"og:title\" content=\"Les nouvelles par \u00e9pisode - Biscottes Litt\u00e9raires\" \/>\n<meta property=\"og:description\" content=\"Nouvelles par \u00e9pisode Les auteurs du blog vous offrent ici gracieusement de vous abreuver de nouvelles in\u00e9dites qui vous font voyager dans l&rsquo;imaginaire et les r\u00e9alit\u00e9s de nos contr\u00e9es.\" \/>\n<meta property=\"og:url\" content=\"https:\/\/biscotteslitteraires.com\/2021\/les-nouvelles\/\" \/>\n<meta property=\"og:site_name\" content=\"Biscottes Litt\u00e9raires\" \/>\n<meta property=\"article:publisher\" content=\"https:\/\/facebook.com\/biscotteslitterairesbenin\" \/>\n<meta property=\"article:modified_time\" content=\"2021-08-26T09:12:37+00:00\" \/>\n<meta property=\"og:image\" content=\"https:\/\/biscotteslitteraires.com\/2021\/wp-content\/uploads\/2021\/08\/golden-791072_19201.jpg\" \/>\n\t<meta property=\"og:image:width\" content=\"1920\" \/>\n\t<meta property=\"og:image:height\" content=\"1280\" \/>\n\t<meta property=\"og:image:type\" content=\"image\/jpeg\" \/>\n<meta name=\"twitter:card\" content=\"summary\" \/>\n<script type=\"application\/ld+json\" class=\"yoast-schema-graph\">{\"@context\":\"https:\/\/schema.org\",\"@graph\":[{\"@type\":\"Organization\",\"@id\":\"https:\/\/biscotteslitteraires.com\/2021\/#organization\",\"name\":\"Biscottes Litt\u00e9raires\",\"url\":\"https:\/\/biscotteslitteraires.com\/2021\/\",\"sameAs\":[\"https:\/\/facebook.com\/biscotteslitterairesbenin\"],\"logo\":{\"@type\":\"ImageObject\",\"inLanguage\":\"fr-FR\",\"@id\":\"https:\/\/biscotteslitteraires.com\/2021\/#\/schema\/logo\/image\/\",\"url\":\"https:\/\/biscotteslitteraires.com\/2021\/wp-content\/uploads\/2018\/11\/cropped-LOGO-BL-e1630101307137.jpg\",\"contentUrl\":\"https:\/\/biscotteslitteraires.com\/2021\/wp-content\/uploads\/2018\/11\/cropped-LOGO-BL-e1630101307137.jpg\",\"width\":960,\"height\":960,\"caption\":\"Biscottes Litt\u00e9raires\"},\"image\":{\"@id\":\"https:\/\/biscotteslitteraires.com\/2021\/#\/schema\/logo\/image\/\"}},{\"@type\":\"WebSite\",\"@id\":\"https:\/\/biscotteslitteraires.com\/2021\/#website\",\"url\":\"https:\/\/biscotteslitteraires.com\/2021\/\",\"name\":\"Biscottes Litt\u00e9raires\",\"description\":\"Ici nous voyagerons dans les lignes, explorerons les interlignes.\",\"publisher\":{\"@id\":\"https:\/\/biscotteslitteraires.com\/2021\/#organization\"},\"potentialAction\":[{\"@type\":\"SearchAction\",\"target\":{\"@type\":\"EntryPoint\",\"urlTemplate\":\"https:\/\/biscotteslitteraires.com\/2021\/?s={search_term_string}\"},\"query-input\":\"required name=search_term_string\"}],\"inLanguage\":\"fr-FR\"},{\"@type\":\"ImageObject\",\"inLanguage\":\"fr-FR\",\"@id\":\"https:\/\/biscotteslitteraires.com\/2021\/les-nouvelles\/#primaryimage\",\"url\":\"https:\/\/biscotteslitteraires.com\/2021\/wp-content\/uploads\/2021\/08\/golden-791072_19201.jpg\",\"contentUrl\":\"https:\/\/biscotteslitteraires.com\/2021\/wp-content\/uploads\/2021\/08\/golden-791072_19201.jpg\",\"width\":1920,\"height\":1280},{\"@type\":\"WebPage\",\"@id\":\"https:\/\/biscotteslitteraires.com\/2021\/les-nouvelles\/#webpage\",\"url\":\"https:\/\/biscotteslitteraires.com\/2021\/les-nouvelles\/\",\"name\":\"Les nouvelles par \u00e9pisode - Biscottes Litt\u00e9raires\",\"isPartOf\":{\"@id\":\"https:\/\/biscotteslitteraires.com\/2021\/#website\"},\"primaryImageOfPage\":{\"@id\":\"https:\/\/biscotteslitteraires.com\/2021\/les-nouvelles\/#primaryimage\"},\"datePublished\":\"2017-04-03T13:55:20+00:00\",\"dateModified\":\"2021-08-26T09:12:37+00:00\",\"breadcrumb\":{\"@id\":\"https:\/\/biscotteslitteraires.com\/2021\/les-nouvelles\/#breadcrumb\"},\"inLanguage\":\"fr-FR\",\"potentialAction\":[{\"@type\":\"ReadAction\",\"target\":[\"https:\/\/biscotteslitteraires.com\/2021\/les-nouvelles\/\"]}]},{\"@type\":\"BreadcrumbList\",\"@id\":\"https:\/\/biscotteslitteraires.com\/2021\/les-nouvelles\/#breadcrumb\",\"itemListElement\":[{\"@type\":\"ListItem\",\"position\":1,\"name\":\"Accueil\",\"item\":\"https:\/\/biscotteslitteraires.com\/2021\/\"},{\"@type\":\"ListItem\",\"position\":2,\"name\":\"Les nouvelles par \u00e9pisode\"}]}]}<\/script>\n<!-- \/ Yoast SEO plugin. -->","yoast_head_json":{"title":"Les nouvelles par \u00e9pisode - Biscottes Litt\u00e9raires","robots":{"index":"index","follow":"follow","max-snippet":"max-snippet:-1","max-image-preview":"max-image-preview:large","max-video-preview":"max-video-preview:-1"},"canonical":"https:\/\/biscotteslitteraires.com\/2021\/les-nouvelles\/","og_locale":"fr_FR","og_type":"article","og_title":"Les nouvelles par \u00e9pisode - Biscottes Litt\u00e9raires","og_description":"Nouvelles par \u00e9pisode Les auteurs du blog vous offrent ici gracieusement de vous abreuver de nouvelles in\u00e9dites qui vous font voyager dans l&rsquo;imaginaire et les r\u00e9alit\u00e9s de nos contr\u00e9es.","og_url":"https:\/\/biscotteslitteraires.com\/2021\/les-nouvelles\/","og_site_name":"Biscottes Litt\u00e9raires","article_publisher":"https:\/\/facebook.com\/biscotteslitterairesbenin","article_modified_time":"2021-08-26T09:12:37+00:00","og_image":[{"width":1920,"height":1280,"url":"https:\/\/biscotteslitteraires.com\/2021\/wp-content\/uploads\/2021\/08\/golden-791072_19201.jpg","type":"image\/jpeg"}],"twitter_card":"summary","schema":{"@context":"https:\/\/schema.org","@graph":[{"@type":"Organization","@id":"https:\/\/biscotteslitteraires.com\/2021\/#organization","name":"Biscottes Litt\u00e9raires","url":"https:\/\/biscotteslitteraires.com\/2021\/","sameAs":["https:\/\/facebook.com\/biscotteslitterairesbenin"],"logo":{"@type":"ImageObject","inLanguage":"fr-FR","@id":"https:\/\/biscotteslitteraires.com\/2021\/#\/schema\/logo\/image\/","url":"https:\/\/biscotteslitteraires.com\/2021\/wp-content\/uploads\/2018\/11\/cropped-LOGO-BL-e1630101307137.jpg","contentUrl":"https:\/\/biscotteslitteraires.com\/2021\/wp-content\/uploads\/2018\/11\/cropped-LOGO-BL-e1630101307137.jpg","width":960,"height":960,"caption":"Biscottes Litt\u00e9raires"},"image":{"@id":"https:\/\/biscotteslitteraires.com\/2021\/#\/schema\/logo\/image\/"}},{"@type":"WebSite","@id":"https:\/\/biscotteslitteraires.com\/2021\/#website","url":"https:\/\/biscotteslitteraires.com\/2021\/","name":"Biscottes Litt\u00e9raires","description":"Ici nous voyagerons dans les lignes, explorerons les interlignes.","publisher":{"@id":"https:\/\/biscotteslitteraires.com\/2021\/#organization"},"potentialAction":[{"@type":"SearchAction","target":{"@type":"EntryPoint","urlTemplate":"https:\/\/biscotteslitteraires.com\/2021\/?s={search_term_string}"},"query-input":"required name=search_term_string"}],"inLanguage":"fr-FR"},{"@type":"ImageObject","inLanguage":"fr-FR","@id":"https:\/\/biscotteslitteraires.com\/2021\/les-nouvelles\/#primaryimage","url":"https:\/\/biscotteslitteraires.com\/2021\/wp-content\/uploads\/2021\/08\/golden-791072_19201.jpg","contentUrl":"https:\/\/biscotteslitteraires.com\/2021\/wp-content\/uploads\/2021\/08\/golden-791072_19201.jpg","width":1920,"height":1280},{"@type":"WebPage","@id":"https:\/\/biscotteslitteraires.com\/2021\/les-nouvelles\/#webpage","url":"https:\/\/biscotteslitteraires.com\/2021\/les-nouvelles\/","name":"Les nouvelles par \u00e9pisode - Biscottes Litt\u00e9raires","isPartOf":{"@id":"https:\/\/biscotteslitteraires.com\/2021\/#website"},"primaryImageOfPage":{"@id":"https:\/\/biscotteslitteraires.com\/2021\/les-nouvelles\/#primaryimage"},"datePublished":"2017-04-03T13:55:20+00:00","dateModified":"2021-08-26T09:12:37+00:00","breadcrumb":{"@id":"https:\/\/biscotteslitteraires.com\/2021\/les-nouvelles\/#breadcrumb"},"inLanguage":"fr-FR","potentialAction":[{"@type":"ReadAction","target":["https:\/\/biscotteslitteraires.com\/2021\/les-nouvelles\/"]}]},{"@type":"BreadcrumbList","@id":"https:\/\/biscotteslitteraires.com\/2021\/les-nouvelles\/#breadcrumb","itemListElement":[{"@type":"ListItem","position":1,"name":"Accueil","item":"https:\/\/biscotteslitteraires.com\/2021\/"},{"@type":"ListItem","position":2,"name":"Les nouvelles par \u00e9pisode"}]}]}},"_links":{"self":[{"href":"https:\/\/biscotteslitteraires.com\/2021\/wp-json\/wp\/v2\/pages\/31"}],"collection":[{"href":"https:\/\/biscotteslitteraires.com\/2021\/wp-json\/wp\/v2\/pages"}],"about":[{"href":"https:\/\/biscotteslitteraires.com\/2021\/wp-json\/wp\/v2\/types\/page"}],"author":[{"embeddable":true,"href":"https:\/\/biscotteslitteraires.com\/2021\/wp-json\/wp\/v2\/users\/1"}],"replies":[{"embeddable":true,"href":"https:\/\/biscotteslitteraires.com\/2021\/wp-json\/wp\/v2\/comments?post=31"}],"version-history":[{"count":15,"href":"https:\/\/biscotteslitteraires.com\/2021\/wp-json\/wp\/v2\/pages\/31\/revisions"}],"predecessor-version":[{"id":10013,"href":"https:\/\/biscotteslitteraires.com\/2021\/wp-json\/wp\/v2\/pages\/31\/revisions\/10013"}],"wp:featuredmedia":[{"embeddable":true,"href":"https:\/\/biscotteslitteraires.com\/2021\/wp-json\/wp\/v2\/media\/9937"}],"wp:attachment":[{"href":"https:\/\/biscotteslitteraires.com\/2021\/wp-json\/wp\/v2\/media?parent=31"}],"curies":[{"name":"wp","href":"https:\/\/api.w.org\/{rel}","templated":true}]}}