{"id":33,"date":"2017-04-03T13:55:52","date_gmt":"2017-04-03T13:55:52","guid":{"rendered":"http:\/\/biscotteslitteraires.com\/2021\/?page_id=33"},"modified":"2021-08-26T21:42:46","modified_gmt":"2021-08-26T21:42:46","slug":"les-poemes","status":"publish","type":"page","link":"https:\/\/biscotteslitteraires.com\/2021\/les-poemes\/","title":{"rendered":"Po\u00e8mes"},"content":{"rendered":"\t\t<div data-elementor-type=\"wp-page\" data-elementor-id=\"33\" class=\"elementor elementor-33\" data-elementor-settings=\"[]\">\n\t\t\t\t\t\t<div class=\"elementor-inner\">\n\t\t\t\t\t\t\t<div class=\"elementor-section-wrap\">\n\t\t\t\t\t\t\t<section class=\"elementor-section elementor-top-section elementor-element elementor-element-4675913 elementor-section-boxed elementor-section-height-default elementor-section-height-default\" data-id=\"4675913\" data-element_type=\"section\" id=\"post_header\" data-settings=\"{&quot;background_background&quot;:&quot;classic&quot;}\">\n\t\t\t\t\t\t<div class=\"elementor-container elementor-column-gap-default\">\n\t\t\t\t\t\t\t<div class=\"elementor-row\">\n\t\t\t\t\t<div class=\"elementor-column elementor-col-100 elementor-top-column elementor-element elementor-element-47490e4\" data-id=\"47490e4\" data-element_type=\"column\">\n\t\t\t<div class=\"elementor-column-wrap elementor-element-populated\">\n\t\t\t\t\t\t\t<div class=\"elementor-widget-wrap\">\n\t\t\t\t\t\t<div class=\"elementor-element elementor-element-142abed elementor-widget elementor-widget-text-editor\" data-id=\"142abed\" data-element_type=\"widget\" data-widget_type=\"text-editor.default\">\n\t\t\t\t<div class=\"elementor-widget-container\">\n\t\t\t\t\t\t\t\t<div class=\"elementor-text-editor elementor-clearfix\">\n\t\t\t\t<h1 style=\"text-align: center;\"><b>Po\u00e8mes<br><\/b><\/h1>\n<p style=\"text-align: center;\">D\u00e9couvrez \u00e0 travers nos inspirations po\u00e9tiques : des vers qui parlent d&rsquo;amour, d&rsquo;espoir; de patrie et de r\u00eaves.<br><\/p>\t\t\t\t\t<\/div>\n\t\t\t\t\t\t<\/div>\n\t\t\t\t<\/div>\n\t\t\t\t\t\t<\/div>\n\t\t\t\t\t<\/div>\n\t\t<\/div>\n\t\t\t\t\t\t\t\t<\/div>\n\t\t\t\t\t<\/div>\n\t\t<\/section>\n\t\t\t\t<section class=\"elementor-section elementor-top-section elementor-element elementor-element-3ace45cd elementor-section-boxed elementor-section-height-default elementor-section-height-default\" data-id=\"3ace45cd\" data-element_type=\"section\">\n\t\t\t\t\t\t<div class=\"elementor-container elementor-column-gap-default\">\n\t\t\t\t\t\t\t<div class=\"elementor-row\">\n\t\t\t\t\t<div class=\"elementor-column elementor-col-100 elementor-top-column elementor-element elementor-element-79dc6e6\" data-id=\"79dc6e6\" data-element_type=\"column\">\n\t\t\t<div class=\"elementor-column-wrap elementor-element-populated\">\n\t\t\t\t\t\t\t<div class=\"elementor-widget-wrap\">\n\t\t\t\t\t\t<div class=\"elementor-element elementor-element-64f388fb elementor-widget elementor-widget-shortcode\" data-id=\"64f388fb\" data-element_type=\"widget\" data-widget_type=\"shortcode.default\">\n\t\t\t\t<div class=\"elementor-widget-container\">\n\t\t\t\t\t<div class=\"elementor-shortcode\"><style type=\"text\/css\">#post-grid-5858 .element_0{display: block;font-size: 21px;line-height: normal;padding: 5px 10px;text-align: left;}#post-grid-5858 .element_1630020739064{font-size:12px;display:block;padding:10px;}#post-grid-5858 .element_1{display: block;font-size: 12px;padding: 5px 10px;text-align: left;}#post-grid-5858 .element_2{display: block;font-size: 15px;font-weight: bold;padding: 0 10px;text-align: right;}#post-grid-5858 .element_0:hover{}#post-grid-5858 .element_1630020739064:hover{}#post-grid-5858 .element_1:hover{}#post-grid-5858 .element_2:hover{}#post-grid-5858 .item{\n\t\t\tbackground:#fff;\n\t\n\t\t\t}<\/style><style type=\"text\/css\">\/*Write your CSS code here*\/<\/style><style type=\"text\/css\">#post-grid-5858 {\n\t\t\tpadding:10px;\n\t\t\tbackground: #fff url() repeat scroll 0 0;\n\t\t}#post-grid-5858 .item .layer-media{overflow: hidden;\n\t\t}@media only screen and (min-width: 1024px ) {#post-grid-5858 .item .layer-media{max-height:206px;}}\n\t\t\n\t\t@media only screen and ( min-width: 768px ) and ( max-width: 1023px ) {#post-grid-5858 .item .layer-media{height:auto}}\n\t\t\n\t\t@media only screen and ( min-width: 320px ) and ( max-width: 767px ) {#post-grid-5858 .item .layer-media{height:auto}}#post-grid-5858 .item{\n\t\tmargin:10px;}@media only screen and (min-width: 1024px ) {#post-grid-5858 .item{height:auto;}}\n\t\n\t@media only screen and ( min-width: 768px ) and ( max-width: 1023px ) {#post-grid-5858 .item{height:auto}}\n\t\n\t@media only screen and ( min-width: 320px ) and ( max-width: 767px ) {#post-grid-5858 .item{height:auto}}\n\t@media only screen and (min-width: 1024px ) {\n\t#post-grid-5858 .item{width:31%}\n\t\n\t}\n\t\n\t@media only screen and ( min-width: 768px ) and ( max-width: 1023px ) {\n\t#post-grid-5858 .item{width:45%}\n\t}\n\t\n\t@media only screen and ( min-width: 320px ) and ( max-width: 767px ) {\n\t#post-grid-5858 .item{width:90%}\n\t}<\/style><div id=\"post-grid-5858\" class=\"post-grid grid\"><div class=\"grid-nav-top\"><\/div><div class=\"grid-items \" id=\"\"><div  class=\"item mix skin even flat poeme \"><div class=\"layer-media\"><a href=\"https:\/\/biscotteslitteraires.com\/2021\/equilibre-fragile-icare-durand\/\"><img alt=\"\" src=\"https:\/\/biscotteslitteraires.com\/2021\/wp-content\/uploads\/2025\/04\/1000776250-300x199.jpg\" \/><\/a><\/div><div class=\"layer-content\"><div class=\"element element_0 title\"  >\u00a0\u00bb Equilibre fragile\u00a0\u00bb, Icare Durand.<\/div><div class=\"element element_1630020739064 post_date\"  >26 avril 2025<\/div><div class=\"element element_1 excerpt\"  >La vie de l'\u00eatre humain est un combat perp\u00e9tuel. Beaucoup de sentiments se m\u00ealent et s'entrem\u00ealent. Mais c'est la vie.<\/div><a target=\"_parent\" class=\"element element_2 read_more\"  href=\"https:\/\/biscotteslitteraires.com\/2021\/equilibre-fragile-icare-durand\/\">Lire la suite<\/a><\/div><\/div><div  class=\"item mix skin odd flat poeme \"><div class=\"layer-media\"><a href=\"https:\/\/biscotteslitteraires.com\/2021\/a-toi-qui-pars-pour-toujours\/\"><img alt=\"\" src=\"https:\/\/biscotteslitteraires.com\/2021\/wp-content\/uploads\/2023\/09\/rip315-300x158.jpg\" \/><\/a><\/div><div class=\"layer-content\"><div class=\"element element_0 title\"  >A toi, qui pars pour toujours<\/div><div class=\"element element_1630020739064 post_date\"  >9 septembre 2023<\/div><div class=\"element element_1 excerpt\"  >\u00c0 tous ces \u00eatres chers Qui ont rejoint le vaste ciel Que la terre vous soit l\u00e9g\u00e8re.<\/div><a target=\"_parent\" class=\"element element_2 read_more\"  href=\"https:\/\/biscotteslitteraires.com\/2021\/a-toi-qui-pars-pour-toujours\/\">Lire la suite<\/a><\/div><\/div><div  class=\"item mix skin even flat poeme \"><div class=\"layer-media\"><a href=\"https:\/\/biscotteslitteraires.com\/2021\/et-mon-coeur-parla%e2%80%89\/\"><img alt=\"\" src=\"https:\/\/biscotteslitteraires.com\/2021\/wp-content\/uploads\/2023\/02\/IMG-20230214-WA0021-300x230.jpg\" \/><\/a><\/div><div class=\"layer-content\"><div class=\"element element_0 title\"  >Et mon c\u0153ur parla\u2009!<\/div><div class=\"element element_1630020739064 post_date\"  >14 f\u00e9vrier 2023<\/div><div class=\"element element_1 excerpt\"  >Je sais que la soci\u00e9t\u00e9 nous apprend qu\u2019un homme ne refuse pas les avances d\u2019une jeune fille et voit l'homme<\/div><a target=\"_parent\" class=\"element element_2 read_more\"  href=\"https:\/\/biscotteslitteraires.com\/2021\/et-mon-coeur-parla%e2%80%89\/\">Lire la suite<\/a><\/div><\/div><div  class=\"item mix skin odd flat poeme \"><div class=\"layer-media\"><a href=\"https:\/\/biscotteslitteraires.com\/2021\/la-nature\/\"><img alt=\"\" src=\"https:\/\/biscotteslitteraires.com\/2021\/wp-content\/uploads\/2022\/06\/Screenshot_20220602-104921-1-300x208.png\" \/><\/a><\/div><div class=\"layer-content\"><div class=\"element element_0 title\"  >La nature<\/div><div class=\"element element_1630020739064 post_date\"  >9 juin 2022<\/div><div class=\"element element_1 excerpt\"  >L'amour brille, scintille et illumine que l'or. L'amour con\u00e7oit tout en esp\u00e9rance, Il construit tout avec patience.<\/div><a target=\"_parent\" class=\"element element_2 read_more\"  href=\"https:\/\/biscotteslitteraires.com\/2021\/la-nature\/\">Lire la suite<\/a><\/div><\/div><div  class=\"item mix skin even flat poeme \"><div class=\"layer-media\"><a href=\"https:\/\/biscotteslitteraires.com\/2021\/ou-suis-je\/\"><img alt=\"\" src=\"https:\/\/biscotteslitteraires.com\/2021\/wp-content\/uploads\/2022\/06\/eau_nature-300x200.jpg\" \/><\/a><\/div><div class=\"layer-content\"><div class=\"element element_0 title\"  >O\u00f9 suis-je?<\/div><div class=\"element element_1630020739064 post_date\"  >2 juin 2022<\/div><div class=\"element element_1 excerpt\"  >Le devenir de l'homme ne se d\u00e9finit que par ses actes dit-on. dans cet espace, j'ai torqu\u00e9 aux portes, je<\/div><a target=\"_parent\" class=\"element element_2 read_more\"  href=\"https:\/\/biscotteslitteraires.com\/2021\/ou-suis-je\/\">Lire la suite<\/a><\/div><\/div><div  class=\"item mix skin odd flat poeme \"><div class=\"layer-media\"><a href=\"https:\/\/biscotteslitteraires.com\/2021\/la-vie\/\"><img alt=\"\" src=\"https:\/\/biscotteslitteraires.com\/2021\/wp-content\/uploads\/2022\/05\/la-vie-300x192.jpg\" \/><\/a><\/div><div class=\"layer-content\"><div class=\"element element_0 title\"  >LA VIE!<\/div><div class=\"element element_1630020739064 post_date\"  >12 mai 2022<\/div><div class=\"element element_1 excerpt\"  >\u00c0 dire vrai, l'Homme est \u00e0 la t\u00eate de ces esp\u00e8ces qui, au lieu de concourir au bien, joue pour<\/div><a target=\"_parent\" class=\"element element_2 read_more\"  href=\"https:\/\/biscotteslitteraires.com\/2021\/la-vie\/\">Lire la suite<\/a><\/div><\/div><div  class=\"item mix skin even flat poeme \"><div class=\"layer-media\"><a href=\"https:\/\/biscotteslitteraires.com\/2021\/femme-merci\/\"><img alt=\"\" src=\"https:\/\/biscotteslitteraires.com\/2021\/wp-content\/uploads\/2022\/03\/Screenshot_20220307-190215-226x300.png\" \/><\/a><\/div><div class=\"layer-content\"><div class=\"element element_0 title\"  >Femme: Lumi\u00e8re du monde et de la vie!<\/div><div class=\"element element_1630020739064 post_date\"  >8 mars 2022<\/div><div class=\"element element_1 excerpt\"  >Femme de toute nation, femme d\u2019Afrique, femme noire\u00a0! Inspirante\u00a0! oui, toi, toi, toi vous l\u2019\u00eates.<\/div><a target=\"_parent\" class=\"element element_2 read_more\"  href=\"https:\/\/biscotteslitteraires.com\/2021\/femme-merci\/\">Lire la suite<\/a><\/div><\/div><div  class=\"item mix skin odd flat poeme \"><div class=\"layer-media\"><a href=\"https:\/\/biscotteslitteraires.com\/2021\/o-alyssons-epineux-manssouri-essaid\/\"><img alt=\"\" src=\"https:\/\/biscotteslitteraires.com\/2021\/wp-content\/uploads\/2021\/04\/3c545b90c3deeb94ac46e90aaabbfac8-197x300.jpg\" \/><\/a><\/div><div class=\"layer-content\"><div class=\"element element_0 title\"  >\u00ab\u00a0\u00d4 Alyssons \u00e9pineux\u00a0\u00bb, Manssouri Essaid<\/div><div class=\"element element_1630020739064 post_date\"  >17 avril 2021<\/div><div class=\"element element_1 excerpt\"  >\u00d4 Alyssons \u00e9pineux&#8230; \u00d4 rose, je suis ces regards qui chevauchent Les charmes de ta beaut\u00e9 Je suis ce vent<\/div><a target=\"_parent\" class=\"element element_2 read_more\"  href=\"https:\/\/biscotteslitteraires.com\/2021\/o-alyssons-epineux-manssouri-essaid\/\">Lire la suite<\/a><\/div><\/div><div  class=\"item mix skin even flat poeme \"><div class=\"layer-media\"><a href=\"https:\/\/biscotteslitteraires.com\/2021\/la-mysterieuse-maxime-dossou-kouassi\/\"><img alt=\"\" src=\"https:\/\/biscotteslitteraires.com\/2021\/wp-content\/uploads\/2020\/12\/1409250530la-mysterieuse-entrevue.jpg\" \/><\/a><\/div><div class=\"layer-content\"><div class=\"element element_0 title\"  >\u00ab\u00a0La myst\u00e9rieuse\u00a0\u00bb, Maxime DOSSOU KOUASSI<\/div><div class=\"element element_1630020739064 post_date\"  >3 d\u00e9cembre 2020<\/div><div class=\"element element_1 excerpt\"  >&nbsp; \u00a0 Assis sur ses sables fins, admirant La mer danser, s&rsquo;\u00e9clater, s&rsquo;enivrer Avec une pieuse joie de vivre, et<\/div><a target=\"_parent\" class=\"element element_2 read_more\"  href=\"https:\/\/biscotteslitteraires.com\/2021\/la-mysterieuse-maxime-dossou-kouassi\/\">Lire la suite<\/a><\/div><\/div><\/div><div class=\"grid-nav-bottom\"><div class=\"pagination dark\"><div class=\"paginate\"><span aria-current=\"page\" class=\"page-numbers current\">1<\/span>\n<a class=\"page-numbers\" href=\"https:\/\/biscotteslitteraires.com\/2021\/wp-json\/wp\/v2\/pages\/33\/page\/2\/\">2<\/a>\n<a class=\"page-numbers\" href=\"https:\/\/biscotteslitteraires.com\/2021\/wp-json\/wp\/v2\/pages\/33\/page\/3\/\">3<\/a>\n<span class=\"page-numbers dots\">\u2026<\/span>\n<a class=\"page-numbers\" href=\"https:\/\/biscotteslitteraires.com\/2021\/wp-json\/wp\/v2\/pages\/33\/page\/5\/\">5<\/a>\n<a class=\"next page-numbers\" href=\"https:\/\/biscotteslitteraires.com\/2021\/wp-json\/wp\/v2\/pages\/33\/page\/2\/\">Suivant \u00bb<\/a><\/div ><\/div ><\/div><script>\n\t\tjQuery(document).ready(function($)\n\t\t{\n\t\t\t$(\"#post-grid-5858 .layer-media .gallery\").owlCarousel({\n\t\t\t\t\n\t\t\t\titems : 1,\n\n\t\t\t\tnavText : [\"\",\"\"],\n\t\t\t\tautoplay: true,\n\t\t\t\tloop: true,\n\t\t\t\tautoHeight : true,\t\n\t\t\t\tnav : false,\t\n\t\t\t\tdots : false,\t\t\t\t\t\n\t\t\t\t\t\t\t\t\t\t\t\n\t\t\t\t\t\t\t\t\n\t\t\t\t});\n\t\t\n\t\t});<\/script><\/div><\/div>\n\t\t\t\t<\/div>\n\t\t\t\t<\/div>\n\t\t\t\t\t\t<\/div>\n\t\t\t\t\t<\/div>\n\t\t<\/div>\n\t\t\t\t\t\t\t\t<\/div>\n\t\t\t\t\t<\/div>\n\t\t<\/section>\n\t\t\t\t\t\t<\/div>\n\t\t\t\t\t\t<\/div>\n\t\t\t\t\t<\/div>\n\t\t","protected":false},"excerpt":{"rendered":"<p>Po\u00e8mes D\u00e9couvrez \u00e0 travers nos inspirations po\u00e9tiques : des vers qui parlent d&rsquo;amour, d&rsquo;espoir; de patrie et de r\u00eaves.<\/p>\n","protected":false},"author":1,"featured_media":10123,"parent":0,"menu_order":0,"comment_status":"closed","ping_status":"closed","template":"","meta":[],"yoast_head":"<!-- This site is optimized with the Yoast SEO plugin v19.0 - https:\/\/yoast.com\/wordpress\/plugins\/seo\/ -->\n<title>Po\u00e8mes - Biscottes Litt\u00e9raires<\/title>\n<meta name=\"robots\" content=\"index, follow, max-snippet:-1, max-image-preview:large, max-video-preview:-1\" \/>\n<link rel=\"canonical\" href=\"https:\/\/biscotteslitteraires.com\/2021\/les-poemes\/\" \/>\n<meta property=\"og:locale\" content=\"fr_FR\" \/>\n<meta property=\"og:type\" content=\"article\" \/>\n<meta property=\"og:title\" content=\"Po\u00e8mes - Biscottes Litt\u00e9raires\" \/>\n<meta property=\"og:description\" content=\"Po\u00e8mes D\u00e9couvrez \u00e0 travers nos inspirations po\u00e9tiques : des vers qui parlent d&rsquo;amour, d&rsquo;espoir; de patrie et de r\u00eaves.\" \/>\n<meta property=\"og:url\" content=\"https:\/\/biscotteslitteraires.com\/2021\/les-poemes\/\" \/>\n<meta property=\"og:site_name\" content=\"Biscottes Litt\u00e9raires\" \/>\n<meta property=\"article:publisher\" content=\"https:\/\/facebook.com\/biscotteslitterairesbenin\" \/>\n<meta property=\"article:modified_time\" content=\"2021-08-26T21:42:46+00:00\" \/>\n<meta property=\"og:image\" content=\"https:\/\/biscotteslitteraires.com\/2021\/wp-content\/uploads\/2021\/08\/poppy-1128683_1920.jpg\" \/>\n\t<meta property=\"og:image:width\" content=\"1920\" \/>\n\t<meta property=\"og:image:height\" content=\"1279\" \/>\n\t<meta property=\"og:image:type\" content=\"image\/jpeg\" \/>\n<meta name=\"twitter:card\" content=\"summary\" \/>\n<script type=\"application\/ld+json\" class=\"yoast-schema-graph\">{\"@context\":\"https:\/\/schema.org\",\"@graph\":[{\"@type\":\"Organization\",\"@id\":\"https:\/\/biscotteslitteraires.com\/2021\/#organization\",\"name\":\"Biscottes Litt\u00e9raires\",\"url\":\"https:\/\/biscotteslitteraires.com\/2021\/\",\"sameAs\":[\"https:\/\/facebook.com\/biscotteslitterairesbenin\"],\"logo\":{\"@type\":\"ImageObject\",\"inLanguage\":\"fr-FR\",\"@id\":\"https:\/\/biscotteslitteraires.com\/2021\/#\/schema\/logo\/image\/\",\"url\":\"https:\/\/biscotteslitteraires.com\/2021\/wp-content\/uploads\/2018\/11\/cropped-LOGO-BL-e1630101307137.jpg\",\"contentUrl\":\"https:\/\/biscotteslitteraires.com\/2021\/wp-content\/uploads\/2018\/11\/cropped-LOGO-BL-e1630101307137.jpg\",\"width\":960,\"height\":960,\"caption\":\"Biscottes Litt\u00e9raires\"},\"image\":{\"@id\":\"https:\/\/biscotteslitteraires.com\/2021\/#\/schema\/logo\/image\/\"}},{\"@type\":\"WebSite\",\"@id\":\"https:\/\/biscotteslitteraires.com\/2021\/#website\",\"url\":\"https:\/\/biscotteslitteraires.com\/2021\/\",\"name\":\"Biscottes Litt\u00e9raires\",\"description\":\"Ici nous voyagerons dans les lignes, explorerons les interlignes.\",\"publisher\":{\"@id\":\"https:\/\/biscotteslitteraires.com\/2021\/#organization\"},\"potentialAction\":[{\"@type\":\"SearchAction\",\"target\":{\"@type\":\"EntryPoint\",\"urlTemplate\":\"https:\/\/biscotteslitteraires.com\/2021\/?s={search_term_string}\"},\"query-input\":\"required name=search_term_string\"}],\"inLanguage\":\"fr-FR\"},{\"@type\":\"ImageObject\",\"inLanguage\":\"fr-FR\",\"@id\":\"https:\/\/biscotteslitteraires.com\/2021\/les-poemes\/#primaryimage\",\"url\":\"https:\/\/biscotteslitteraires.com\/2021\/wp-content\/uploads\/2021\/08\/poppy-1128683_1920.jpg\",\"contentUrl\":\"https:\/\/biscotteslitteraires.com\/2021\/wp-content\/uploads\/2021\/08\/poppy-1128683_1920.jpg\",\"width\":1920,\"height\":1279},{\"@type\":\"WebPage\",\"@id\":\"https:\/\/biscotteslitteraires.com\/2021\/les-poemes\/#webpage\",\"url\":\"https:\/\/biscotteslitteraires.com\/2021\/les-poemes\/\",\"name\":\"Po\u00e8mes - Biscottes Litt\u00e9raires\",\"isPartOf\":{\"@id\":\"https:\/\/biscotteslitteraires.com\/2021\/#website\"},\"primaryImageOfPage\":{\"@id\":\"https:\/\/biscotteslitteraires.com\/2021\/les-poemes\/#primaryimage\"},\"datePublished\":\"2017-04-03T13:55:52+00:00\",\"dateModified\":\"2021-08-26T21:42:46+00:00\",\"breadcrumb\":{\"@id\":\"https:\/\/biscotteslitteraires.com\/2021\/les-poemes\/#breadcrumb\"},\"inLanguage\":\"fr-FR\",\"potentialAction\":[{\"@type\":\"ReadAction\",\"target\":[\"https:\/\/biscotteslitteraires.com\/2021\/les-poemes\/\"]}]},{\"@type\":\"BreadcrumbList\",\"@id\":\"https:\/\/biscotteslitteraires.com\/2021\/les-poemes\/#breadcrumb\",\"itemListElement\":[{\"@type\":\"ListItem\",\"position\":1,\"name\":\"Accueil\",\"item\":\"https:\/\/biscotteslitteraires.com\/2021\/\"},{\"@type\":\"ListItem\",\"position\":2,\"name\":\"Po\u00e8mes\"}]}]}<\/script>\n<!-- \/ Yoast SEO plugin. -->","yoast_head_json":{"title":"Po\u00e8mes - Biscottes Litt\u00e9raires","robots":{"index":"index","follow":"follow","max-snippet":"max-snippet:-1","max-image-preview":"max-image-preview:large","max-video-preview":"max-video-preview:-1"},"canonical":"https:\/\/biscotteslitteraires.com\/2021\/les-poemes\/","og_locale":"fr_FR","og_type":"article","og_title":"Po\u00e8mes - Biscottes Litt\u00e9raires","og_description":"Po\u00e8mes D\u00e9couvrez \u00e0 travers nos inspirations po\u00e9tiques : des vers qui parlent d&rsquo;amour, d&rsquo;espoir; de patrie et de r\u00eaves.","og_url":"https:\/\/biscotteslitteraires.com\/2021\/les-poemes\/","og_site_name":"Biscottes Litt\u00e9raires","article_publisher":"https:\/\/facebook.com\/biscotteslitterairesbenin","article_modified_time":"2021-08-26T21:42:46+00:00","og_image":[{"width":1920,"height":1279,"url":"https:\/\/biscotteslitteraires.com\/2021\/wp-content\/uploads\/2021\/08\/poppy-1128683_1920.jpg","type":"image\/jpeg"}],"twitter_card":"summary","schema":{"@context":"https:\/\/schema.org","@graph":[{"@type":"Organization","@id":"https:\/\/biscotteslitteraires.com\/2021\/#organization","name":"Biscottes Litt\u00e9raires","url":"https:\/\/biscotteslitteraires.com\/2021\/","sameAs":["https:\/\/facebook.com\/biscotteslitterairesbenin"],"logo":{"@type":"ImageObject","inLanguage":"fr-FR","@id":"https:\/\/biscotteslitteraires.com\/2021\/#\/schema\/logo\/image\/","url":"https:\/\/biscotteslitteraires.com\/2021\/wp-content\/uploads\/2018\/11\/cropped-LOGO-BL-e1630101307137.jpg","contentUrl":"https:\/\/biscotteslitteraires.com\/2021\/wp-content\/uploads\/2018\/11\/cropped-LOGO-BL-e1630101307137.jpg","width":960,"height":960,"caption":"Biscottes Litt\u00e9raires"},"image":{"@id":"https:\/\/biscotteslitteraires.com\/2021\/#\/schema\/logo\/image\/"}},{"@type":"WebSite","@id":"https:\/\/biscotteslitteraires.com\/2021\/#website","url":"https:\/\/biscotteslitteraires.com\/2021\/","name":"Biscottes Litt\u00e9raires","description":"Ici nous voyagerons dans les lignes, explorerons les interlignes.","publisher":{"@id":"https:\/\/biscotteslitteraires.com\/2021\/#organization"},"potentialAction":[{"@type":"SearchAction","target":{"@type":"EntryPoint","urlTemplate":"https:\/\/biscotteslitteraires.com\/2021\/?s={search_term_string}"},"query-input":"required name=search_term_string"}],"inLanguage":"fr-FR"},{"@type":"ImageObject","inLanguage":"fr-FR","@id":"https:\/\/biscotteslitteraires.com\/2021\/les-poemes\/#primaryimage","url":"https:\/\/biscotteslitteraires.com\/2021\/wp-content\/uploads\/2021\/08\/poppy-1128683_1920.jpg","contentUrl":"https:\/\/biscotteslitteraires.com\/2021\/wp-content\/uploads\/2021\/08\/poppy-1128683_1920.jpg","width":1920,"height":1279},{"@type":"WebPage","@id":"https:\/\/biscotteslitteraires.com\/2021\/les-poemes\/#webpage","url":"https:\/\/biscotteslitteraires.com\/2021\/les-poemes\/","name":"Po\u00e8mes - Biscottes Litt\u00e9raires","isPartOf":{"@id":"https:\/\/biscotteslitteraires.com\/2021\/#website"},"primaryImageOfPage":{"@id":"https:\/\/biscotteslitteraires.com\/2021\/les-poemes\/#primaryimage"},"datePublished":"2017-04-03T13:55:52+00:00","dateModified":"2021-08-26T21:42:46+00:00","breadcrumb":{"@id":"https:\/\/biscotteslitteraires.com\/2021\/les-poemes\/#breadcrumb"},"inLanguage":"fr-FR","potentialAction":[{"@type":"ReadAction","target":["https:\/\/biscotteslitteraires.com\/2021\/les-poemes\/"]}]},{"@type":"BreadcrumbList","@id":"https:\/\/biscotteslitteraires.com\/2021\/les-poemes\/#breadcrumb","itemListElement":[{"@type":"ListItem","position":1,"name":"Accueil","item":"https:\/\/biscotteslitteraires.com\/2021\/"},{"@type":"ListItem","position":2,"name":"Po\u00e8mes"}]}]}},"_links":{"self":[{"href":"https:\/\/biscotteslitteraires.com\/2021\/wp-json\/wp\/v2\/pages\/33"}],"collection":[{"href":"https:\/\/biscotteslitteraires.com\/2021\/wp-json\/wp\/v2\/pages"}],"about":[{"href":"https:\/\/biscotteslitteraires.com\/2021\/wp-json\/wp\/v2\/types\/page"}],"author":[{"embeddable":true,"href":"https:\/\/biscotteslitteraires.com\/2021\/wp-json\/wp\/v2\/users\/1"}],"replies":[{"embeddable":true,"href":"https:\/\/biscotteslitteraires.com\/2021\/wp-json\/wp\/v2\/comments?post=33"}],"version-history":[{"count":20,"href":"https:\/\/biscotteslitteraires.com\/2021\/wp-json\/wp\/v2\/pages\/33\/revisions"}],"predecessor-version":[{"id":10120,"href":"https:\/\/biscotteslitteraires.com\/2021\/wp-json\/wp\/v2\/pages\/33\/revisions\/10120"}],"wp:featuredmedia":[{"embeddable":true,"href":"https:\/\/biscotteslitteraires.com\/2021\/wp-json\/wp\/v2\/media\/10123"}],"wp:attachment":[{"href":"https:\/\/biscotteslitteraires.com\/2021\/wp-json\/wp\/v2\/media?parent=33"}],"curies":[{"name":"wp","href":"https:\/\/api.w.org\/{rel}","templated":true}]}}