{"id":35,"date":"2017-04-03T13:56:13","date_gmt":"2017-04-03T13:56:13","guid":{"rendered":"http:\/\/biscotteslitteraires.com\/2021\/?page_id=35"},"modified":"2021-08-26T23:12:06","modified_gmt":"2021-08-26T23:12:06","slug":"a-propos-de-nous","status":"publish","type":"page","link":"https:\/\/biscotteslitteraires.com\/2021\/a-propos-de-nous\/","title":{"rendered":"A propos de nous"},"content":{"rendered":"\t\t<div data-elementor-type=\"wp-page\" data-elementor-id=\"35\" class=\"elementor elementor-35\" data-elementor-settings=\"[]\">\n\t\t\t\t\t\t<div class=\"elementor-inner\">\n\t\t\t\t\t\t\t<div class=\"elementor-section-wrap\">\n\t\t\t\t\t\t\t<section class=\"elementor-section elementor-top-section elementor-element elementor-element-685880f elementor-section-boxed elementor-section-height-default elementor-section-height-default\" data-id=\"685880f\" data-element_type=\"section\" data-settings=\"{&quot;background_background&quot;:&quot;classic&quot;}\">\n\t\t\t\t\t\t<div class=\"elementor-container elementor-column-gap-default\">\n\t\t\t\t\t\t\t<div class=\"elementor-row\">\n\t\t\t\t\t<div class=\"elementor-column elementor-col-100 elementor-top-column elementor-element elementor-element-4ccec3a\" data-id=\"4ccec3a\" data-element_type=\"column\">\n\t\t\t<div class=\"elementor-column-wrap elementor-element-populated\">\n\t\t\t\t\t\t\t<div class=\"elementor-widget-wrap\">\n\t\t\t\t\t\t<div class=\"elementor-element elementor-element-0eb6e08 elementor-widget elementor-widget-text-editor\" data-id=\"0eb6e08\" data-element_type=\"widget\" id=\"post_header\" data-widget_type=\"text-editor.default\">\n\t\t\t\t<div class=\"elementor-widget-container\">\n\t\t\t\t\t\t\t\t<div class=\"elementor-text-editor elementor-clearfix\">\n\t\t\t\t<h1 style=\"text-align: center;\"><b>A propos de nous<br><\/b><\/h1>\n<p style=\"text-align: center;\">A la d\u00e9couverte de ces personnes qui ont lanc\u00e9 l&rsquo;aventure Biscottes Litt\u00e9raires.<br><\/p>\t\t\t\t\t<\/div>\n\t\t\t\t\t\t<\/div>\n\t\t\t\t<\/div>\n\t\t\t\t\t\t<\/div>\n\t\t\t\t\t<\/div>\n\t\t<\/div>\n\t\t\t\t\t\t\t\t<\/div>\n\t\t\t\t\t<\/div>\n\t\t<\/section>\n\t\t\t\t<section class=\"elementor-section elementor-top-section elementor-element elementor-element-64a9ae87 elementor-section-boxed elementor-section-height-default elementor-section-height-default\" data-id=\"64a9ae87\" data-element_type=\"section\">\n\t\t\t\t\t\t<div class=\"elementor-container elementor-column-gap-default\">\n\t\t\t\t\t\t\t<div class=\"elementor-row\">\n\t\t\t\t\t<div class=\"elementor-column elementor-col-100 elementor-top-column elementor-element elementor-element-304300c8\" data-id=\"304300c8\" data-element_type=\"column\">\n\t\t\t<div class=\"elementor-column-wrap elementor-element-populated\">\n\t\t\t\t\t\t\t<div class=\"elementor-widget-wrap\">\n\t\t\t\t\t\t<div class=\"elementor-element elementor-element-906ebef elementor-widget elementor-widget-text-editor\" data-id=\"906ebef\" data-element_type=\"widget\" data-widget_type=\"text-editor.default\">\n\t\t\t\t<div class=\"elementor-widget-container\">\n\t\t\t\t\t\t\t\t<div class=\"elementor-text-editor elementor-clearfix\">\n\t\t\t\t<h2><strong>Contexte de r\u00e9alisation et motivation<\/strong><\/h2><p>L\u2019Afrique en g\u00e9n\u00e9ral et le B\u00e9nin en particulier dispose d\u2019une richesse litt\u00e9raire infinie et dont la grande majorit\u00e9 reste inexploit\u00e9e dans son ensemble. Force est de constater qu\u2019une grande majorit\u00e9 des jeunes internautes se sentent exclus des nombreuses publications qui parcourent les blogs actuels. Ils ne voient pas leurs int\u00e9r\u00eats port\u00e9s en lumi\u00e8re ou ne peuvent pas s\u2019exprimer sur leur parcours ou leurs lectures. Ce blog, sera un tremplin pour l\u2019\u00e9closion du savoir tel que nous le percevons dans les livres. Internet, outil permanent de communication sera disciple de cette nouvelle mani\u00e8re de d\u00e9couvrir la litt\u00e9rature africaine et du monde avec nos amis internautes. Des blogs litt\u00e9raires, il en existe d\u00e9j\u00e0. Mais dans un univers en perp\u00e9tuel mouvement, en constante inspiration, nous souhaitons faire d\u00e9couvrir aux jeunes, aux lecteurs et \u00e0 tout passionn\u00e9 de litt\u00e9rature, les nouvelles litt\u00e9raires, les chroniques, des lectures d\u2019\u0153uvres contemporaines et actuelles. Atteindre le plus grand nombre dans un esprit de partage \u00e0 travers des photos, vid\u00e9os, titrages, avis et textes reste notre motivation premi\u00e8re.<\/p><h2><strong>Objectifs<\/strong><\/h2><ul><li>Permettre une proximit\u00e9 et un partage d\u2019id\u00e9es avec tous les lecteurs, des plus jeunes aux exp\u00e9riment\u00e9s de la chose livresque<\/li><li>Avoir une vue permanente sur l\u2019\u00e9volution de l\u2019actualit\u00e9 litt\u00e9raire au B\u00e9nin, en Afrique et dans le monde.<\/li><li>\u00c9changer sur des sujets essentiels \u00e0 l\u2019\u00e9closion et \u00e0 l\u2019\u00e9panouissement des talents<\/li><li>Partager et appr\u00e9cier les diff\u00e9rentes \u0153uvres lues par le ou les animateurs du blog .<\/li><\/ul><h2><strong>Les membres du groupe<\/strong><\/h2>\t\t\t\t\t<\/div>\n\t\t\t\t\t\t<\/div>\n\t\t\t\t<\/div>\n\t\t\t\t\t\t<\/div>\n\t\t\t\t\t<\/div>\n\t\t<\/div>\n\t\t\t\t\t\t\t\t<\/div>\n\t\t\t\t\t<\/div>\n\t\t<\/section>\n\t\t\t\t<section class=\"elementor-section elementor-top-section elementor-element elementor-element-5e965a5 elementor-section-boxed elementor-section-height-default elementor-section-height-default\" data-id=\"5e965a5\" data-element_type=\"section\">\n\t\t\t\t\t\t<div class=\"elementor-container elementor-column-gap-default\">\n\t\t\t\t\t\t\t<div class=\"elementor-row\">\n\t\t\t\t\t<div class=\"elementor-column elementor-col-100 elementor-top-column elementor-element elementor-element-dbc0c78\" data-id=\"dbc0c78\" data-element_type=\"column\">\n\t\t\t<div class=\"elementor-column-wrap elementor-element-populated\">\n\t\t\t\t\t\t\t<div class=\"elementor-widget-wrap\">\n\t\t\t\t\t\t<div class=\"elementor-element elementor-element-03200c9 elementor-widget elementor-widget-image-gallery\" data-id=\"03200c9\" data-element_type=\"widget\" id=\"photos_groupe\" data-widget_type=\"image-gallery.default\">\n\t\t\t\t<div class=\"elementor-widget-container\">\n\t\t\t\t\t<div class=\"elementor-image-gallery\">\n\t\t\t\n\t\t<style type=\"text\/css\">\n\t\t\t#gallery-1 {\n\t\t\t\tmargin: auto;\n\t\t\t}\n\t\t\t#gallery-1 .gallery-item {\n\t\t\t\tfloat: left;\n\t\t\t\tmargin-top: 10px;\n\t\t\t\ttext-align: center;\n\t\t\t\twidth: 33%;\n\t\t\t}\n\t\t\t#gallery-1 img {\n\t\t\t\tborder: 2px solid #cfcfcf;\n\t\t\t}\n\t\t\t#gallery-1 .gallery-caption {\n\t\t\t\tmargin-left: 0;\n\t\t\t}\n\t\t\t\/* see gallery_shortcode() in wp-includes\/media.php *\/\n\t\t<\/style>\n\t\t<div id='gallery-1' class='gallery galleryid-35 gallery-columns-3 gallery-size-medium'><dl class='gallery-item'>\n\t\t\t<dt class='gallery-icon landscape'>\n\t\t\t\t<a data-elementor-open-lightbox=\"no\" href='https:\/\/biscotteslitteraires.com\/2021\/wp-content\/uploads\/2021\/08\/bill.jpg'><img width=\"300\" height=\"300\" src=\"https:\/\/biscotteslitteraires.com\/2021\/wp-content\/uploads\/2021\/08\/bill-300x300.jpg\" class=\"attachment-medium size-medium\" alt=\"\" loading=\"lazy\" aria-describedby=\"gallery-1-10158\" srcset=\"https:\/\/biscotteslitteraires.com\/2021\/wp-content\/uploads\/2021\/08\/bill-300x300.jpg 300w, https:\/\/biscotteslitteraires.com\/2021\/wp-content\/uploads\/2021\/08\/bill-1024x1024.jpg 1024w, https:\/\/biscotteslitteraires.com\/2021\/wp-content\/uploads\/2021\/08\/bill-150x150.jpg 150w, https:\/\/biscotteslitteraires.com\/2021\/wp-content\/uploads\/2021\/08\/bill-768x768.jpg 768w, https:\/\/biscotteslitteraires.com\/2021\/wp-content\/uploads\/2021\/08\/bill-1536x1536.jpg 1536w, https:\/\/biscotteslitteraires.com\/2021\/wp-content\/uploads\/2021\/08\/bill.jpg 2048w\" sizes=\"(max-width: 300px) 100vw, 300px\" \/><\/a>\n\t\t\t<\/dt>\n\t\t\t\t<dd class='wp-caption-text gallery-caption' id='gallery-1-10158'>\n\t\t\t\tYOCLOUNON Fabroni Bill, Journaliste Producteur\n\t\t\t\t<\/dd><\/dl><dl class='gallery-item'>\n\t\t\t<dt class='gallery-icon portrait'>\n\t\t\t\t<a data-elementor-open-lightbox=\"no\" href='https:\/\/biscotteslitteraires.com\/2021\/wp-content\/uploads\/2017\/04\/Destin-Mahulolo.jpg'><img width=\"206\" height=\"275\" src=\"https:\/\/biscotteslitteraires.com\/2021\/wp-content\/uploads\/2017\/04\/Destin-Mahulolo.jpg\" class=\"attachment-medium size-medium\" alt=\"\" loading=\"lazy\" aria-describedby=\"gallery-1-339\" \/><\/a>\n\t\t\t<\/dt>\n\t\t\t\t<dd class='wp-caption-text gallery-caption' id='gallery-1-339'>\n\t\t\t\tAKPO Destin, Pr\u00eate\n\t\t\t\t<\/dd><\/dl><dl class='gallery-item'>\n\t\t\t<dt class='gallery-icon portrait'>\n\t\t\t\t<a data-elementor-open-lightbox=\"no\" href='https:\/\/biscotteslitteraires.com\/2021\/wp-content\/uploads\/2019\/07\/akofa-haho.jpg'><img width=\"225\" height=\"300\" src=\"https:\/\/biscotteslitteraires.com\/2021\/wp-content\/uploads\/2019\/07\/akofa-haho-225x300.jpg\" class=\"attachment-medium size-medium\" alt=\"\" loading=\"lazy\" aria-describedby=\"gallery-1-6166\" srcset=\"https:\/\/biscotteslitteraires.com\/2021\/wp-content\/uploads\/2019\/07\/akofa-haho-225x300.jpg 225w, https:\/\/biscotteslitteraires.com\/2021\/wp-content\/uploads\/2019\/07\/akofa-haho.jpg 600w\" sizes=\"(max-width: 225px) 100vw, 225px\" \/><\/a>\n\t\t\t<\/dt>\n\t\t\t\t<dd class='wp-caption-text gallery-caption' id='gallery-1-6166'>\n\t\t\t\tAKOFA Myrtille, Comptable, Ecrivain\n\t\t\t\t<\/dd><\/dl><br style=\"clear: both\" \/><dl class='gallery-item'>\n\t\t\t<dt class='gallery-icon portrait'>\n\t\t\t\t<a data-elementor-open-lightbox=\"no\" href='https:\/\/biscotteslitteraires.com\/2021\/wp-content\/uploads\/2021\/08\/theodore-zinkpe.jpg'><img width=\"240\" height=\"300\" src=\"https:\/\/biscotteslitteraires.com\/2021\/wp-content\/uploads\/2021\/08\/theodore-zinkpe-240x300.jpg\" class=\"attachment-medium size-medium\" alt=\"\" loading=\"lazy\" aria-describedby=\"gallery-1-10154\" srcset=\"https:\/\/biscotteslitteraires.com\/2021\/wp-content\/uploads\/2021\/08\/theodore-zinkpe-240x300.jpg 240w, https:\/\/biscotteslitteraires.com\/2021\/wp-content\/uploads\/2021\/08\/theodore-zinkpe-819x1024.jpg 819w, https:\/\/biscotteslitteraires.com\/2021\/wp-content\/uploads\/2021\/08\/theodore-zinkpe-768x960.jpg 768w, https:\/\/biscotteslitteraires.com\/2021\/wp-content\/uploads\/2021\/08\/theodore-zinkpe.jpg 864w\" sizes=\"(max-width: 240px) 100vw, 240px\" \/><\/a>\n\t\t\t<\/dt>\n\t\t\t\t<dd class='wp-caption-text gallery-caption' id='gallery-1-10154'>\n\t\t\t\tZINKPE Th\u00e9odore, Ing\u00e9nieur Informaticien\n\t\t\t\t<\/dd><\/dl><dl class='gallery-item'>\n\t\t\t<dt class='gallery-icon portrait'>\n\t\t\t\t<a data-elementor-open-lightbox=\"no\" href='https:\/\/biscotteslitteraires.com\/2021\/wp-content\/uploads\/2019\/07\/adjaho-cyriaque.jpg'><img width=\"206\" height=\"275\" src=\"https:\/\/biscotteslitteraires.com\/2021\/wp-content\/uploads\/2019\/07\/adjaho-cyriaque.jpg\" class=\"attachment-medium size-medium\" alt=\"\" loading=\"lazy\" aria-describedby=\"gallery-1-6071\" \/><\/a>\n\t\t\t<\/dt>\n\t\t\t\t<dd class='wp-caption-text gallery-caption' id='gallery-1-6071'>\n\t\t\t\tADJAHO A. Cyriaque, El\u00e8ve-professeur en philo, com\u00e9dien\n\t\t\t\t<\/dd><\/dl><dl class='gallery-item'>\n\t\t\t<dt class='gallery-icon portrait'>\n\t\t\t\t<a data-elementor-open-lightbox=\"no\" href='https:\/\/biscotteslitteraires.com\/2021\/wp-content\/uploads\/2021\/08\/amoni-bachola.jpg'><img width=\"300\" height=\"300\" src=\"https:\/\/biscotteslitteraires.com\/2021\/wp-content\/uploads\/2021\/08\/amoni-bachola-300x300.jpg\" class=\"attachment-medium size-medium\" alt=\"\" loading=\"lazy\" aria-describedby=\"gallery-1-10160\" srcset=\"https:\/\/biscotteslitteraires.com\/2021\/wp-content\/uploads\/2021\/08\/amoni-bachola-300x300.jpg 300w, https:\/\/biscotteslitteraires.com\/2021\/wp-content\/uploads\/2021\/08\/amoni-bachola-1022x1024.jpg 1022w, https:\/\/biscotteslitteraires.com\/2021\/wp-content\/uploads\/2021\/08\/amoni-bachola-150x150.jpg 150w, https:\/\/biscotteslitteraires.com\/2021\/wp-content\/uploads\/2021\/08\/amoni-bachola-768x769.jpg 768w, https:\/\/biscotteslitteraires.com\/2021\/wp-content\/uploads\/2021\/08\/amoni-bachola.jpg 1151w\" sizes=\"(max-width: 300px) 100vw, 300px\" \/><\/a>\n\t\t\t<\/dt>\n\t\t\t\t<dd class='wp-caption-text gallery-caption' id='gallery-1-10160'>\n\t\t\t\tBACHOLA Amoni\n\t\t\t\t<\/dd><\/dl><br style=\"clear: both\" \/><dl class='gallery-item'>\n\t\t\t<dt class='gallery-icon landscape'>\n\t\t\t\t<a data-elementor-open-lightbox=\"no\" href='https:\/\/biscotteslitteraires.com\/2021\/wp-content\/uploads\/2021\/08\/claude-oboe.jpg'><img width=\"300\" height=\"300\" src=\"https:\/\/biscotteslitteraires.com\/2021\/wp-content\/uploads\/2021\/08\/claude-oboe-300x300.jpg\" class=\"attachment-medium size-medium\" alt=\"\" loading=\"lazy\" aria-describedby=\"gallery-1-10161\" srcset=\"https:\/\/biscotteslitteraires.com\/2021\/wp-content\/uploads\/2021\/08\/claude-oboe-300x300.jpg 300w, https:\/\/biscotteslitteraires.com\/2021\/wp-content\/uploads\/2021\/08\/claude-oboe-150x150.jpg 150w, https:\/\/biscotteslitteraires.com\/2021\/wp-content\/uploads\/2021\/08\/claude-oboe.jpg 720w\" sizes=\"(max-width: 300px) 100vw, 300px\" \/><\/a>\n\t\t\t<\/dt>\n\t\t\t\t<dd class='wp-caption-text gallery-caption' id='gallery-1-10161'>\n\t\t\t\tOBOE Kouassi Claude, Professeur de fran\u00e7ais au Coll\u00e8ge Catholique Saint Michel, Ecrivain\n\t\t\t\t<\/dd><\/dl>\n\t\t\t<br style='clear: both' \/>\n\t\t<\/div>\n\t\t<\/div>\n\t\t\t\t<\/div>\n\t\t\t\t<\/div>\n\t\t\t\t\t\t<\/div>\n\t\t\t\t\t<\/div>\n\t\t<\/div>\n\t\t\t\t\t\t\t\t<\/div>\n\t\t\t\t\t<\/div>\n\t\t<\/section>\n\t\t\t\t\t\t<\/div>\n\t\t\t\t\t\t<\/div>\n\t\t\t\t\t<\/div>\n\t\t","protected":false},"excerpt":{"rendered":"<p>A propos de nous A la d\u00e9couverte de ces personnes qui ont lanc\u00e9 l&rsquo;aventure Biscottes Litt\u00e9raires. Contexte de r\u00e9alisation et motivation L\u2019Afrique en g\u00e9n\u00e9ral et le B\u00e9nin en particulier dispose d\u2019une richesse litt\u00e9raire infinie et dont la grande majorit\u00e9 reste inexploit\u00e9e dans son ensemble. Force est de constater qu\u2019une grande majorit\u00e9 des jeunes internautes se [&hellip;]<\/p>\n","protected":false},"author":1,"featured_media":10172,"parent":0,"menu_order":0,"comment_status":"closed","ping_status":"closed","template":"","meta":[],"yoast_head":"<!-- This site is optimized with the Yoast SEO plugin v19.0 - https:\/\/yoast.com\/wordpress\/plugins\/seo\/ -->\n<title>A propos de nous - Biscottes Litt\u00e9raires<\/title>\n<meta name=\"robots\" content=\"index, follow, max-snippet:-1, max-image-preview:large, max-video-preview:-1\" \/>\n<link rel=\"canonical\" href=\"https:\/\/biscotteslitteraires.com\/2021\/a-propos-de-nous\/\" \/>\n<meta property=\"og:locale\" content=\"fr_FR\" \/>\n<meta property=\"og:type\" content=\"article\" \/>\n<meta property=\"og:title\" content=\"A propos de nous - Biscottes Litt\u00e9raires\" \/>\n<meta property=\"og:description\" content=\"A propos de nous A la d\u00e9couverte de ces personnes qui ont lanc\u00e9 l&rsquo;aventure Biscottes Litt\u00e9raires. Contexte de r\u00e9alisation et motivation L\u2019Afrique en g\u00e9n\u00e9ral et le B\u00e9nin en particulier dispose d\u2019une richesse litt\u00e9raire infinie et dont la grande majorit\u00e9 reste inexploit\u00e9e dans son ensemble. Force est de constater qu\u2019une grande majorit\u00e9 des jeunes internautes se [&hellip;]\" \/>\n<meta property=\"og:url\" content=\"https:\/\/biscotteslitteraires.com\/2021\/a-propos-de-nous\/\" \/>\n<meta property=\"og:site_name\" content=\"Biscottes Litt\u00e9raires\" \/>\n<meta property=\"article:publisher\" content=\"https:\/\/facebook.com\/biscotteslitterairesbenin\" \/>\n<meta property=\"article:modified_time\" content=\"2021-08-26T23:12:06+00:00\" \/>\n<meta property=\"og:image\" content=\"https:\/\/biscotteslitteraires.com\/2021\/wp-content\/uploads\/2021\/08\/partage-biscottes-litteraires.jpg\" \/>\n\t<meta property=\"og:image:width\" content=\"1920\" \/>\n\t<meta property=\"og:image:height\" content=\"1440\" \/>\n\t<meta property=\"og:image:type\" content=\"image\/jpeg\" \/>\n<meta name=\"twitter:card\" content=\"summary\" \/>\n<meta name=\"twitter:label1\" content=\"Dur\u00e9e de lecture estim\u00e9e\" \/>\n\t<meta name=\"twitter:data1\" content=\"2 minutes\" \/>\n<script type=\"application\/ld+json\" class=\"yoast-schema-graph\">{\"@context\":\"https:\/\/schema.org\",\"@graph\":[{\"@type\":\"Organization\",\"@id\":\"https:\/\/biscotteslitteraires.com\/2021\/#organization\",\"name\":\"Biscottes Litt\u00e9raires\",\"url\":\"https:\/\/biscotteslitteraires.com\/2021\/\",\"sameAs\":[\"https:\/\/facebook.com\/biscotteslitterairesbenin\"],\"logo\":{\"@type\":\"ImageObject\",\"inLanguage\":\"fr-FR\",\"@id\":\"https:\/\/biscotteslitteraires.com\/2021\/#\/schema\/logo\/image\/\",\"url\":\"https:\/\/biscotteslitteraires.com\/2021\/wp-content\/uploads\/2018\/11\/cropped-LOGO-BL-e1630101307137.jpg\",\"contentUrl\":\"https:\/\/biscotteslitteraires.com\/2021\/wp-content\/uploads\/2018\/11\/cropped-LOGO-BL-e1630101307137.jpg\",\"width\":960,\"height\":960,\"caption\":\"Biscottes Litt\u00e9raires\"},\"image\":{\"@id\":\"https:\/\/biscotteslitteraires.com\/2021\/#\/schema\/logo\/image\/\"}},{\"@type\":\"WebSite\",\"@id\":\"https:\/\/biscotteslitteraires.com\/2021\/#website\",\"url\":\"https:\/\/biscotteslitteraires.com\/2021\/\",\"name\":\"Biscottes Litt\u00e9raires\",\"description\":\"Ici nous voyagerons dans les lignes, explorerons les interlignes.\",\"publisher\":{\"@id\":\"https:\/\/biscotteslitteraires.com\/2021\/#organization\"},\"potentialAction\":[{\"@type\":\"SearchAction\",\"target\":{\"@type\":\"EntryPoint\",\"urlTemplate\":\"https:\/\/biscotteslitteraires.com\/2021\/?s={search_term_string}\"},\"query-input\":\"required name=search_term_string\"}],\"inLanguage\":\"fr-FR\"},{\"@type\":\"ImageObject\",\"inLanguage\":\"fr-FR\",\"@id\":\"https:\/\/biscotteslitteraires.com\/2021\/a-propos-de-nous\/#primaryimage\",\"url\":\"https:\/\/biscotteslitteraires.com\/2021\/wp-content\/uploads\/2021\/08\/partage-biscottes-litteraires.jpg\",\"contentUrl\":\"https:\/\/biscotteslitteraires.com\/2021\/wp-content\/uploads\/2021\/08\/partage-biscottes-litteraires.jpg\",\"width\":1920,\"height\":1440},{\"@type\":\"WebPage\",\"@id\":\"https:\/\/biscotteslitteraires.com\/2021\/a-propos-de-nous\/#webpage\",\"url\":\"https:\/\/biscotteslitteraires.com\/2021\/a-propos-de-nous\/\",\"name\":\"A propos de nous - Biscottes Litt\u00e9raires\",\"isPartOf\":{\"@id\":\"https:\/\/biscotteslitteraires.com\/2021\/#website\"},\"primaryImageOfPage\":{\"@id\":\"https:\/\/biscotteslitteraires.com\/2021\/a-propos-de-nous\/#primaryimage\"},\"datePublished\":\"2017-04-03T13:56:13+00:00\",\"dateModified\":\"2021-08-26T23:12:06+00:00\",\"breadcrumb\":{\"@id\":\"https:\/\/biscotteslitteraires.com\/2021\/a-propos-de-nous\/#breadcrumb\"},\"inLanguage\":\"fr-FR\",\"potentialAction\":[{\"@type\":\"ReadAction\",\"target\":[\"https:\/\/biscotteslitteraires.com\/2021\/a-propos-de-nous\/\"]}]},{\"@type\":\"BreadcrumbList\",\"@id\":\"https:\/\/biscotteslitteraires.com\/2021\/a-propos-de-nous\/#breadcrumb\",\"itemListElement\":[{\"@type\":\"ListItem\",\"position\":1,\"name\":\"Accueil\",\"item\":\"https:\/\/biscotteslitteraires.com\/2021\/\"},{\"@type\":\"ListItem\",\"position\":2,\"name\":\"A propos de nous\"}]}]}<\/script>\n<!-- \/ Yoast SEO plugin. -->","yoast_head_json":{"title":"A propos de nous - Biscottes Litt\u00e9raires","robots":{"index":"index","follow":"follow","max-snippet":"max-snippet:-1","max-image-preview":"max-image-preview:large","max-video-preview":"max-video-preview:-1"},"canonical":"https:\/\/biscotteslitteraires.com\/2021\/a-propos-de-nous\/","og_locale":"fr_FR","og_type":"article","og_title":"A propos de nous - Biscottes Litt\u00e9raires","og_description":"A propos de nous A la d\u00e9couverte de ces personnes qui ont lanc\u00e9 l&rsquo;aventure Biscottes Litt\u00e9raires. Contexte de r\u00e9alisation et motivation L\u2019Afrique en g\u00e9n\u00e9ral et le B\u00e9nin en particulier dispose d\u2019une richesse litt\u00e9raire infinie et dont la grande majorit\u00e9 reste inexploit\u00e9e dans son ensemble. Force est de constater qu\u2019une grande majorit\u00e9 des jeunes internautes se [&hellip;]","og_url":"https:\/\/biscotteslitteraires.com\/2021\/a-propos-de-nous\/","og_site_name":"Biscottes Litt\u00e9raires","article_publisher":"https:\/\/facebook.com\/biscotteslitterairesbenin","article_modified_time":"2021-08-26T23:12:06+00:00","og_image":[{"width":1920,"height":1440,"url":"https:\/\/biscotteslitteraires.com\/2021\/wp-content\/uploads\/2021\/08\/partage-biscottes-litteraires.jpg","type":"image\/jpeg"}],"twitter_card":"summary","twitter_misc":{"Dur\u00e9e de lecture estim\u00e9e":"2 minutes"},"schema":{"@context":"https:\/\/schema.org","@graph":[{"@type":"Organization","@id":"https:\/\/biscotteslitteraires.com\/2021\/#organization","name":"Biscottes Litt\u00e9raires","url":"https:\/\/biscotteslitteraires.com\/2021\/","sameAs":["https:\/\/facebook.com\/biscotteslitterairesbenin"],"logo":{"@type":"ImageObject","inLanguage":"fr-FR","@id":"https:\/\/biscotteslitteraires.com\/2021\/#\/schema\/logo\/image\/","url":"https:\/\/biscotteslitteraires.com\/2021\/wp-content\/uploads\/2018\/11\/cropped-LOGO-BL-e1630101307137.jpg","contentUrl":"https:\/\/biscotteslitteraires.com\/2021\/wp-content\/uploads\/2018\/11\/cropped-LOGO-BL-e1630101307137.jpg","width":960,"height":960,"caption":"Biscottes Litt\u00e9raires"},"image":{"@id":"https:\/\/biscotteslitteraires.com\/2021\/#\/schema\/logo\/image\/"}},{"@type":"WebSite","@id":"https:\/\/biscotteslitteraires.com\/2021\/#website","url":"https:\/\/biscotteslitteraires.com\/2021\/","name":"Biscottes Litt\u00e9raires","description":"Ici nous voyagerons dans les lignes, explorerons les interlignes.","publisher":{"@id":"https:\/\/biscotteslitteraires.com\/2021\/#organization"},"potentialAction":[{"@type":"SearchAction","target":{"@type":"EntryPoint","urlTemplate":"https:\/\/biscotteslitteraires.com\/2021\/?s={search_term_string}"},"query-input":"required name=search_term_string"}],"inLanguage":"fr-FR"},{"@type":"ImageObject","inLanguage":"fr-FR","@id":"https:\/\/biscotteslitteraires.com\/2021\/a-propos-de-nous\/#primaryimage","url":"https:\/\/biscotteslitteraires.com\/2021\/wp-content\/uploads\/2021\/08\/partage-biscottes-litteraires.jpg","contentUrl":"https:\/\/biscotteslitteraires.com\/2021\/wp-content\/uploads\/2021\/08\/partage-biscottes-litteraires.jpg","width":1920,"height":1440},{"@type":"WebPage","@id":"https:\/\/biscotteslitteraires.com\/2021\/a-propos-de-nous\/#webpage","url":"https:\/\/biscotteslitteraires.com\/2021\/a-propos-de-nous\/","name":"A propos de nous - Biscottes Litt\u00e9raires","isPartOf":{"@id":"https:\/\/biscotteslitteraires.com\/2021\/#website"},"primaryImageOfPage":{"@id":"https:\/\/biscotteslitteraires.com\/2021\/a-propos-de-nous\/#primaryimage"},"datePublished":"2017-04-03T13:56:13+00:00","dateModified":"2021-08-26T23:12:06+00:00","breadcrumb":{"@id":"https:\/\/biscotteslitteraires.com\/2021\/a-propos-de-nous\/#breadcrumb"},"inLanguage":"fr-FR","potentialAction":[{"@type":"ReadAction","target":["https:\/\/biscotteslitteraires.com\/2021\/a-propos-de-nous\/"]}]},{"@type":"BreadcrumbList","@id":"https:\/\/biscotteslitteraires.com\/2021\/a-propos-de-nous\/#breadcrumb","itemListElement":[{"@type":"ListItem","position":1,"name":"Accueil","item":"https:\/\/biscotteslitteraires.com\/2021\/"},{"@type":"ListItem","position":2,"name":"A propos de nous"}]}]}},"_links":{"self":[{"href":"https:\/\/biscotteslitteraires.com\/2021\/wp-json\/wp\/v2\/pages\/35"}],"collection":[{"href":"https:\/\/biscotteslitteraires.com\/2021\/wp-json\/wp\/v2\/pages"}],"about":[{"href":"https:\/\/biscotteslitteraires.com\/2021\/wp-json\/wp\/v2\/types\/page"}],"author":[{"embeddable":true,"href":"https:\/\/biscotteslitteraires.com\/2021\/wp-json\/wp\/v2\/users\/1"}],"replies":[{"embeddable":true,"href":"https:\/\/biscotteslitteraires.com\/2021\/wp-json\/wp\/v2\/comments?post=35"}],"version-history":[{"count":31,"href":"https:\/\/biscotteslitteraires.com\/2021\/wp-json\/wp\/v2\/pages\/35\/revisions"}],"predecessor-version":[{"id":10170,"href":"https:\/\/biscotteslitteraires.com\/2021\/wp-json\/wp\/v2\/pages\/35\/revisions\/10170"}],"wp:featuredmedia":[{"embeddable":true,"href":"https:\/\/biscotteslitteraires.com\/2021\/wp-json\/wp\/v2\/media\/10172"}],"wp:attachment":[{"href":"https:\/\/biscotteslitteraires.com\/2021\/wp-json\/wp\/v2\/media?parent=35"}],"curies":[{"name":"wp","href":"https:\/\/api.w.org\/{rel}","templated":true}]}}